{"id":19591,"date":"2025-07-25T11:11:00","date_gmt":"2025-07-25T11:11:00","guid":{"rendered":"https:\/\/boreait.com\/hr\/?post_type=product&#038;p=19591"},"modified":"2026-01-07T13:55:15","modified_gmt":"2026-01-07T13:55:15","slug":"dell-latitude-e5440-lijevi-i-desni-set-unutarnjih-zvucnika-tcn2t-0tcn2t-cn-0tcn2t-2","status":"publish","type":"product","link":"https:\/\/boreait.com\/hr\/product\/dell-latitude-e5440-lijevi-i-desni-set-unutarnjih-zvucnika-tcn2t-0tcn2t-cn-0tcn2t-2\/","title":{"rendered":"Dell Latitude E5440 lijevi i desni set unutarnjih zvu\u010dnika TCN2T 0TCN2T CN-0TCN2T"},"content":{"rendered":"<p>Unaprijedite svoje audio iskustvo uz Dell Latitude E5440 Left &amp; Set desnih unutarnjih zvu\u010dnika TCN2T 0TCN2T CN-0TCN2T. Dizajniran da pobolj\u0161a kvalitetu zvuka va\u0161eg prijenosnog ra\u010dunala, ovaj originalni set zvu\u010dnika pru\u017ea jasan i \u017eivahan zvuk, \u010dine\u0107i da va\u0161 multimedijski sadr\u017eaj o\u017eivi.<\/p>\n<p>U\u017eivate li u filmovima, glazbi ili sudjelujete u videopozivima, ovi zvu\u010dnici nude uravnote\u017een i dinami\u010dan audio izlaz. Konfiguracija lijevog i desnog zvu\u010dnika osigurava puni spektar zvuka, precizno hvataju\u0107i svaki detalj va\u0161eg audio sadr\u017eaja.<\/p>\n<p>Instalacija je laka jer je ovaj set zvu\u010dnika skrojen tako da se neprimjetno uklapa u va\u0161e prijenosno ra\u010dunalo Dell Latitude E5440. Paket uklju\u010duje i lijeve i desne zvu\u010dnike, jam\u010de\u0107i dosljednu audio izvedbu u cijelom stereo spektru.<\/p>\n<p>Nadogradite zvu\u010dne mogu\u0107nosti svog prijenosnog ra\u010dunala s Dell Latitude E5440 Left &amp; Set desnih unutarnjih zvu\u010dnika TCN2T 0TCN2T CN-0TCN2T. Uronite u bogatu kvalitetu zvuka koja dodaje novu dimenziju va\u0161em iskustvu zabave i komunikacije.<\/p>\n","protected":false},"excerpt":{"rendered":"<p>Pobolj\u0161ajte svoj zvuk uz Dell Latitude E5440 Left &amp; Set desnih unutarnjih zvu\u010dnika TCN2T 0TCN2T CN-0TCN2T. U\u017eivajte u dinami\u010dnom zvuku za filmove, glazbu i pozive.<\/p>\n","protected":false},"featured_media":19649,"template":"","meta":[],"product_brand":[],"product_cat":[53],"product_tag":[52],"class_list":{"0":"post-19591","1":"product","2":"type-product","3":"status-publish","4":"has-post-thumbnail","6":"product_cat-laptop-speakers","7":"product_tag-dell","9":"first","10":"instock","11":"taxable","12":"shipping-taxable","13":"purchasable","14":"product-type-simple"},"_links":{"self":[{"href":"https:\/\/boreait.com\/hr\/wp-json\/wp\/v2\/product\/19591","targetHints":{"allow":["GET"]}}],"collection":[{"href":"https:\/\/boreait.com\/hr\/wp-json\/wp\/v2\/product"}],"about":[{"href":"https:\/\/boreait.com\/hr\/wp-json\/wp\/v2\/types\/product"}],"wp:featuredmedia":[{"embeddable":true,"href":"https:\/\/boreait.com\/hr\/wp-json\/wp\/v2\/media\/19649"}],"wp:attachment":[{"href":"https:\/\/boreait.com\/hr\/wp-json\/wp\/v2\/media?parent=19591"}],"wp:term":[{"taxonomy":"product_brand","embeddable":true,"href":"https:\/\/boreait.com\/hr\/wp-json\/wp\/v2\/product_brand?post=19591"},{"taxonomy":"product_cat","embeddable":true,"href":"https:\/\/boreait.com\/hr\/wp-json\/wp\/v2\/product_cat?post=19591"},{"taxonomy":"product_tag","embeddable":true,"href":"https:\/\/boreait.com\/hr\/wp-json\/wp\/v2\/product_tag?post=19591"}],"curies":[{"name":"wp","href":"https:\/\/api.w.org\/{rel}","templated":true}]}}