{"id":19573,"date":"2025-07-25T11:10:34","date_gmt":"2025-07-25T11:10:34","guid":{"rendered":"https:\/\/boreait.com\/hr\/?post_type=product&#038;p=19573"},"modified":"2025-07-25T11:11:58","modified_gmt":"2025-07-25T11:11:58","slug":"tipkovnica-hp-elitebook-8440p-s-pozadinskim-osvjetljenjem-tipke-ls-4904p-rf-nbx0000g700","status":"publish","type":"product","link":"https:\/\/boreait.com\/hr\/product\/tipkovnica-hp-elitebook-8440p-s-pozadinskim-osvjetljenjem-tipke-ls-4904p-rf-nbx0000g700\/","title":{"rendered":"Tipkovnica HP EliteBook 8440P s pozadinskim osvjetljenjem tipke LS-4904P (RF) NBX0000G700"},"content":{"rendered":"<p>Pobolj\u0161ajte funkcionalnost i prakti\u010dnost svog prijenosnog ra\u010dunala HP EliteBook 8440P s gumbom s pozadinskim osvjetljenjem tipkovnice HP EliteBook 8440P LS-4904P (RF) NBX0000G700. Ovaj originalni zamjenski dio nudi besprijekorno rje\u0161enje za vra\u0107anje ili nadogradnju zna\u010dajke pozadinskog osvjetljenja tipkovnice va\u0161eg prijenosnog ra\u010dunala.<\/p>\n<p>Precizno dizajniran i pridr\u017eavaju\u0107i se strogih standarda kvalitete, gumb s pozadinskim osvjetljenjem tipkovnice HP EliteBook 8440P LS-4904P (RF) NBX0000G700 osigurava da se funkcija tipkovnice s pozadinskim osvjetljenjem va\u0161eg prijenosnog ra\u010dunala vrati u \u017eivot. Ovaj gumb omogu\u0107uje vam da bez napora upravljate pozadinskim osvjetljenjem tipkovnice, dodaju\u0107i prakti\u010dnost i stil va\u0161em iskustvu rada s ra\u010dunalom.<\/p>\n<p>Zamjena gumba s pozadinskim osvjetljenjem jednostavan je postupak prikladan i za tehni\u010dke stru\u010dnjake i za entuzijaste &#8220;uradi sam&#8221;. Uz HP EliteBook 8440P gumb s pozadinskim osvjetljenjem tipkovnice LS-4904P (RF) NBX0000G700, mo\u017eete u\u017eivati u prednostima dobro osvijetljene tipkovnice, olak\u0161avaju\u0107i rad u slabo osvijetljenim okru\u017eenjima ili dodaju\u0107i da\u0161ak elegancije va\u0161em prijenosnom ra\u010dunalu.<\/p>\n<p>Unapredite estetiku i korisni\u010dko iskustvo svog prijenosnog ra\u010dunala odabirom HP EliteBook 8440P gumba s pozadinskim osvjetljenjem tipkovnice LS-4904P (RF) NBX0000G700. U\u017eivajte u besprijekornoj kontroli nad svojom tipkovnicom s pozadinskim osvjetljenjem i optimizirajte svoju produktivnost.<\/p>\n<p>Prije kupnje provjerite kompatibilnost s modelom HP EliteBook 8440P.v<\/p>\n","protected":false},"excerpt":{"rendered":"<p>Nadogradite tipkovnicu svog prijenosnog ra\u010dunala HP EliteBook 8440P tipkovnicom s pozadinskim osvjetljenjem tipkovnice HP EliteBook 8440P LS-4904P (RF) NBX0000G700. Ovaj originalni zamjenski dio vra\u0107a prakti\u010dnost tipkovnice s pozadinskim osvjetljenjem, pobolj\u0161avaju\u0107i i funkcionalnost i estetiku.<\/p>\n","protected":false},"featured_media":19630,"template":"","meta":[],"product_brand":[],"product_cat":[62],"product_tag":[60],"class_list":{"0":"post-19573","1":"product","2":"type-product","3":"status-publish","4":"has-post-thumbnail","6":"product_cat-motherboards-board-parts","7":"product_tag-hp","9":"first","10":"instock","11":"taxable","12":"shipping-taxable","13":"purchasable","14":"product-type-simple"},"_links":{"self":[{"href":"https:\/\/boreait.com\/hr\/wp-json\/wp\/v2\/product\/19573","targetHints":{"allow":["GET"]}}],"collection":[{"href":"https:\/\/boreait.com\/hr\/wp-json\/wp\/v2\/product"}],"about":[{"href":"https:\/\/boreait.com\/hr\/wp-json\/wp\/v2\/types\/product"}],"wp:featuredmedia":[{"embeddable":true,"href":"https:\/\/boreait.com\/hr\/wp-json\/wp\/v2\/media\/19630"}],"wp:attachment":[{"href":"https:\/\/boreait.com\/hr\/wp-json\/wp\/v2\/media?parent=19573"}],"wp:term":[{"taxonomy":"product_brand","embeddable":true,"href":"https:\/\/boreait.com\/hr\/wp-json\/wp\/v2\/product_brand?post=19573"},{"taxonomy":"product_cat","embeddable":true,"href":"https:\/\/boreait.com\/hr\/wp-json\/wp\/v2\/product_cat?post=19573"},{"taxonomy":"product_tag","embeddable":true,"href":"https:\/\/boreait.com\/hr\/wp-json\/wp\/v2\/product_tag?post=19573"}],"curies":[{"name":"wp","href":"https:\/\/api.w.org\/{rel}","templated":true}]}}