{"id":19563,"date":"2025-07-25T11:10:14","date_gmt":"2025-07-25T11:10:14","guid":{"rendered":"https:\/\/boreait.com\/hr\/?post_type=product&#038;p=19563"},"modified":"2026-01-07T13:53:47","modified_gmt":"2026-01-07T13:53:47","slug":"dell-latitude-e6410-ploca-s-gumbom-za-ukljucivanje-kabel-cn-a09b26-ls-5471p","status":"publish","type":"product","link":"https:\/\/boreait.com\/hr\/product\/dell-latitude-e6410-ploca-s-gumbom-za-ukljucivanje-kabel-cn-a09b26-ls-5471p\/","title":{"rendered":"Dell Latitude E6410 plo\u010da s gumbom za uklju\u010divanje + kabel CN-A09b26 LS-5471P"},"content":{"rendered":"<p>Revitalizirajte funkciju tipke za uklju\u010divanje prijenosnog ra\u010dunala Dell Latitude E6410 s Dell Latitude E6410 tipkom za uklju\u010divanje + kabelom CN-A09B26 LS-5471P. Ovaj originalni zamjenski dio osmi\u0161ljen je za vra\u0107anje besprijekorne kontrole napajanja na va\u0161e prijenosno ra\u010dunalo, osiguravaju\u0107i njegov najbolji rad.<\/p>\n<p>Precizno izra\u0111ena i napravljena da zadovolji stroge standarde kvalitete, Dell Latitude E6410 plo\u010da s gumbom za uklju\u010divanje + kabel CN-A09B26 LS-5471P nudi pouzdano rje\u0161enje za probleme vezane uz gumb za uklju\u010divanje. Prilo\u017eeni kabel osigurava sigurnu vezu s mati\u010dnom plo\u010dom va\u0161eg prijenosnog ra\u010dunala, omogu\u0107uju\u0107i vam da bez napora uklju\u010dite ili isklju\u010dite svoj ure\u0111aj.<\/p>\n<p>Zamjena plo\u010de s tipkom za uklju\u010divanje Dell Latitude E6410 plo\u010dom s tipkom za uklju\u010divanje + kabel CN-A09B26 LS-5471P jednostavan je postupak, prikladan i za profesionalne tehni\u010dare i za entuzijaste &#8220;uradi sam&#8221;. Odabirom ovog originalnog Dell zamjenskog dijela, zadr\u017eavate izvorni dizajn i funkcionalnost svog prijenosnog ra\u010dunala.<\/p>\n<p>Pobolj\u0161ajte upotrebljivost svog prijenosnog ra\u010dunala Dell Latitude E6410 zamjenom istro\u0161ene ili neispravne plo\u010de s gumbom za uklju\u010divanje\/isklju\u010divanje Dell Latitude E6410 plo\u010dom s gumbom za uklju\u010divanje\/isklju\u010divanje + kabel CN-A09B26 LS-5471P. U\u017eivajte u pouzdanoj kontroli napajanja i obnovite glatke performanse prijenosnog ra\u010dunala.<\/p>\n<p>Prije kupnje provjerite kompatibilnost s modelom Dell Latitude E6410.<\/p>\n","protected":false},"excerpt":{"rendered":"<p>Vratite besprijekornu kontrolu napajanja na svoje prijenosno ra\u010dunalo Dell Latitude E6410 s Dell Latitude E6410 plo\u010dom gumba za napajanje + kabelom CN-A09B26 LS-5471P. Ovaj zamjenski dio osigurava pouzdane operacije napajanja i jednostavnu instalaciju, vra\u0107aju\u0107i besprijekorne performanse va\u0161em prijenosnom ra\u010dunalu.<\/p>\n","protected":false},"featured_media":19629,"template":"","meta":[],"product_brand":[],"product_cat":[62],"product_tag":[52],"class_list":{"0":"post-19563","1":"product","2":"type-product","3":"status-publish","4":"has-post-thumbnail","6":"product_cat-motherboards-board-parts","7":"product_tag-dell","9":"first","10":"instock","11":"taxable","12":"shipping-taxable","13":"purchasable","14":"product-type-simple"},"_links":{"self":[{"href":"https:\/\/boreait.com\/hr\/wp-json\/wp\/v2\/product\/19563","targetHints":{"allow":["GET"]}}],"collection":[{"href":"https:\/\/boreait.com\/hr\/wp-json\/wp\/v2\/product"}],"about":[{"href":"https:\/\/boreait.com\/hr\/wp-json\/wp\/v2\/types\/product"}],"wp:featuredmedia":[{"embeddable":true,"href":"https:\/\/boreait.com\/hr\/wp-json\/wp\/v2\/media\/19629"}],"wp:attachment":[{"href":"https:\/\/boreait.com\/hr\/wp-json\/wp\/v2\/media?parent=19563"}],"wp:term":[{"taxonomy":"product_brand","embeddable":true,"href":"https:\/\/boreait.com\/hr\/wp-json\/wp\/v2\/product_brand?post=19563"},{"taxonomy":"product_cat","embeddable":true,"href":"https:\/\/boreait.com\/hr\/wp-json\/wp\/v2\/product_cat?post=19563"},{"taxonomy":"product_tag","embeddable":true,"href":"https:\/\/boreait.com\/hr\/wp-json\/wp\/v2\/product_tag?post=19563"}],"curies":[{"name":"wp","href":"https:\/\/api.w.org\/{rel}","templated":true}]}}