{"id":19562,"date":"2025-07-25T11:10:13","date_gmt":"2025-07-25T11:10:13","guid":{"rendered":"https:\/\/boreait.com\/hr\/?post_type=product&#038;p=19562"},"modified":"2026-01-07T13:53:32","modified_gmt":"2026-01-07T13:53:32","slug":"ls-9635p-originalna-originalna-lenovo-dvd-led-ploca-s-kabelom-serije-g500","status":"publish","type":"product","link":"https:\/\/boreait.com\/hr\/product\/ls-9635p-originalna-originalna-lenovo-dvd-led-ploca-s-kabelom-serije-g500\/","title":{"rendered":"LS-9635P ORIGINALNA ORIGINALNA LENOVO DVD LED PLO\u010cA S KABELOM SERIJE G500"},"content":{"rendered":"<p>Nadogradite svoje prijenosno ra\u010dunalo serije Lenovo G500 s LS-9635P originalnom Lenovo DVD LED plo\u010dom s kabelom. Ovaj vrhunski zamjenski dio dizajniran je za pobolj\u0161anje DVD funkcionalnosti va\u0161eg prijenosnog ra\u010dunala, osiguravaju\u0107i besprijekornu izvedbu i optimalno korisni\u010dko iskustvo.<\/p>\n<p>Izra\u0111ena s precizno\u0161\u0107u i napravljena da zadovolji stroge standarde kvalitete, LS-9635P originalna Lenovo DVD LED plo\u010da s kabelom nudi pouzdano rje\u0161enje za probleme povezane s DVD-om. Prilo\u017eeni kabel osigurava stabilnu i sigurnu vezu s mati\u010dnom plo\u010dom va\u0161eg prijenosnog ra\u010dunala, omogu\u0107uju\u0107i vam u\u017eivanje u DVD reprodukciji, prijenosu podataka i snimanju bez muke.<\/p>\n<p>Instaliranje LS-9635P DVD LED plo\u010de s kabelom jednostavno je i jednostavno, \u0161to je \u010dini izvrsnim izborom za profesionalne tehni\u010dare i entuzijaste &#8220;uradi sam&#8221;. Odabirom ovog originalnog Lenovo zamjenskog dijela, zadr\u017eavate izvorni dizajn i funkcionalnost svog prijenosnog ra\u010dunala.<\/p>\n<p>Pove\u0107ajte upotrebljivost svog prijenosnog ra\u010dunala serije Lenovo G500 zamjenom istro\u0161ene ili neispravne DVD LED plo\u010de s LS-9635P originalnom Lenovo DVD LED plo\u010dom s kabelom. U\u017eivajte u glatkim DVD operacijama i vratite svoje prijenosno ra\u010dunalo na vrhunsku izvedbu.<\/p>\n<p>Prije kupnje provjerite kompatibilnost s modelom serije Lenovo G500.<\/p>\n","protected":false},"excerpt":{"rendered":"<p>Unaprijedite DVD funkcionalnost prijenosnog ra\u010dunala serije Lenovo G500 s originalnom LS-9635P originalnom Lenovo DVD LED plo\u010dom s kabelom. Ovaj zamjenski dio osigurava glatke DVD operacije i jednostavnu instalaciju, pobolj\u0161avaju\u0107i performanse va\u0161eg prijenosnog ra\u010dunala i korisni\u010dko iskustvo.<\/p>\n","protected":false},"featured_media":19628,"template":"","meta":[],"product_brand":[],"product_cat":[62],"product_tag":[61],"class_list":{"0":"post-19562","1":"product","2":"type-product","3":"status-publish","4":"has-post-thumbnail","6":"product_cat-motherboards-board-parts","7":"product_tag-lenovo","9":"first","10":"instock","11":"taxable","12":"shipping-taxable","13":"purchasable","14":"product-type-simple"},"_links":{"self":[{"href":"https:\/\/boreait.com\/hr\/wp-json\/wp\/v2\/product\/19562","targetHints":{"allow":["GET"]}}],"collection":[{"href":"https:\/\/boreait.com\/hr\/wp-json\/wp\/v2\/product"}],"about":[{"href":"https:\/\/boreait.com\/hr\/wp-json\/wp\/v2\/types\/product"}],"wp:featuredmedia":[{"embeddable":true,"href":"https:\/\/boreait.com\/hr\/wp-json\/wp\/v2\/media\/19628"}],"wp:attachment":[{"href":"https:\/\/boreait.com\/hr\/wp-json\/wp\/v2\/media?parent=19562"}],"wp:term":[{"taxonomy":"product_brand","embeddable":true,"href":"https:\/\/boreait.com\/hr\/wp-json\/wp\/v2\/product_brand?post=19562"},{"taxonomy":"product_cat","embeddable":true,"href":"https:\/\/boreait.com\/hr\/wp-json\/wp\/v2\/product_cat?post=19562"},{"taxonomy":"product_tag","embeddable":true,"href":"https:\/\/boreait.com\/hr\/wp-json\/wp\/v2\/product_tag?post=19562"}],"curies":[{"name":"wp","href":"https:\/\/api.w.org\/{rel}","templated":true}]}}