{"id":19560,"date":"2025-07-25T11:10:13","date_gmt":"2025-07-25T11:10:13","guid":{"rendered":"https:\/\/boreait.com\/hr\/?post_type=product&#038;p=19560"},"modified":"2025-07-25T11:11:49","modified_gmt":"2025-07-25T11:11:49","slug":"hp-probook-470-g2-powerbutton-ploca-s-kabelom-ls-b181p","status":"publish","type":"product","link":"https:\/\/boreait.com\/hr\/product\/hp-probook-470-g2-powerbutton-ploca-s-kabelom-ls-b181p\/","title":{"rendered":"HP ProBook 470 G2 Powerbutton plo\u010da s kabelom LS-B181P"},"content":{"rendered":"<p>HP ProBook 470 G2 plo\u010da gumba za uklju\u010divanje s kabelom LS-B181P klju\u010dna je komponenta dizajnirana kako bi osigurala nesmetano i pouzdano funkcioniranje gumba za uklju\u010divanje va\u0161eg prijenosnog ra\u010dunala. Ova visokokvalitetna plo\u010da i sklop kabela osigurava besprijekornu vezu izme\u0111u gumba za napajanje i mati\u010dne plo\u010de, omogu\u0107uju\u0107i vam da s lako\u0107om uklju\u010dite ili isklju\u010dite svoj HP ProBook 470 G2.<\/p>\n<p>Izra\u0111ena s precizno\u0161\u0107u i pa\u017enjom za detalje, HP ProBook 470 G2 plo\u010da s gumbom za uklju\u010divanje s kabelom LS-B181P projektirana je da se neprimjetno uklapa u arhitekturu prijenosnog ra\u010dunala. Dolazi s namjenskim kabelom koji osigurava pouzdanu i brzu vezu, omogu\u0107uju\u0107i vam da bez napora kontrolirate funkcije napajanja va\u0161eg prijenosnog ra\u010dunala.<\/p>\n<p>Instaliranje HP ProBook 470 G2 plo\u010de gumba za uklju\u010divanje s kabelom LS-B181P jednostavan je postupak, zahvaljuju\u0107i dizajnu prilago\u0111enom korisniku. Osigurajte stalnu izvedbu svog HP ProBook 470 G2 nadogradnjom s originalnom HP ProBook 470 G2 plo\u010dom gumba za napajanje s kabelom LS-B181P. S ovom bitnom komponentom mo\u017eete pouzdano uklju\u010diti ili isklju\u010diti svoje prijenosno ra\u010dunalo bez ikakvih problema.<\/p>\n<p>Prije kupnje provjerite kompatibilnost sa svojim modelom HP ProBook 470 G2.<\/p>\n","protected":false},"excerpt":{"rendered":"<p>Vratite besprijekornu funkciju gumba za uklju\u010divanje\/isklju\u010divanje na svoj HP ProBook 470 G2 s originalnom HP ProBook 470 G2 plo\u010dom gumba za uklju\u010divanje\/isklju\u010divanje s kabelom LS-B181P. Dizajniran za jednostavnu instalaciju, ovaj sklop plo\u010de i kabela osigurava pouzdanu vezu izme\u0111u gumba za uklju\u010divanje i mati\u010dne plo\u010de.<\/p>\n","protected":false},"featured_media":19626,"template":"","meta":[],"product_brand":[],"product_cat":[62],"product_tag":[60],"class_list":{"0":"post-19560","1":"product","2":"type-product","3":"status-publish","4":"has-post-thumbnail","6":"product_cat-motherboards-board-parts","7":"product_tag-hp","9":"first","10":"instock","11":"taxable","12":"shipping-taxable","13":"purchasable","14":"product-type-simple"},"_links":{"self":[{"href":"https:\/\/boreait.com\/hr\/wp-json\/wp\/v2\/product\/19560","targetHints":{"allow":["GET"]}}],"collection":[{"href":"https:\/\/boreait.com\/hr\/wp-json\/wp\/v2\/product"}],"about":[{"href":"https:\/\/boreait.com\/hr\/wp-json\/wp\/v2\/types\/product"}],"wp:featuredmedia":[{"embeddable":true,"href":"https:\/\/boreait.com\/hr\/wp-json\/wp\/v2\/media\/19626"}],"wp:attachment":[{"href":"https:\/\/boreait.com\/hr\/wp-json\/wp\/v2\/media?parent=19560"}],"wp:term":[{"taxonomy":"product_brand","embeddable":true,"href":"https:\/\/boreait.com\/hr\/wp-json\/wp\/v2\/product_brand?post=19560"},{"taxonomy":"product_cat","embeddable":true,"href":"https:\/\/boreait.com\/hr\/wp-json\/wp\/v2\/product_cat?post=19560"},{"taxonomy":"product_tag","embeddable":true,"href":"https:\/\/boreait.com\/hr\/wp-json\/wp\/v2\/product_tag?post=19560"}],"curies":[{"name":"wp","href":"https:\/\/api.w.org\/{rel}","templated":true}]}}