{"id":19559,"date":"2025-07-25T11:10:13","date_gmt":"2025-07-25T11:10:13","guid":{"rendered":"https:\/\/boreait.com\/hr\/?post_type=product&#038;p=19559"},"modified":"2026-01-07T13:52:57","modified_gmt":"2026-01-07T13:52:57","slug":"ls-a971p-originalna-ploca-dell-sim-kartice-s-kabelom-latitude-e7250-p22s","status":"publish","type":"product","link":"https:\/\/boreait.com\/hr\/product\/ls-a971p-originalna-ploca-dell-sim-kartice-s-kabelom-latitude-e7250-p22s\/","title":{"rendered":"LS-A971P ORIGINALNA PLO\u010cA DELL SIM KARTICE S KABELOM LATITUDE E7250 P22S"},"content":{"rendered":"<p>Originalna plo\u010da Dell SIM kartice s kabelom LS-A971P vitalna je komponenta dizajnirana za pobolj\u0161anje mogu\u0107nosti povezivanja va\u0161eg prijenosnog ra\u010dunala Dell Latitude E7250. Ova visokokvalitetna plo\u010da SIM kartice i sklop kabela omogu\u0107uje vam neprimjetno integriranje mobilne \u0161irokopojasne funkcionalnosti u va\u0161e prijenosno ra\u010dunalo, daju\u0107i vam slobodu da ostanete povezani dok ste u pokretu.<\/p>\n<p>Originalna plo\u010da Dell SIM kartice s kabelom LS-A971P projektirana je tako da savr\u0161eno pristaje u arhitekturu va\u0161eg Latitude E7250, osiguravaju\u0107i proces instalacije bez muke. Ova plo\u010da i sklop kabela pomno su dizajnirani za smje\u0161taj SIM kartice, omogu\u0107uju\u0107i va\u0161em prijenosnom ra\u010dunalu povezivanje s mobilnim mre\u017eama i pristup internetu gdje god se nalazili.<\/p>\n<p>Opremljena naprednom tehnologijom, originalna plo\u010da Dell SIM kartice s kabelom LS-A971P pru\u017ea brze i pouzdane podatkovne veze, \u0161to je \u010dini izvrsnim dodatkom za korisnike koji trebaju daljinsko povezivanje. Bilo da putujete zbog posla ili zadovoljstva, ova plo\u010da vam omogu\u0107uje pristup e-po\u0161ti, pregledavanje weba i obavljanje online zadataka bez oslanjanja isklju\u010divo na Wi-Fi mre\u017ee.<\/p>\n<p>Postupak instalacije za originalnu plo\u010du Dell SIM kartice s kabelom LS-A971P je jednostavan i lak za kori\u0161tenje.<\/p>\n<p>Pobolj\u0161ajte povezivost svog prijenosnog ra\u010dunala s originalnom Dell SIM karticom s kabelom LS-A971P i iskusite pogodnost \u0161irokopojasne mobilne mre\u017ee na svom Latitude E7250. Ostanite produktivni i povezani bez obzira kamo vas put odvede.<\/p>\n<p>Prije kupnje provjerite kompatibilnost s modelom Dell Latitude E7250.<\/p>\n","protected":false},"excerpt":{"rendered":"<p>Nadogradite povezivost prijenosnog ra\u010dunala Dell Latitude E7250 s originalnom Dell SIM karticom s kabelom LS-A971P. Ovaj sklop plo\u010de i kabela omogu\u0107uje mobilne \u0161irokopojasne mogu\u0107nosti, pru\u017eaju\u0107i vam pouzdan pristup internetu dok ste u pokretu.<\/p>\n","protected":false},"featured_media":19616,"template":"","meta":[],"product_brand":[],"product_cat":[62],"product_tag":[52],"class_list":{"0":"post-19559","1":"product","2":"type-product","3":"status-publish","4":"has-post-thumbnail","6":"product_cat-motherboards-board-parts","7":"product_tag-dell","9":"first","10":"instock","11":"taxable","12":"shipping-taxable","13":"purchasable","14":"product-type-simple"},"_links":{"self":[{"href":"https:\/\/boreait.com\/hr\/wp-json\/wp\/v2\/product\/19559","targetHints":{"allow":["GET"]}}],"collection":[{"href":"https:\/\/boreait.com\/hr\/wp-json\/wp\/v2\/product"}],"about":[{"href":"https:\/\/boreait.com\/hr\/wp-json\/wp\/v2\/types\/product"}],"wp:featuredmedia":[{"embeddable":true,"href":"https:\/\/boreait.com\/hr\/wp-json\/wp\/v2\/media\/19616"}],"wp:attachment":[{"href":"https:\/\/boreait.com\/hr\/wp-json\/wp\/v2\/media?parent=19559"}],"wp:term":[{"taxonomy":"product_brand","embeddable":true,"href":"https:\/\/boreait.com\/hr\/wp-json\/wp\/v2\/product_brand?post=19559"},{"taxonomy":"product_cat","embeddable":true,"href":"https:\/\/boreait.com\/hr\/wp-json\/wp\/v2\/product_cat?post=19559"},{"taxonomy":"product_tag","embeddable":true,"href":"https:\/\/boreait.com\/hr\/wp-json\/wp\/v2\/product_tag?post=19559"}],"curies":[{"name":"wp","href":"https:\/\/api.w.org\/{rel}","templated":true}]}}