{"id":19557,"date":"2025-07-25T11:10:13","date_gmt":"2025-07-25T11:10:13","guid":{"rendered":"https:\/\/boreait.com\/hr\/?post_type=product&#038;p=19557"},"modified":"2026-01-07T13:46:41","modified_gmt":"2026-01-07T13:46:41","slug":"toshiba-satellite-l305-l355-l335d-usb-konektor-6050a2175201","status":"publish","type":"product","link":"https:\/\/boreait.com\/hr\/product\/toshiba-satellite-l305-l355-l335d-usb-konektor-6050a2175201\/","title":{"rendered":"TOSHIBA SATELLITE L305 L355 L335D USB KONEKTOR &#8211; 6050A2175201"},"content":{"rendered":"<p>Pobolj\u0161ajte upotrebljivost i povezivost svog prijenosnog ra\u010dunala Toshiba Satellite L305, L355 ili L335D s TOSHIBA SATELLITE L305 L355 L335D USB PRIKLJU\u010cKOM &#8211; 6050A2175201. Ova klju\u010dna USB konektorska plo\u010da omogu\u0107uje vam da pro\u0161irite mogu\u0107nosti povezivanja va\u0161eg prijenosnog ra\u010dunala i bez napora pove\u017eete razne USB ure\u0111aje.<\/p>\n<p>USB KONEKTOR TOSHIBA SATELLITE L305 L355 L335D &#8211; 6050A2175201 originalni je zamjenski dio dizajniran da savr\u0161eno odgovara va\u0161em modelu prijenosnog ra\u010dunala. Pomo\u0107u ovog priklju\u010dka mo\u017eete jednostavno spojiti USB periferne ure\u0111aje kao \u0161to su vanjski tvrdi diskovi, pisa\u010di, tipkovnice i drugo, \u0161to vam omogu\u0107uje jednostavno obavljanje \u0161irokog spektra zadataka.<\/p>\n<p>Nadogradnja va\u0161eg prijenosnog ra\u010dunala ovim USB priklju\u010dkom pobolj\u0161ava va\u0161e cjelokupno ra\u010dunalno iskustvo omogu\u0107avanjem brzog prijenosa podataka izme\u0111u va\u0161eg prijenosnog ra\u010dunala i vanjskih ure\u0111aja. Bilo da prenosite datoteke, sigurnosno kopirate podatke ili jednostavno spajate dodatke, ovaj USB priklju\u010dak osigurava pouzdanu i u\u010dinkovitu komunikaciju.<\/p>\n<p>Instaliranje TOSHIBA SATELLITE L305 L355 L335D USB KONEKTORA &#8211; 6050A2175201 jednostavan je postupak, a dolazi s potrebnim priklju\u010dcima i komponentama za besprijekornu integraciju u arhitekturu va\u0161eg prijenosnog ra\u010dunala.<\/p>\n<p>Unesite novi \u017eivot u svoje prijenosno ra\u010dunalo Toshiba Satellite L305, L355 ili L335D zamjenom USB priklju\u010dka s TOSHIBA SATELLITE L305 L355 L335D USB PRIKLJU\u010cKOM &#8211; 6050A2175201. U\u017eivajte u pobolj\u0161anoj povezivosti i maksimalno iskoristite potencijal svog prijenosnog ra\u010dunala.<\/p>\n<p>Prije kupnje provjerite kompatibilnost s modelom va\u0161eg prijenosnog ra\u010dunala.<\/p>\n","protected":false},"excerpt":{"rendered":"<p>Nadogradite povezivost prijenosnog ra\u010dunala Toshiba Satellite L305, L355 ili L335D s TOSHIBA SATELLITE L305 L355 L335D USB PRIKLJU\u010cKOM &#8211; 6050A2175201. Jednostavno pove\u017eite USB ure\u0111aje i u\u017eivajte u brzom prijenosu podataka za pobolj\u0161anu upotrebljivost.<\/p>\n","protected":false},"featured_media":19614,"template":"","meta":[],"product_brand":[],"product_cat":[62],"product_tag":[69],"class_list":{"0":"post-19557","1":"product","2":"type-product","3":"status-publish","4":"has-post-thumbnail","6":"product_cat-motherboards-board-parts","7":"product_tag-toshiba","9":"first","10":"instock","11":"taxable","12":"shipping-taxable","13":"purchasable","14":"product-type-simple"},"_links":{"self":[{"href":"https:\/\/boreait.com\/hr\/wp-json\/wp\/v2\/product\/19557","targetHints":{"allow":["GET"]}}],"collection":[{"href":"https:\/\/boreait.com\/hr\/wp-json\/wp\/v2\/product"}],"about":[{"href":"https:\/\/boreait.com\/hr\/wp-json\/wp\/v2\/types\/product"}],"wp:featuredmedia":[{"embeddable":true,"href":"https:\/\/boreait.com\/hr\/wp-json\/wp\/v2\/media\/19614"}],"wp:attachment":[{"href":"https:\/\/boreait.com\/hr\/wp-json\/wp\/v2\/media?parent=19557"}],"wp:term":[{"taxonomy":"product_brand","embeddable":true,"href":"https:\/\/boreait.com\/hr\/wp-json\/wp\/v2\/product_brand?post=19557"},{"taxonomy":"product_cat","embeddable":true,"href":"https:\/\/boreait.com\/hr\/wp-json\/wp\/v2\/product_cat?post=19557"},{"taxonomy":"product_tag","embeddable":true,"href":"https:\/\/boreait.com\/hr\/wp-json\/wp\/v2\/product_tag?post=19557"}],"curies":[{"name":"wp","href":"https:\/\/api.w.org\/{rel}","templated":true}]}}