{"id":19556,"date":"2025-07-25T11:10:13","date_gmt":"2025-07-25T11:10:13","guid":{"rendered":"https:\/\/boreait.com\/hr\/?post_type=product&#038;p=19556"},"modified":"2026-01-14T08:13:15","modified_gmt":"2026-01-14T08:13:15","slug":"hp-probook-450gb-hstnn-w94c-kartica-12781-1-48-4yz36","status":"publish","type":"product","link":"https:\/\/boreait.com\/hr\/product\/hp-probook-450gb-hstnn-w94c-kartica-12781-1-48-4yz36\/","title":{"rendered":"HP ProBook 450GB hstnn-w94c kartica 12781-1 48.4yz36"},"content":{"rendered":"<p>Pobolj\u0161ajte povezivost svog HP ProBook prijenosnog ra\u010dunala s HP ProBook 450GB hstnn-w94c karticom 12781-1 48.4yz36. Ova bitna komponenta omogu\u0107uje vam da pro\u0161irite mogu\u0107nosti va\u0161eg prijenosnog ra\u010dunala i pobolj\u0161ate cjelokupno iskustvo rada s ra\u010dunalom.<\/p>\n<p>HP ProBook 450GB hstnn-w94c kartica dizajnirana je za pru\u017eanje pouzdanih i brzih mogu\u0107nosti prijenosa podataka, osiguravaju\u0107i besprijekornu komunikaciju izme\u0111u va\u0161eg prijenosnog ra\u010dunala i vanjskih ure\u0111aja. Ova vam kartica omogu\u0107uje spajanje raznih perifernih ure\u0111aja kao \u0161to su vanjski tvrdi diskovi, pisa\u010di i jo\u0161 mnogo toga, omogu\u0107uju\u0107i vam da zadatke obavljate u\u010dinkovito i bez napora.<\/p>\n<p>Instaliranjem HP ProBook 450GB hstnn-w94c kartice, mo\u017eete iskoristiti prednosti velikih brzina prijenosa podataka, koje su klju\u010dne za zadatke kao \u0161to su dijeljenje datoteka, strujanje medija i online suradnja. Kompatibilnost ove kartice s modelom prijenosnog ra\u010dunala HP ProBook osigurava savr\u0161eno pristajanje i optimalnu izvedbu.<\/p>\n<p>Instaliranje kartice je jednostavno i dolazi opremljena potrebnim priklju\u010dcima za jednostavno postavljanje. Nadogradite povezivost i svestranost svog HP ProBook prijenosnog ra\u010dunala s HP ProBook 450GB hstnn-w94c karticom 12781-1 48.4yz36. Bilo da ste profesionalac kojem je potreban pouzdan prijenos podataka ili student koji \u017eeli pobolj\u0161ati svoje multimedijsko iskustvo, ova kartica \u0107e se pokazati kao vrijedan dodatak va\u0161em prijenosnom ra\u010dunalu.<\/p>\n<p>Prije kupnje provjerite kompatibilnost s modelom va\u0161eg prijenosnog ra\u010dunala.<\/p>\n","protected":false},"excerpt":{"rendered":"<p>Pro\u0161irite povezivost svog prijenosnog ra\u010dunala HP ProBook s karticom HP ProBook 450GB hstnn-w94c. U\u017eivajte u brzom prijenosu podataka i besprijekornoj komunikaciji s vanjskim ure\u0111ajima za pobolj\u0161anu produktivnost i svestranost.<\/p>\n","protected":false},"featured_media":19613,"template":"","meta":[],"product_brand":[],"product_cat":[62],"product_tag":[60],"class_list":{"0":"post-19556","1":"product","2":"type-product","3":"status-publish","4":"has-post-thumbnail","6":"product_cat-motherboards-board-parts","7":"product_tag-hp","9":"first","10":"instock","11":"taxable","12":"shipping-taxable","13":"purchasable","14":"product-type-simple"},"_links":{"self":[{"href":"https:\/\/boreait.com\/hr\/wp-json\/wp\/v2\/product\/19556","targetHints":{"allow":["GET"]}}],"collection":[{"href":"https:\/\/boreait.com\/hr\/wp-json\/wp\/v2\/product"}],"about":[{"href":"https:\/\/boreait.com\/hr\/wp-json\/wp\/v2\/types\/product"}],"wp:featuredmedia":[{"embeddable":true,"href":"https:\/\/boreait.com\/hr\/wp-json\/wp\/v2\/media\/19613"}],"wp:attachment":[{"href":"https:\/\/boreait.com\/hr\/wp-json\/wp\/v2\/media?parent=19556"}],"wp:term":[{"taxonomy":"product_brand","embeddable":true,"href":"https:\/\/boreait.com\/hr\/wp-json\/wp\/v2\/product_brand?post=19556"},{"taxonomy":"product_cat","embeddable":true,"href":"https:\/\/boreait.com\/hr\/wp-json\/wp\/v2\/product_cat?post=19556"},{"taxonomy":"product_tag","embeddable":true,"href":"https:\/\/boreait.com\/hr\/wp-json\/wp\/v2\/product_tag?post=19556"}],"curies":[{"name":"wp","href":"https:\/\/api.w.org\/{rel}","templated":true}]}}