{"id":19536,"date":"2025-07-25T11:09:48","date_gmt":"2025-07-25T11:09:48","guid":{"rendered":"https:\/\/boreait.com\/hr\/?post_type=product&#038;p=19536"},"modified":"2025-07-25T11:10:50","modified_gmt":"2025-07-25T11:10:50","slug":"pojedinacno-jedna-tipka-i-sarka-za-tipkovnicu-lenovo-thinkpad-carbon-x1-gen-3-us-sm20g18605-mq6-us-pozadinsko-osvjetljenje","status":"publish","type":"product","link":"https:\/\/boreait.com\/hr\/product\/pojedinacno-jedna-tipka-i-sarka-za-tipkovnicu-lenovo-thinkpad-carbon-x1-gen-3-us-sm20g18605-mq6-us-pozadinsko-osvjetljenje\/","title":{"rendered":"Pojedina\u010dno &#8211; jedna tipka i \u0161arka za tipkovnicu Lenovo ThinkPad Carbon X1 Gen 3 US SM20G18605 MQ6-US (pozadinsko osvjetljenje)"},"content":{"rendered":"<p><strong>Klju\u010d od tipkovnice dobit \u0107ete na fotografiji oglasa! Dostupni klju\u010devi prikazani su na slici!<\/strong><\/p>\n<p>Ovo je popis proizvoda za zamjenske tipke tipkovnice i \u0161arke za tipkovnicu Lenovo ThinkPad Carbon X1 Gen 3 US SM20G18605 MQ6-US (s pozadinskim osvjetljenjem). Prodava\u010d daje va\u017ene informacije koje treba uzeti u obzir prije kupnje kompleta zamjenskih tipki, uklju\u010duju\u0107i varijacije u kop\u010dama ovisno o proizvo\u0111a\u010du tipkovnice. Kupcu se savjetuje da pogleda prilo\u017eene slike kako bi osigurao da kva\u010dice na zamjenskim tipkama odgovaraju onima na tipkovnici. Ako su potrebna dodatna poja\u0161njenja ili slika klju\u010da, kupac mo\u017ee kontaktirati prodavatelja putem poveznice &#8220;pitajte prodavatelja&#8221; i dobiti odgovor u roku od 24 sata.<\/p>\n<p>Kupac dobiva jednu tipku tipkovnice s plasti\u010dnim \u0161tipaljkama i gumenom \u010da\u0161icom ispod tipke. No, prodava\u010d nagla\u0161ava va\u017enost provjere kompatibilnosti prije kupnje, jer isti model prijenosnog ra\u010dunala ili katalo\u0161ki broj tipkovnice ne jam\u010di da \u0107e zamjenske tipke raditi. Kupac se upu\u0107uje da spojnicu na postoje\u0107em klju\u010du usporedi s prilo\u017eenim slikama i, ako nije siguran, po\u0161alje sliku prodavatelju na procjenu.<\/p>\n<p>Za kupnju zamjenskih klju\u010deva, kupac mora obavijestiti prodavatelja koji klju\u010d \u017eeli kupiti. Popis dostupnih klju\u010deva nalazi se u popisu. Kupac mo\u017ee napisati poruku prodavatelju tijekom naplate ili kontaktirati prodavatelja nakon naplate putem stranice povijesti kupovine na eBayu. Kupcu se savjetuje da nazna\u010di kupuje li lijevu ili desnu tipku shift, control ili alt tipku te kupuje li gornje tipke ili tipke s brojevima ako kupuje broj\u010dane tipke. Ukoliko kupac ne obavijesti prodavatelja koji klju\u010d \u017eeli kupiti, narud\u017eba ne\u0107e biti obra\u0111ena.<\/p>\n<p><strong>Izgled: SAD \/ SAD<\/strong><\/p>\n<p>Trenutno imamo sve klju\u010deve na zalihi kao \u0161to se vidi na fotografiji u popisu, uklju\u010duju\u0107i:<\/p>\n<p>esc f1 f2 f3 f4 f5 f6 f8 f9 f10 f11 f12 &#8220;pomicanje&#8221; &#8220;pauza&#8221; &#8220;umetanje&#8221; &#8220;brisanje&#8221;<\/p>\n<p>tilde 2 3 4 5 6 7 8 9 0 &#8211; = povratna tipka &#8220;dom&#8221;<\/p>\n<p>tab w e r y i o p [ ]  &#8220;stranica gore&#8221;<\/p>\n<p>caps lock s f j l ; &#8216; &#8220;enter&#8221; &#8220;page down&#8221;<\/p>\n<p>pomak ulijevo z x c . \/ &#8220;desni pomak&#8221; &#8220;kraj&#8221;<\/p>\n<p>&#8220;fn&#8221; &#8220;windows&#8221; &#8220;lijevi alt&#8221; &#8220;desni alt&#8221; &#8220;izbornik&#8221; &#8220;desna kontrola&#8221;<\/p>\n<p>&#8220;desno&#8221;<\/p>\n","protected":false},"excerpt":{"rendered":"<p>Klju\u010d od tipkovnice dobit \u0107ete na fotografiji oglasa! Dostupni klju\u010devi prikazani su na slici! Ovo je popis proizvoda za zamjenske tipke tipkovnice i \u0161arke za tipkovnicu Lenovo ThinkPad Carbon X1 Gen 3 US SM20G18605 MQ6-US (s pozadinskim osvjetljenjem). Prodava\u010d daje va\u017ene informacije koje treba uzeti u obzir prije kupnje kompleta zamjenskih tipki, uklju\u010duju\u0107i varijacije u [&hellip;]<\/p>\n","protected":false},"featured_media":19585,"template":"","meta":[],"product_brand":[],"product_cat":[59],"product_tag":[61],"class_list":{"0":"post-19536","1":"product","2":"type-product","3":"status-publish","4":"has-post-thumbnail","6":"product_cat-individual-keyboard-keys","7":"product_tag-lenovo","9":"first","10":"instock","11":"taxable","12":"shipping-taxable","13":"purchasable","14":"product-type-simple"},"_links":{"self":[{"href":"https:\/\/boreait.com\/hr\/wp-json\/wp\/v2\/product\/19536","targetHints":{"allow":["GET"]}}],"collection":[{"href":"https:\/\/boreait.com\/hr\/wp-json\/wp\/v2\/product"}],"about":[{"href":"https:\/\/boreait.com\/hr\/wp-json\/wp\/v2\/types\/product"}],"wp:featuredmedia":[{"embeddable":true,"href":"https:\/\/boreait.com\/hr\/wp-json\/wp\/v2\/media\/19585"}],"wp:attachment":[{"href":"https:\/\/boreait.com\/hr\/wp-json\/wp\/v2\/media?parent=19536"}],"wp:term":[{"taxonomy":"product_brand","embeddable":true,"href":"https:\/\/boreait.com\/hr\/wp-json\/wp\/v2\/product_brand?post=19536"},{"taxonomy":"product_cat","embeddable":true,"href":"https:\/\/boreait.com\/hr\/wp-json\/wp\/v2\/product_cat?post=19536"},{"taxonomy":"product_tag","embeddable":true,"href":"https:\/\/boreait.com\/hr\/wp-json\/wp\/v2\/product_tag?post=19536"}],"curies":[{"name":"wp","href":"https:\/\/api.w.org\/{rel}","templated":true}]}}