{"id":19520,"date":"2025-07-25T11:09:25","date_gmt":"2025-07-25T11:09:25","guid":{"rendered":"https:\/\/boreait.com\/hr\/?post_type=product&#038;p=19520"},"modified":"2026-01-07T08:38:27","modified_gmt":"2026-01-07T08:38:27","slug":"09c01-ls-5575p-originalna-originalna-dell-led-ploca-precision-m4500","status":"publish","type":"product","link":"https:\/\/boreait.com\/hr\/product\/09c01-ls-5575p-originalna-originalna-dell-led-ploca-precision-m4500\/","title":{"rendered":"09C01 LS-5575P ORIGINALNA ORIGINALNA DELL LED PLO\u010cA PRECISION M4500"},"content":{"rendered":"<p>Nadogradite mogu\u0107nosti prikaza prijenosnog ra\u010dunala Dell Precision M4500 s originalnom Dell LED plo\u010dom 09C01 LS-5575P. Ova LED plo\u010da pru\u017ea autenti\u010dno i pouzdano rje\u0161enje za pobolj\u0161anje vizualnog iskustva va\u0161eg prijenosnog ra\u010dunala.<\/p>\n<p>Originalna Dell LED plo\u010da 09C01 LS-5575P neprimjetno se integrira s va\u0161im prijenosnim ra\u010dunalom Dell Precision M4500, pru\u017eaju\u0107i pobolj\u0161ano pozadinsko osvjetljenje i performanse zaslona. Ova plo\u010da igra klju\u010dnu ulogu u osiguravanju \u017eivih i jasnih vizualnih prikaza, nude\u0107i prakti\u010dne prednosti i pobolj\u0161ano korisni\u010dko iskustvo.<\/p>\n<p>S kompatibilno\u0161\u0107u prilago\u0111enom va\u0161em specifi\u010dnom modelu prijenosnog ra\u010dunala, LED plo\u010da pobolj\u0161ava preciznost va\u0161eg zaslona, pridonose\u0107i pobolj\u0161anom vizualnom iskustvu bilo da radite, strujite ili pregledavate.<\/p>\n<p>Instalacija je jednostavna, jer je originalna Dell LED plo\u010da 09C01 LS-5575P dizajnirana da lako stane u predvi\u0111eni utor va\u0161eg prijenosnog ra\u010dunala. Nadogradite performanse zaslona prijenosnog ra\u010dunala Dell Precision M4500 s originalnom Dell LED plo\u010dom 09C01 LS-5575P. U\u017eivajte u pobolj\u0161anoj vizualnoj jasno\u0107i, svjetlini i ukupnoj kvaliteti prikaza za pobolj\u0161ano ra\u010dunalno iskustvo.<\/p>\n<p>Prije kupnje provjerite kompatibilnost s modelom va\u0161eg prijenosnog ra\u010dunala.<\/p>\n","protected":false},"excerpt":{"rendered":"<p>Pobolj\u0161ajte kvalitetu prikaza prijenosnog ra\u010dunala Dell Precision M4500 s originalnom Dell LED plo\u010dom 09C01 LS-5575P. U\u017eivajte u pobolj\u0161anoj svjetlini, jasno\u0107i i cjelokupnoj vizualnoj izvedbi za pobolj\u0161ano ra\u010dunalno iskustvo.<\/p>\n","protected":false},"featured_media":19571,"template":"","meta":[],"product_brand":[],"product_cat":[62],"product_tag":[52],"class_list":{"0":"post-19520","1":"product","2":"type-product","3":"status-publish","4":"has-post-thumbnail","6":"product_cat-motherboards-board-parts","7":"product_tag-dell","9":"first","10":"instock","11":"taxable","12":"shipping-taxable","13":"purchasable","14":"product-type-simple"},"_links":{"self":[{"href":"https:\/\/boreait.com\/hr\/wp-json\/wp\/v2\/product\/19520","targetHints":{"allow":["GET"]}}],"collection":[{"href":"https:\/\/boreait.com\/hr\/wp-json\/wp\/v2\/product"}],"about":[{"href":"https:\/\/boreait.com\/hr\/wp-json\/wp\/v2\/types\/product"}],"wp:featuredmedia":[{"embeddable":true,"href":"https:\/\/boreait.com\/hr\/wp-json\/wp\/v2\/media\/19571"}],"wp:attachment":[{"href":"https:\/\/boreait.com\/hr\/wp-json\/wp\/v2\/media?parent=19520"}],"wp:term":[{"taxonomy":"product_brand","embeddable":true,"href":"https:\/\/boreait.com\/hr\/wp-json\/wp\/v2\/product_brand?post=19520"},{"taxonomy":"product_cat","embeddable":true,"href":"https:\/\/boreait.com\/hr\/wp-json\/wp\/v2\/product_cat?post=19520"},{"taxonomy":"product_tag","embeddable":true,"href":"https:\/\/boreait.com\/hr\/wp-json\/wp\/v2\/product_tag?post=19520"}],"curies":[{"name":"wp","href":"https:\/\/api.w.org\/{rel}","templated":true}]}}