{"id":19518,"date":"2025-07-25T11:09:25","date_gmt":"2025-07-25T11:09:25","guid":{"rendered":"https:\/\/boreait.com\/hr\/?post_type=product&#038;p=19518"},"modified":"2026-01-07T08:38:00","modified_gmt":"2026-01-07T08:38:00","slug":"sony-vaio-pcg-81113m-vpcf1-wlan-karta-t77h167-00","status":"publish","type":"product","link":"https:\/\/boreait.com\/hr\/product\/sony-vaio-pcg-81113m-vpcf1-wlan-karta-t77h167-00\/","title":{"rendered":"Sony Vaio PCG-81113M VPCF1 WLAN karta T77H167.00"},"content":{"rendered":"<p>Nadogradite be\u017ei\u010dne mogu\u0107nosti svog prijenosnog ra\u010dunala Sony Vaio PCG-81113M VPCF1 s WLAN mapom T77H167.00. Dizajniran za pobolj\u0161anje Wi-Fi performansi, ovaj be\u017ei\u010dni modul pru\u017ea originalno i pouzdano rje\u0161enje za pobolj\u0161anje be\u017ei\u010dne povezanosti va\u0161eg prijenosnog ra\u010dunala.<\/p>\n<p>WLAN Map T77H167.00 neprimjetno se integrira s va\u0161im prijenosnim ra\u010dunalom Sony Vaio PCG-81113M VPCF1, pru\u017eaju\u0107i pobolj\u0161anu snagu signala i stabilne be\u017ei\u010dne veze. Ovaj modul igra klju\u010dnu ulogu u osiguravanju pouzdane Wi-Fi veze, nude\u0107i prakti\u010dne prednosti i pobolj\u0161ano korisni\u010dko iskustvo.<\/p>\n<p>Uz podr\u0161ku za razli\u010dite Wi-Fi standarde, ovaj modul omogu\u0107uje brzi be\u017ei\u010dni prijenos podataka. Bilo da strujite, preuzimate ili radite na mre\u017ei, u\u017eivajte u besprijekornoj povezanosti i u\u010dinkovitoj komunikaciji.<\/p>\n<p>Instalacija je jednostavna jer je WLAN mapa T77H167.00 dizajnirana da lako stane u predvi\u0111eni utor va\u0161eg prijenosnog ra\u010dunala. Odabirom ove autenti\u010dne komponente ula\u017eete u kvalitetu, pouzdanost i pobolj\u0161ane be\u017ei\u010dne mogu\u0107nosti va\u0161eg prijenosnog ra\u010dunala.<\/p>\n<p>Nadogradite be\u017ei\u010dnu izvedbu prijenosnog ra\u010dunala Sony Vaio PCG-81113M VPCF1 s WLAN mapom T77H167.00. U\u017eivajte u pobolj\u0161anoj Wi-Fi komunikaciji i u\u010dinkovitom povezivanju za pobolj\u0161ano online iskustvo.<\/p>\n<p>Prije kupnje provjerite kompatibilnost s modelom va\u0161eg prijenosnog ra\u010dunala.<\/p>\n","protected":false},"excerpt":{"rendered":"<p>Pobolj\u0161ajte be\u017ei\u010dnu izvedbu prijenosnog ra\u010dunala Sony Vaio PCG-81113M VPCF1 s WLAN mapom T77H167.00. U\u017eivajte u pobolj\u0161anoj Wi-Fi povezanosti i u\u010dinkovitoj komunikaciji za nadogra\u0111eno online iskustvo.<\/p>\n","protected":false},"featured_media":19569,"template":"","meta":[],"product_brand":[],"product_cat":[62],"product_tag":[80],"class_list":{"0":"post-19518","1":"product","2":"type-product","3":"status-publish","4":"has-post-thumbnail","6":"product_cat-motherboards-board-parts","7":"product_tag-sony","9":"first","10":"instock","11":"taxable","12":"shipping-taxable","13":"purchasable","14":"product-type-simple"},"_links":{"self":[{"href":"https:\/\/boreait.com\/hr\/wp-json\/wp\/v2\/product\/19518","targetHints":{"allow":["GET"]}}],"collection":[{"href":"https:\/\/boreait.com\/hr\/wp-json\/wp\/v2\/product"}],"about":[{"href":"https:\/\/boreait.com\/hr\/wp-json\/wp\/v2\/types\/product"}],"wp:featuredmedia":[{"embeddable":true,"href":"https:\/\/boreait.com\/hr\/wp-json\/wp\/v2\/media\/19569"}],"wp:attachment":[{"href":"https:\/\/boreait.com\/hr\/wp-json\/wp\/v2\/media?parent=19518"}],"wp:term":[{"taxonomy":"product_brand","embeddable":true,"href":"https:\/\/boreait.com\/hr\/wp-json\/wp\/v2\/product_brand?post=19518"},{"taxonomy":"product_cat","embeddable":true,"href":"https:\/\/boreait.com\/hr\/wp-json\/wp\/v2\/product_cat?post=19518"},{"taxonomy":"product_tag","embeddable":true,"href":"https:\/\/boreait.com\/hr\/wp-json\/wp\/v2\/product_tag?post=19518"}],"curies":[{"name":"wp","href":"https:\/\/api.w.org\/{rel}","templated":true}]}}