{"id":19500,"date":"2025-07-25T11:09:04","date_gmt":"2025-07-25T11:09:04","guid":{"rendered":"https:\/\/boreait.com\/hr\/?post_type=product&#038;p=19500"},"modified":"2026-01-14T08:11:08","modified_gmt":"2026-01-14T08:11:08","slug":"rtl8723be-802-11b-g-n-wifi-bezicna-kartica-rtl8723be","status":"publish","type":"product","link":"https:\/\/boreait.com\/hr\/product\/rtl8723be-802-11b-g-n-wifi-bezicna-kartica-rtl8723be\/","title":{"rendered":"Rtl8723be 802.11b\/g\/n Wifi be\u017ei\u010dna kartica RTL8723BE"},"content":{"rendered":"<p>Nadogradite svoje ure\u0111aje pouzdanom be\u017ei\u010dnom vezom koriste\u0107i RTL8723BE 802.11b\/g\/n WiFi be\u017ei\u010dnu karticu. Dizajnirana za pru\u017eanje besprijekornih Wi-Fi mogu\u0107nosti, ova kartica nudi pouzdano rje\u0161enje za pobolj\u0161anje be\u017ei\u010dnih performansi va\u0161eg ure\u0111aja.<\/p>\n<p>S\u00a0 RTL8723BE WiFi be\u017ei\u010dnom karticom mo\u017eete u\u017eivati u pobolj\u0161anoj snazi signala i stabilnim be\u017ei\u010dnim vezama na raznim ure\u0111ajima. Ova je kartica osmi\u0161ljena kako bi osigurala pouzdanu Wi-Fi vezu, nude\u0107i prakti\u010dne prednosti i pobolj\u0161anu upotrebljivost.<\/p>\n<p>Ova kartica podr\u017eava 802.11b\/g\/n Wi-Fi standarde, pru\u017eaju\u0107i kompatibilnost sa \u0161irokim rasponom ure\u0111aja. Bez obzira koristite li je za pregledavanje, strujanje ili online aktivnosti, ova kartica pru\u017ea dosljednu i u\u010dinkovitu be\u017ei\u010dnu izvedbu.<\/p>\n<p>Instalacija je jednostavna jer je RTL8723BE WiFi be\u017ei\u010dna kartica dizajnirana da stane u predvi\u0111eni utor na va\u0161em ure\u0111aju. Nadogradite svoje ure\u0111aje s RTL8723BE 802.11b\/g\/n WiFi be\u017ei\u010dnom karticom i u\u017eivajte u besprijekornoj i u\u010dinkovitoj Wi-Fi komunikaciji za pobolj\u0161ano online iskustvo.<\/p>\n<p>Prije kupnje provjerite kompatibilnost s odre\u0111enim modelom ure\u0111aja.<\/p>\n","protected":false},"excerpt":{"rendered":"<p>Nadogradite svoje ure\u0111aje s pouzdanom BULK RTL8723BE 802.11b\/g\/n WiFi be\u017ei\u010dnom karticom. U\u017eivajte u pobolj\u0161anoj Wi-Fi povezivosti i u\u010dinkovitoj komunikaciji za pobolj\u0161ano online iskustvo.<\/p>\n","protected":false},"featured_media":19552,"template":"","meta":[],"product_brand":[],"product_cat":[62],"product_tag":[],"class_list":{"0":"post-19500","1":"product","2":"type-product","3":"status-publish","4":"has-post-thumbnail","6":"product_cat-motherboards-board-parts","8":"first","9":"instock","10":"taxable","11":"shipping-taxable","12":"purchasable","13":"product-type-simple"},"_links":{"self":[{"href":"https:\/\/boreait.com\/hr\/wp-json\/wp\/v2\/product\/19500","targetHints":{"allow":["GET"]}}],"collection":[{"href":"https:\/\/boreait.com\/hr\/wp-json\/wp\/v2\/product"}],"about":[{"href":"https:\/\/boreait.com\/hr\/wp-json\/wp\/v2\/types\/product"}],"wp:featuredmedia":[{"embeddable":true,"href":"https:\/\/boreait.com\/hr\/wp-json\/wp\/v2\/media\/19552"}],"wp:attachment":[{"href":"https:\/\/boreait.com\/hr\/wp-json\/wp\/v2\/media?parent=19500"}],"wp:term":[{"taxonomy":"product_brand","embeddable":true,"href":"https:\/\/boreait.com\/hr\/wp-json\/wp\/v2\/product_brand?post=19500"},{"taxonomy":"product_cat","embeddable":true,"href":"https:\/\/boreait.com\/hr\/wp-json\/wp\/v2\/product_cat?post=19500"},{"taxonomy":"product_tag","embeddable":true,"href":"https:\/\/boreait.com\/hr\/wp-json\/wp\/v2\/product_tag?post=19500"}],"curies":[{"name":"wp","href":"https:\/\/api.w.org\/{rel}","templated":true}]}}