{"id":19495,"date":"2025-07-25T11:09:03","date_gmt":"2025-07-25T11:09:03","guid":{"rendered":"https:\/\/boreait.com\/hr\/?post_type=product&#038;p=19495"},"modified":"2026-02-02T10:38:03","modified_gmt":"2026-02-02T10:38:03","slug":"bezicna-mrezna-kartica-za-lenovo-flex-2-15-g50-70-realtek-rtl8723be-20-200570","status":"publish","type":"product","link":"https:\/\/boreait.com\/hr\/product\/bezicna-mrezna-kartica-za-lenovo-flex-2-15-g50-70-realtek-rtl8723be-20-200570\/","title":{"rendered":"Be\u017ei\u010dna mre\u017ena kartica za Lenovo Flex 2-15 G50-70 Realtek RTL8723BE 20-200570"},"content":{"rendered":"<p>Nadogradite be\u017ei\u010dne mogu\u0107nosti svog prijenosnog ra\u010dunala s Realtek RTL8723BE be\u017ei\u010dnom mre\u017enom karticom dizajniranom za prijenosna ra\u010dunala Lenovo Flex 2-15 G50-70. Projektirana za pobolj\u0161anje povezivosti va\u0161eg prijenosnog ra\u010dunala, ova mre\u017ena kartica nudi autenti\u010dno i pouzdano rje\u0161enje za pobolj\u0161anu be\u017ei\u010dnu komunikaciju i besprijekoran pristup internetu.<\/p>\n<p>Proizveden od strane Realteka, pouzdanog imena u mre\u017enoj tehnologiji, Realtek RTL8723BE be\u017ei\u010dna mre\u017ena kartica dizajnirana je za besprijekornu integraciju s dizajnom va\u0161eg prijenosnog ra\u010dunala. Ova je kartica klju\u010dna komponenta za odr\u017eavanje stabilnih be\u017ei\u010dnih veza, nude\u0107i prakti\u010dne prednosti i pobolj\u0161anu upotrebljivost.<\/p>\n<p>Bez obzira jeste li kod ku\u0107e, na poslu ili u pokretu, ova mre\u017ena kartica osigurava pouzdano povezivanje i glatki prijenos podataka preko be\u017ei\u010dne mre\u017ee. S podr\u0161kom za Wi-Fi standarde, uklju\u010duju\u0107i najnovije tehnologije, pru\u017ea pouzdano rje\u0161enje za razli\u010dite komunikacijske potrebe.<\/p>\n<p>Instalacija je jednostavna jer je be\u017ei\u010dna mre\u017ena kartica Realtek RTL8723BE dizajnirana da stane u predvi\u0111eni utor va\u0161eg prijenosnog ra\u010dunala. Odabirom autenti\u010dnih Realtek dijelova ula\u017eete u kvalitetu, pouzdanost i pobolj\u0161ane mogu\u0107nosti be\u017ei\u010dnog povezivanja va\u0161eg prijenosnog ra\u010dunala.<\/p>\n<p>Nadogradite be\u017ei\u010dnu vezu prijenosnog ra\u010dunala s Realtek RTL8723BE be\u017ei\u010dnom mre\u017enom karticom za Lenovo Flex 2-15 G50-70. U\u017eivajte u stabilnoj i u\u010dinkovitoj be\u017ei\u010dnoj komunikaciji za pobolj\u0161ano online iskustvo.<\/p>\n<p>Prije kupnje provjerite kompatibilnost s odre\u0111enim modelom prijenosnog ra\u010dunala.<\/p>\n","protected":false},"excerpt":{"rendered":"<p>Nadogradite be\u017ei\u010dnu povezanost va\u0161eg prijenosnog ra\u010dunala s Realtek RTL8723BE be\u017ei\u010dnom mre\u017enom karticom dizajniranom za prijenosna ra\u010dunala Lenovo Flex 2-15 G50-70. U\u017eivajte u stabilnoj i u\u010dinkovitoj be\u017ei\u010dnoj komunikaciji za pobolj\u0161ano online iskustvo.<\/p>\n","protected":false},"featured_media":19547,"template":"","meta":[],"product_brand":[],"product_cat":[62],"product_tag":[61],"class_list":{"0":"post-19495","1":"product","2":"type-product","3":"status-publish","4":"has-post-thumbnail","6":"product_cat-motherboards-board-parts","7":"product_tag-lenovo","9":"first","10":"instock","11":"taxable","12":"shipping-taxable","13":"purchasable","14":"product-type-simple"},"_links":{"self":[{"href":"https:\/\/boreait.com\/hr\/wp-json\/wp\/v2\/product\/19495","targetHints":{"allow":["GET"]}}],"collection":[{"href":"https:\/\/boreait.com\/hr\/wp-json\/wp\/v2\/product"}],"about":[{"href":"https:\/\/boreait.com\/hr\/wp-json\/wp\/v2\/types\/product"}],"wp:featuredmedia":[{"embeddable":true,"href":"https:\/\/boreait.com\/hr\/wp-json\/wp\/v2\/media\/19547"}],"wp:attachment":[{"href":"https:\/\/boreait.com\/hr\/wp-json\/wp\/v2\/media?parent=19495"}],"wp:term":[{"taxonomy":"product_brand","embeddable":true,"href":"https:\/\/boreait.com\/hr\/wp-json\/wp\/v2\/product_brand?post=19495"},{"taxonomy":"product_cat","embeddable":true,"href":"https:\/\/boreait.com\/hr\/wp-json\/wp\/v2\/product_cat?post=19495"},{"taxonomy":"product_tag","embeddable":true,"href":"https:\/\/boreait.com\/hr\/wp-json\/wp\/v2\/product_tag?post=19495"}],"curies":[{"name":"wp","href":"https:\/\/api.w.org\/{rel}","templated":true}]}}