{"id":19460,"date":"2025-07-25T11:08:18","date_gmt":"2025-07-25T11:08:18","guid":{"rendered":"https:\/\/boreait.com\/hr\/?post_type=product&#038;p=19460"},"modified":"2025-07-25T11:09:30","modified_gmt":"2025-07-25T11:09:30","slug":"plocasti-modem-t60m955-00-kabel-ccab06m10010t1-prijenosna-acer-aspire-5738z-kartica","status":"publish","type":"product","link":"https:\/\/boreait.com\/hr\/product\/plocasti-modem-t60m955-00-kabel-ccab06m10010t1-prijenosna-acer-aspire-5738z-kartica\/","title":{"rendered":"Plo\u010dasti modem T60M955.00+ kabel CCAB06M10010T1 prijenosna Acer Aspire 5738Z kartica"},"content":{"rendered":"<p>Pobolj\u0161ajte povezivost prijenosnog ra\u010dunala Acer Aspire 5738Z s prijenosnim kabelom Plate Modem T60M955.00+ CCAB06M10010T1. Dizajniran za pru\u017eanje pouzdane funkcionalnosti modema i besprijekorne povezanosti, ovaj sklop modemske plo\u010de nudi autenti\u010dno i pouzdano rje\u0161enje za pobolj\u0161ane mogu\u0107nosti umre\u017eavanja i online pristup.<\/p>\n<p>Proizveden kako bi zadovoljio visoke standarde tvrtke Acer, pouzdanog imena u ra\u010dunalnoj tehnologiji, Plate Modem T60M955.00+ Cable CCAB06M10010T1 Portable pomno je konstruiran za besprijekornu integraciju s dizajnom va\u0161eg prijenosnog ra\u010dunala. Kao kriti\u010dna komponenta za pouzdane mre\u017ene veze, ovaj sklop plo\u010de modema nudi prakti\u010dne prednosti i pobolj\u0161anu upotrebljivost.<\/p>\n<p>Bilo da se povezujete na internet, \u0161aljete e-po\u0161tu ili pristupate mre\u017enim resursima, ovaj sklop modema osigurava stabilnu vezu i pouzdan prijenos podataka. Njegova visokokvalitetna konstrukcija jam\u010di pouzdanu izvedbu, pobolj\u0161avaju\u0107i ukupne mre\u017ene mogu\u0107nosti va\u0161eg prijenosnog ra\u010dunala.<\/p>\n<p>Uklju\u010deni kabel, CCAB06M10010T1, osigurava sigurnu i ispravnu vezu izme\u0111u plo\u010de modema i unutarnjih dijelova va\u0161eg prijenosnog ra\u010dunala, dodatno pobolj\u0161avaju\u0107i funkcionalnost sklopa.<\/p>\n<p>Instalacija je jednostavna jer je ovaj sklop modemske plo\u010de dizajniran za zamjenu postoje\u0107eg modemskog hardvera va\u0161eg prijenosnog ra\u010dunala bez ikakvih problema.\u00a0 Odabirom autenti\u010dnih Acer dijelova ula\u017eete u kvalitetu, pouzdanost i pobolj\u0161ane mre\u017ene mogu\u0107nosti va\u0161eg prijenosnog ra\u010dunala.<\/p>\n<p>Nadogradite mre\u017ene mogu\u0107nosti prijenosnog ra\u010dunala Acer Aspire 5738Z pomo\u0107u Plate Modem T60M955.00+ Cable CCAB06M10010T1 Portable. U\u017eivajte u stabilnoj povezanosti i pouzdanoj funkcionalnosti modema za pobolj\u0161ano online iskustvo.<\/p>\n<p>Prije kupnje provjerite kompatibilnost s odre\u0111enim modelom prijenosnog ra\u010dunala.<\/p>\n","protected":false},"excerpt":{"rendered":"<p>Nadogradite mre\u017ene mogu\u0107nosti svog prijenosnog ra\u010dunala Acer Aspire 5738Z s prijenosnim kabelom Plate Modem T60M955.00+ CCAB06M10010T1. U\u017eivajte u stabilnoj povezanosti i pouzdanoj funkcionalnosti modema za pobolj\u0161ano online iskustvo.<\/p>\n","protected":false},"featured_media":19526,"template":"","meta":[],"product_brand":[],"product_cat":[62],"product_tag":[64],"class_list":{"0":"post-19460","1":"product","2":"type-product","3":"status-publish","4":"has-post-thumbnail","6":"product_cat-motherboards-board-parts","7":"product_tag-acer","9":"first","10":"instock","11":"taxable","12":"shipping-taxable","13":"purchasable","14":"product-type-simple"},"_links":{"self":[{"href":"https:\/\/boreait.com\/hr\/wp-json\/wp\/v2\/product\/19460","targetHints":{"allow":["GET"]}}],"collection":[{"href":"https:\/\/boreait.com\/hr\/wp-json\/wp\/v2\/product"}],"about":[{"href":"https:\/\/boreait.com\/hr\/wp-json\/wp\/v2\/types\/product"}],"wp:featuredmedia":[{"embeddable":true,"href":"https:\/\/boreait.com\/hr\/wp-json\/wp\/v2\/media\/19526"}],"wp:attachment":[{"href":"https:\/\/boreait.com\/hr\/wp-json\/wp\/v2\/media?parent=19460"}],"wp:term":[{"taxonomy":"product_brand","embeddable":true,"href":"https:\/\/boreait.com\/hr\/wp-json\/wp\/v2\/product_brand?post=19460"},{"taxonomy":"product_cat","embeddable":true,"href":"https:\/\/boreait.com\/hr\/wp-json\/wp\/v2\/product_cat?post=19460"},{"taxonomy":"product_tag","embeddable":true,"href":"https:\/\/boreait.com\/hr\/wp-json\/wp\/v2\/product_tag?post=19460"}],"curies":[{"name":"wp","href":"https:\/\/api.w.org\/{rel}","templated":true}]}}