{"id":19439,"date":"2025-07-25T11:07:55","date_gmt":"2025-07-25T11:07:55","guid":{"rendered":"https:\/\/boreait.com\/hr\/?post_type=product&#038;p=19439"},"modified":"2026-01-07T08:03:27","modified_gmt":"2026-01-07T08:03:27","slug":"lenovo-thinkpad-t450-20bu-20bv-20dj-serija-laptop-usb-i-o-ploca-s-kabelom-00hn553","status":"publish","type":"product","link":"https:\/\/boreait.com\/hr\/product\/lenovo-thinkpad-t450-20bu-20bv-20dj-serija-laptop-usb-i-o-ploca-s-kabelom-00hn553\/","title":{"rendered":"LENOVO THINKPAD T450 20BU 20BV 20DJ SERIJA LAPTOP USB I\/O PLO\u010cA S KABELOM 00HN553"},"content":{"rendered":"<p>Nadogradite povezivost i upotrebljivost svog prijenosnog ra\u010dunala serije Lenovo ThinkPad T450 20BU, 20BV ili 20DJ s LENOVO THINKPAD T450 20BU 20BV 20DJ SERIJE PRIJENOSNOG USB I\/O PLO\u010cE S KABELOM 00HN553. Dizajnirana za pru\u017eanje dodatnih USB priklju\u010daka i pro\u0161irenje mogu\u0107nosti va\u0161eg prijenosnog ra\u010dunala, ova USB I\/O plo\u010da s kabelom nudi pouzdano i autenti\u010dno rje\u0161enje za pobolj\u0161anu povezanost i prakti\u010dnost.<\/p>\n<p>Proizveden od strane Lenova, cijenjenog lidera u ra\u010dunalnoj tehnologiji, LENOVO THINKPAD T450 20BU 20BV 20DJ SERIES LAPTOP USB I\/O BOARD W\/ CABLE 00HN553 pomno je projektiran za besprijekornu integraciju s dizajnom va\u0161eg prijenosnog ra\u010dunala. Kao bitna komponenta za pro\u0161irenu povezanost, ova plo\u010da nudi i prakti\u010dne prednosti i pobolj\u0161anu svestranost.<\/p>\n<p>Bilo da spajate vanjske ure\u0111aje, periferne ure\u0111aje ili dodatke, ova USB I\/O plo\u010da osigurava jednostavan pristup dodatnim USB priklju\u010dcima. To vam omogu\u0107uje da pro\u0161irite mogu\u0107nosti va\u0161eg prijenosnog ra\u010dunala i pojednostavite proces povezivanja vi\u0161e ure\u0111aja, kao \u0161to su flash pogoni, vanjski tvrdi diskovi i drugo.<\/p>\n<p>Instalacija je jednostavna jer je ova USB I\/O plo\u010da s kabelom dizajnirana da bez problema zamijeni postoje\u0107u plo\u010du va\u0161eg prijenosnog ra\u010dunala. Odabirom autenti\u010dnih Lenovo dijelova ula\u017eete u kvalitetu, pouzdanost i pobolj\u0161anu povezanost va\u0161eg prijenosnog ra\u010dunala.<\/p>\n<p>Nadogradite mogu\u0107nosti povezivanja va\u0161eg prijenosnog ra\u010dunala s LENOVO THINKPAD T450 20BU 20BV 20DJ SERIJE LAPTOP USB I\/O BOARD W\/ CABLE 00HN553. U\u017eivajte u pobolj\u0161anoj svestranosti i pobolj\u0161anoj dostupnosti USB priklju\u010dcima za vrhunsko iskustvo rada s ra\u010dunalom.<\/p>\n<p>Prije kupnje provjerite kompatibilnost s odre\u0111enim modelom prijenosnog ra\u010dunala.<\/p>\n","protected":false},"excerpt":{"rendered":"<p>Pobolj\u0161ajte povezivost prijenosnog ra\u010dunala serije Lenovo ThinkPad T450 20BU, 20BV ili 20DJ s LENOVO THINKPAD T450 20BU 20BV 20DJ SERIJE PRIJENOSNOG USB I\/O PLO\u010cE S KABELOM 00HN553. U\u017eivajte u dodatnim USB priklju\u010dcima i pobolj\u0161anoj svestranosti za vrhunski ra\u010dunalni do\u017eivljaj.<\/p>\n","protected":false},"featured_media":19507,"template":"","meta":[],"product_brand":[],"product_cat":[62],"product_tag":[61],"class_list":{"0":"post-19439","1":"product","2":"type-product","3":"status-publish","4":"has-post-thumbnail","6":"product_cat-motherboards-board-parts","7":"product_tag-lenovo","9":"first","10":"instock","11":"taxable","12":"shipping-taxable","13":"purchasable","14":"product-type-simple"},"_links":{"self":[{"href":"https:\/\/boreait.com\/hr\/wp-json\/wp\/v2\/product\/19439","targetHints":{"allow":["GET"]}}],"collection":[{"href":"https:\/\/boreait.com\/hr\/wp-json\/wp\/v2\/product"}],"about":[{"href":"https:\/\/boreait.com\/hr\/wp-json\/wp\/v2\/types\/product"}],"wp:featuredmedia":[{"embeddable":true,"href":"https:\/\/boreait.com\/hr\/wp-json\/wp\/v2\/media\/19507"}],"wp:attachment":[{"href":"https:\/\/boreait.com\/hr\/wp-json\/wp\/v2\/media?parent=19439"}],"wp:term":[{"taxonomy":"product_brand","embeddable":true,"href":"https:\/\/boreait.com\/hr\/wp-json\/wp\/v2\/product_brand?post=19439"},{"taxonomy":"product_cat","embeddable":true,"href":"https:\/\/boreait.com\/hr\/wp-json\/wp\/v2\/product_cat?post=19439"},{"taxonomy":"product_tag","embeddable":true,"href":"https:\/\/boreait.com\/hr\/wp-json\/wp\/v2\/product_tag?post=19439"}],"curies":[{"name":"wp","href":"https:\/\/api.w.org\/{rel}","templated":true}]}}