{"id":19437,"date":"2025-07-25T11:07:55","date_gmt":"2025-07-25T11:07:55","guid":{"rendered":"https:\/\/boreait.com\/hr\/?post_type=product&#038;p=19437"},"modified":"2026-01-07T08:02:50","modified_gmt":"2026-01-07T08:02:50","slug":"lenovo-ideapad-z50-70-156-originalna-wifi-bezicna-kartica-za-prijenosno-racunalo-rtl8723be","status":"publish","type":"product","link":"https:\/\/boreait.com\/hr\/product\/lenovo-ideapad-z50-70-156-originalna-wifi-bezicna-kartica-za-prijenosno-racunalo-rtl8723be\/","title":{"rendered":"Lenovo Ideapad Z50-70 15,6&#8243; originalna WiFi be\u017ei\u010dna kartica za prijenosno ra\u010dunalo RTL8723BE"},"content":{"rendered":"<p>Pobolj\u0161ajte svoju be\u017ei\u010dnu povezanost na prijenosnom ra\u010dunalu Lenovo Ideapad Z50-70 s 15,6&#8243; originalnom WiFi be\u017ei\u010dnom karticom za prijenosno ra\u010dunalo Lenovo Ideapad Z50-70 RTL8723BE. Dizajnirana za pru\u017eanje pouzdanog i besprijekornog be\u017ei\u010dnog umre\u017eavanja, ova originalna be\u017ei\u010dna kartica nudi pouzdano rje\u0161enje za pobolj\u0161ani pristup internetu i povezivanje.<\/p>\n<p>Proizveden od strane Lenovo-a, pouzdanog lidera u ra\u010dunalnoj tehnologiji, Lenovo Ideapad Z50-70 15.6&#8243; originalna WiFi be\u017ei\u010dna kartica za prijenosno ra\u010dunalo RTL8723BE pomno je projektirana za besprijekornu integraciju s dizajnom va\u0161eg prijenosnog ra\u010dunala. Kao klju\u010dna komponenta za be\u017ei\u010dno umre\u017eavanje, ova kartica nudi i prakti\u010dne prednosti i pobolj\u0161anu povezanost.<\/p>\n<p>Bez obzira pretra\u017eujete li web, strujite sadr\u017eaj ili se povezujete s kolegama i prijateljima, ova be\u017ei\u010dna kartica osigurava stabilan i dosljedan pristup internetu. Njegova visokokvalitetna konstrukcija jam\u010di pouzdanu snagu signala i u\u010dinkovit prijenos podataka, \u010dak i u izazovnim be\u017ei\u010dnim okru\u017eenjima.<\/p>\n<p>Instalacija je jednostavna jer je ova be\u017ei\u010dna kartica dizajnirana da bez problema zamijeni postoje\u0107u karticu va\u0161eg prijenosnog ra\u010dunala. Odabirom autenti\u010dnih Lenovo dijelova ula\u017eete u kvalitetu, pouzdanost i pobolj\u0161anu be\u017ei\u010dnu povezanost va\u0161eg prijenosnog ra\u010dunala.<\/p>\n<p>Nadogradite be\u017ei\u010dno umre\u017eavanje svog prijenosnog ra\u010dunala s Lenovo Ideapad Z50-70 15,6&#8243; originalnom WiFi be\u017ei\u010dnom karticom za prijenosno ra\u010dunalo RTL8723BE. U\u017eivajte u stabilnom i u\u010dinkovitom pristupu internetu za pobolj\u0161ano online iskustvo.<\/p>\n<p>Prije kupnje provjerite kompatibilnost s odre\u0111enim modelom prijenosnog ra\u010dunala.<\/p>\n","protected":false},"excerpt":{"rendered":"<p>Pobolj\u0161ajte be\u017ei\u010dno umre\u017eavanje va\u0161eg prijenosnog ra\u010dunala Lenovo Ideapad Z50-70 s be\u017ei\u010dnom karticom za originalno prijenosno ra\u010dunalo Lenovo Ideapad Z50-70 15,6&#8243; RTL8723BE. U\u017eivajte u stabilnom i u\u010dinkovitom pristupu internetu za pobolj\u0161ano online iskustvo.<\/p>\n","protected":false},"featured_media":19505,"template":"","meta":[],"product_brand":[],"product_cat":[62],"product_tag":[61],"class_list":{"0":"post-19437","1":"product","2":"type-product","3":"status-publish","4":"has-post-thumbnail","6":"product_cat-motherboards-board-parts","7":"product_tag-lenovo","9":"first","10":"instock","11":"taxable","12":"shipping-taxable","13":"purchasable","14":"product-type-simple"},"_links":{"self":[{"href":"https:\/\/boreait.com\/hr\/wp-json\/wp\/v2\/product\/19437","targetHints":{"allow":["GET"]}}],"collection":[{"href":"https:\/\/boreait.com\/hr\/wp-json\/wp\/v2\/product"}],"about":[{"href":"https:\/\/boreait.com\/hr\/wp-json\/wp\/v2\/types\/product"}],"wp:featuredmedia":[{"embeddable":true,"href":"https:\/\/boreait.com\/hr\/wp-json\/wp\/v2\/media\/19505"}],"wp:attachment":[{"href":"https:\/\/boreait.com\/hr\/wp-json\/wp\/v2\/media?parent=19437"}],"wp:term":[{"taxonomy":"product_brand","embeddable":true,"href":"https:\/\/boreait.com\/hr\/wp-json\/wp\/v2\/product_brand?post=19437"},{"taxonomy":"product_cat","embeddable":true,"href":"https:\/\/boreait.com\/hr\/wp-json\/wp\/v2\/product_cat?post=19437"},{"taxonomy":"product_tag","embeddable":true,"href":"https:\/\/boreait.com\/hr\/wp-json\/wp\/v2\/product_tag?post=19437"}],"curies":[{"name":"wp","href":"https:\/\/api.w.org\/{rel}","templated":true}]}}