{"id":19436,"date":"2025-07-25T11:07:55","date_gmt":"2025-07-25T11:07:55","guid":{"rendered":"https:\/\/boreait.com\/hr\/?post_type=product&#038;p=19436"},"modified":"2026-01-07T08:02:31","modified_gmt":"2026-01-07T08:02:31","slug":"ploca-spojne-ploce-dell-latitude-e7470-s-kabelom-ls-c462p","status":"publish","type":"product","link":"https:\/\/boreait.com\/hr\/product\/ploca-spojne-ploce-dell-latitude-e7470-s-kabelom-ls-c462p\/","title":{"rendered":"Plo\u010da spojne plo\u010de Dell Latitude E7470 s kabelom LS-C462P"},"content":{"rendered":"<p>Nadogradite povezivost i funkcionalnost va\u0161eg prijenosnog ra\u010dunala Dell Latitude E7470 s Dell Latitude E7470 spojnom plo\u010dom s kabelom LS-C462P. Dizajnirana za pru\u017eanje dodatnih priklju\u010daka i mogu\u0107nosti povezivanja, ova spojna plo\u010da je autenti\u010dno i pouzdano rje\u0161enje za pro\u0161irenje mogu\u0107nosti va\u0161eg prijenosnog ra\u010dunala.<\/p>\n<p>Proizveden od strane Dell-a, pouzdanog lidera u ra\u010dunalnoj tehnologiji, Dell Latitude E7470 spojna plo\u010da s kabelom LS-C462P pomno je projektirana za besprijekornu integraciju s dizajnom va\u0161eg prijenosnog ra\u010dunala. Kao bitna komponenta za pro\u0161irenu povezanost, ova plo\u010da nudi prakti\u010dne prednosti i pobolj\u0161anu svestranost.<\/p>\n<p>Bez obzira spajate li vanjske ure\u0111aje, periferne ure\u0111aje ili dodatke, ova razvodna plo\u010da osigurava jednostavan pristup dodatnim priklju\u010dcima kao \u0161to su USB, audio ili druga su\u010delja. To vam omogu\u0107uje da pro\u0161irite mogu\u0107nosti prijenosnog ra\u010dunala i pojednostavite postupak povezivanja vi\u0161e ure\u0111aja.<\/p>\n<p>Instalacija je jednostavna jer je ova spojna plo\u010da dizajnirana da bez problema zamijeni postoje\u0107u plo\u010du va\u0161eg prijenosnog ra\u010dunala. Odabirom autenti\u010dnih Dell dijelova ula\u017eete u kvalitetu, pouzdanost i pobolj\u0161anu povezanost va\u0161eg prijenosnog ra\u010dunala.<\/p>\n<p>Nadogradite mogu\u0107nosti povezivanja va\u0161eg prijenosnog ra\u010dunala s Dell Latitude E7470 spojnom plo\u010dom s kabelom LS-C462P. U\u017eivajte u pobolj\u0161anoj svestranosti i pobolj\u0161anoj dostupnosti nizu priklju\u010daka za vrhunsko ra\u010dunalno iskustvo.<\/p>\n<p>Prije kupnje provjerite kompatibilnost s odre\u0111enim modelom prijenosnog ra\u010dunala.<\/p>\n","protected":false},"excerpt":{"rendered":"<p>Pro\u0161irite mogu\u0107nosti povezivanja svog prijenosnog ra\u010dunala Dell Latitude E7470 s Dell Latitude E7470 spojnom plo\u010dom s kabelom LS-C462P. U\u017eivajte u jednostavnom pristupu dodatnim priklju\u010dcima i pobolj\u0161anoj svestranosti za vrhunsko ra\u010dunalno iskustvo.<\/p>\n","protected":false},"featured_media":19504,"template":"","meta":[],"product_brand":[],"product_cat":[62],"product_tag":[52],"class_list":{"0":"post-19436","1":"product","2":"type-product","3":"status-publish","4":"has-post-thumbnail","6":"product_cat-motherboards-board-parts","7":"product_tag-dell","9":"first","10":"instock","11":"taxable","12":"shipping-taxable","13":"purchasable","14":"product-type-simple"},"_links":{"self":[{"href":"https:\/\/boreait.com\/hr\/wp-json\/wp\/v2\/product\/19436","targetHints":{"allow":["GET"]}}],"collection":[{"href":"https:\/\/boreait.com\/hr\/wp-json\/wp\/v2\/product"}],"about":[{"href":"https:\/\/boreait.com\/hr\/wp-json\/wp\/v2\/types\/product"}],"wp:featuredmedia":[{"embeddable":true,"href":"https:\/\/boreait.com\/hr\/wp-json\/wp\/v2\/media\/19504"}],"wp:attachment":[{"href":"https:\/\/boreait.com\/hr\/wp-json\/wp\/v2\/media?parent=19436"}],"wp:term":[{"taxonomy":"product_brand","embeddable":true,"href":"https:\/\/boreait.com\/hr\/wp-json\/wp\/v2\/product_brand?post=19436"},{"taxonomy":"product_cat","embeddable":true,"href":"https:\/\/boreait.com\/hr\/wp-json\/wp\/v2\/product_cat?post=19436"},{"taxonomy":"product_tag","embeddable":true,"href":"https:\/\/boreait.com\/hr\/wp-json\/wp\/v2\/product_tag?post=19436"}],"curies":[{"name":"wp","href":"https:\/\/api.w.org\/{rel}","templated":true}]}}