{"id":19418,"date":"2025-07-25T11:07:30","date_gmt":"2025-07-25T11:07:30","guid":{"rendered":"https:\/\/boreait.com\/hr\/?post_type=product&#038;p=19418"},"modified":"2026-01-07T08:01:53","modified_gmt":"2026-01-07T08:01:53","slug":"lenovo-z50-70-kabel-zaslona-video-kabel-dc02001mc00","status":"publish","type":"product","link":"https:\/\/boreait.com\/hr\/product\/lenovo-z50-70-kabel-zaslona-video-kabel-dc02001mc00\/","title":{"rendered":"Lenovo Z50-70 kabel zaslona Video kabel DC02001MC00"},"content":{"rendered":"<p>Pobolj\u0161ajte svoje vizualno iskustvo na prijenosnom ra\u010dunalu Lenovo Z50-70 s Lenovo Z50-70 zaslonskim kabelom Video kabelom DC02001MC00. Dizajniran za prijenos video signala visoke kvalitete izme\u0111u zaslona va\u0161eg prijenosnog ra\u010dunala i mati\u010dne plo\u010de, ovaj video kabel osigurava besprijekorne i \u017eivopisne slike za pobolj\u0161ano ra\u010dunalno iskustvo.<\/p>\n<p>Proizveden od strane Lenovo, renomiranog lidera u ra\u010dunalnoj tehnologiji, Lenovo Z50-70 Display Cable Video Cable DC02001MC00 pomno je konstruiran za besprijekornu integraciju s dizajnom va\u0161eg prijenosnog ra\u010dunala. Kao bitna komponenta za video prijenos, ovaj kabel nudi i prakti\u010dne prednosti i pobolj\u0161ane performanse prikaza.<\/p>\n<p>Bilo da strujite videozapise, radite na dizajnerskim projektima ili igrate igrice, ovaj video kabel jam\u010di glatku i \u017eivopisnu sliku. Njegova visokokvalitetna konstrukcija osigurava da zaslon va\u0161eg prijenosnog ra\u010dunala precizno reproducira boje i detalje, pridonose\u0107i dojmljivom i ugodnom iskustvu gledanja.<\/p>\n<p>Instalacija je jednostavna jer je ovaj video kabel dizajniran za izravno spajanje na zaslon va\u0161eg prijenosnog ra\u010dunala i konektore mati\u010dne plo\u010de. Odabirom autenti\u010dnih Lenovo dijelova ula\u017eete u kvalitetu, pouzdanost i pobolj\u0161ane performanse zaslona va\u0161eg prijenosnog ra\u010dunala.<\/p>\n<p>Nadogradite svoje vizualno iskustvo s Lenovo Z50-70 Display Cable Video Cable DC02001MC00. U\u017eivajte u besprijekornim i \u017eivopisnim vizualima za pobolj\u0161ano iskustvo multimedije i produktivnosti.<\/p>\n<p>Prije kupnje provjerite kompatibilnost s odre\u0111enim modelom prijenosnog ra\u010dunala.<\/p>\n","protected":false},"excerpt":{"rendered":"<p>Pobolj\u0161ajte svoje vizualno iskustvo na prijenosnom ra\u010dunalu Lenovo Z50-70 s Lenovo Z50-70 Display Cable Video Cable DC02001MC00. U\u017eivajte u glatkim i \u017eivopisnim vizualnim prikazima za pobolj\u0161ano iskustvo multimedije i produktivnosti.<\/p>\n","protected":false},"featured_media":19491,"template":"","meta":[],"product_brand":[],"product_cat":[55],"product_tag":[61],"class_list":{"0":"post-19418","1":"product","2":"type-product","3":"status-publish","4":"has-post-thumbnail","6":"product_cat-cables","7":"product_tag-lenovo","9":"first","10":"instock","11":"taxable","12":"shipping-taxable","13":"purchasable","14":"product-type-simple"},"_links":{"self":[{"href":"https:\/\/boreait.com\/hr\/wp-json\/wp\/v2\/product\/19418","targetHints":{"allow":["GET"]}}],"collection":[{"href":"https:\/\/boreait.com\/hr\/wp-json\/wp\/v2\/product"}],"about":[{"href":"https:\/\/boreait.com\/hr\/wp-json\/wp\/v2\/types\/product"}],"wp:featuredmedia":[{"embeddable":true,"href":"https:\/\/boreait.com\/hr\/wp-json\/wp\/v2\/media\/19491"}],"wp:attachment":[{"href":"https:\/\/boreait.com\/hr\/wp-json\/wp\/v2\/media?parent=19418"}],"wp:term":[{"taxonomy":"product_brand","embeddable":true,"href":"https:\/\/boreait.com\/hr\/wp-json\/wp\/v2\/product_brand?post=19418"},{"taxonomy":"product_cat","embeddable":true,"href":"https:\/\/boreait.com\/hr\/wp-json\/wp\/v2\/product_cat?post=19418"},{"taxonomy":"product_tag","embeddable":true,"href":"https:\/\/boreait.com\/hr\/wp-json\/wp\/v2\/product_tag?post=19418"}],"curies":[{"name":"wp","href":"https:\/\/api.w.org\/{rel}","templated":true}]}}