{"id":19417,"date":"2025-07-25T11:07:30","date_gmt":"2025-07-25T11:07:30","guid":{"rendered":"https:\/\/boreait.com\/hr\/?post_type=product&#038;p=19417"},"modified":"2025-07-25T11:08:54","modified_gmt":"2025-07-25T11:08:54","slug":"originalni-lenovo-g50-80-zvucnici-pk23000jz00","status":"publish","type":"product","link":"https:\/\/boreait.com\/hr\/product\/originalni-lenovo-g50-80-zvucnici-pk23000jz00\/","title":{"rendered":"Originalni Lenovo G50-80 zvu\u010dnici PK23000JZ00"},"content":{"rendered":"<p>Pobolj\u0161ajte svoje audio iskustvo na originalnom prijenosnom ra\u010dunalu Lenovo G50-80 s originalnim Lenovo G50-80 zvu\u010dnicima PK23000JZ00. Dizajnirani za pru\u017eanje jasnog i impresivnog zvuka, ovi su zvu\u010dnici pouzdana i autenti\u010dna zamjena ili nadogradnja za audio sustav va\u0161eg prijenosnog ra\u010dunala.<\/p>\n<p>Proizveden od strane Lenovo, pouzdanog imena u ra\u010dunalnoj tehnologiji, originalni Lenovo G50-80 zvu\u010dnici PK23000JZ00 izra\u0111eni su s precizno\u0161\u0107u kako bi se neprimjetno integrirali u dizajn va\u0161eg prijenosnog ra\u010dunala. Kao bitne komponente za audio izlaz, ovi zvu\u010dnici nude i prakti\u010dne prednosti i pobolj\u0161anu kvalitetu zvuka.<\/p>\n<p>Bilo da gledate filmove, slu\u0161ate glazbu ili sudjelujete u videopozivima, ovi zvu\u010dnici osiguravaju u\u017eivanje u bogatom i detaljnom zvuku. Svojom visokokvalitetnom konstrukcijom reproduciraju \u0161irok raspon frekvencija, pru\u017eaju\u0107i dobro zaokru\u017een i uravnote\u017een zvu\u010dni profil.<\/p>\n<p>Instalacija je jednostavna jer su ovi zvu\u010dnici dizajnirani da stanu izravno u utore za zvu\u010dnike va\u0161eg prijenosnog ra\u010dunala. Odabirom autenti\u010dnih Lenovo dijelova ula\u017eete u kvalitetu, pouzdanost i pobolj\u0161ane audio performanse va\u0161eg prijenosnog ra\u010dunala.<\/p>\n<p>Nadogradite svoje audio iskustvo s originalnim Lenovo G50-80 zvu\u010dnicima PK23000JZ00. U\u017eivajte u \u010distom i impresivnom zvuku za pobolj\u0161ano multimedijsko i komunikacijsko iskustvo.<\/p>\n<p>Prije kupnje provjerite kompatibilnost s odre\u0111enim modelom prijenosnog ra\u010dunala.<\/p>\n","protected":false},"excerpt":{"rendered":"<p>Nadogradite svoje audio iskustvo na originalnom prijenosnom ra\u010dunalu Lenovo G50-80 s originalnim Lenovo G50-80 zvu\u010dnicima PK23000JZ00. U\u017eivajte u \u010distom i impresivnom zvuku za pobolj\u0161ano multimedijsko i komunikacijsko iskustvo.<\/p>\n","protected":false},"featured_media":19490,"template":"","meta":[],"product_brand":[],"product_cat":[53],"product_tag":[61],"class_list":{"0":"post-19417","1":"product","2":"type-product","3":"status-publish","4":"has-post-thumbnail","6":"product_cat-laptop-speakers","7":"product_tag-lenovo","9":"first","10":"instock","11":"taxable","12":"shipping-taxable","13":"purchasable","14":"product-type-simple"},"_links":{"self":[{"href":"https:\/\/boreait.com\/hr\/wp-json\/wp\/v2\/product\/19417","targetHints":{"allow":["GET"]}}],"collection":[{"href":"https:\/\/boreait.com\/hr\/wp-json\/wp\/v2\/product"}],"about":[{"href":"https:\/\/boreait.com\/hr\/wp-json\/wp\/v2\/types\/product"}],"wp:featuredmedia":[{"embeddable":true,"href":"https:\/\/boreait.com\/hr\/wp-json\/wp\/v2\/media\/19490"}],"wp:attachment":[{"href":"https:\/\/boreait.com\/hr\/wp-json\/wp\/v2\/media?parent=19417"}],"wp:term":[{"taxonomy":"product_brand","embeddable":true,"href":"https:\/\/boreait.com\/hr\/wp-json\/wp\/v2\/product_brand?post=19417"},{"taxonomy":"product_cat","embeddable":true,"href":"https:\/\/boreait.com\/hr\/wp-json\/wp\/v2\/product_cat?post=19417"},{"taxonomy":"product_tag","embeddable":true,"href":"https:\/\/boreait.com\/hr\/wp-json\/wp\/v2\/product_tag?post=19417"}],"curies":[{"name":"wp","href":"https:\/\/api.w.org\/{rel}","templated":true}]}}