{"id":19416,"date":"2025-07-25T11:07:29","date_gmt":"2025-07-25T11:07:29","guid":{"rendered":"https:\/\/boreait.com\/hr\/?post_type=product&#038;p=19416"},"modified":"2025-07-25T11:08:52","modified_gmt":"2025-07-25T11:08:52","slug":"zamjenske-sarke-za-prijenosna-racunala-za-lenovo-g50-g50-30-g50-45-g50-70-g50-75-g50-80-z50-z50-45-z50-70","status":"publish","type":"product","link":"https:\/\/boreait.com\/hr\/product\/zamjenske-sarke-za-prijenosna-racunala-za-lenovo-g50-g50-30-g50-45-g50-70-g50-75-g50-80-z50-z50-45-z50-70\/","title":{"rendered":"Zamjenske \u0161arke za prijenosna ra\u010dunala za lenovo G50 G50 30 G50 45 G50 70 G50 75 G50-80 Z50 Z50 45 Z50 70"},"content":{"rendered":"<p>Nadogradite stabilnost i funkcionalnost svog prijenosnog ra\u010dunala s ovim zamjenskim \u0161arkama za prijenosno ra\u010dunalo dizajniranim za modele Lenovo G50, G50-30, G50-45, G50-70, G50-75, G50-80, Z50, Z50-45 i Z50-70. Ove \u0161arke izra\u0111ene su kako bi osigurale sigurnu i pouzdanu vezu izme\u0111u zaslona i ku\u0107i\u0161ta va\u0161eg prijenosnog ra\u010dunala, osiguravaju\u0107i glatko otvaranje i zatvaranje dok istovremeno pobolj\u0161avaju ukupni strukturni integritet va\u0161eg prijenosnog ra\u010dunala.<\/p>\n<p>Proizvedene u skladu sa strogim standardima kvalitete, ove zamjenske \u0161arke za prijenosna ra\u010dunala nude pouzdano rje\u0161enje za one koji tra\u017ee pobolj\u0161anu izdr\u017eljivost i performanse. Dizajnirani da budu izravna zamjena za postoje\u0107e \u0161arke va\u0161eg prijenosnog ra\u010dunala, oni omogu\u0107uju jednostavan postupak instalacije koji se besprijekorno uskla\u0111uje s originalnim komponentama va\u0161eg prijenosnog ra\u010dunala.<\/p>\n<p>Bez obzira na to koristite li svoje prijenosno ra\u010dunalo za posao, zabavu ili kreativne projekte, imati pouzdane \u0161arke neophodno je za sprje\u010davanje klimanja zaslona, neuskla\u0111enosti ili o\u0161te\u0107enja tijekom redovite upotrebe. Ove zamjenske \u0161arke poma\u017eu u odr\u017eavanju pravilnog poravnanja i stabilnosti, omogu\u0107uju\u0107i vam da svoje prijenosno ra\u010dunalo koristite s pouzdanjem i lako\u0107om.<\/p>\n<p>S ovim zamjenskim \u0161arkama za prijenosno ra\u010dunalo ula\u017eete u dugoro\u010dnu funkcionalnost i strukturni integritet svog prijenosnog ra\u010dunala. Nadogradite svoje iskustvo prijenosnog ra\u010dunala u\u017eivaju\u0107i u glatkijim pokretima otvaranja i zatvaranja, pobolj\u0161anoj stabilnosti i produ\u017eenoj upotrebi va\u0161eg ure\u0111aja.<\/p>\n<p>Prije kupnje provjerite kompatibilnost s modelom va\u0161eg prijenosnog ra\u010dunala.<\/p>\n","protected":false},"excerpt":{"rendered":"<p>Nadogradite stabilnost i funkcionalnost prijenosnog ra\u010dunala Lenovo G50, G50-30, G50-45, G50-70, G50-75, G50-80, Z50, Z50-45 ili Z50-70 s ovim zamjenskim \u0161arkama za prijenosno ra\u010dunalo. U\u017eivajte u glatkijim pokretima zaslona i pobolj\u0161anom strukturnom integritetu za pobolj\u0161ano iskustvo prijenosnog ra\u010dunala.<\/p>\n","protected":false},"featured_media":19489,"template":"","meta":[],"product_brand":[],"product_cat":[54],"product_tag":[61],"class_list":{"0":"post-19416","1":"product","2":"type-product","3":"status-publish","4":"has-post-thumbnail","6":"product_cat-screen-hinge","7":"product_tag-lenovo","9":"first","10":"instock","11":"taxable","12":"shipping-taxable","13":"purchasable","14":"product-type-simple"},"_links":{"self":[{"href":"https:\/\/boreait.com\/hr\/wp-json\/wp\/v2\/product\/19416","targetHints":{"allow":["GET"]}}],"collection":[{"href":"https:\/\/boreait.com\/hr\/wp-json\/wp\/v2\/product"}],"about":[{"href":"https:\/\/boreait.com\/hr\/wp-json\/wp\/v2\/types\/product"}],"wp:featuredmedia":[{"embeddable":true,"href":"https:\/\/boreait.com\/hr\/wp-json\/wp\/v2\/media\/19489"}],"wp:attachment":[{"href":"https:\/\/boreait.com\/hr\/wp-json\/wp\/v2\/media?parent=19416"}],"wp:term":[{"taxonomy":"product_brand","embeddable":true,"href":"https:\/\/boreait.com\/hr\/wp-json\/wp\/v2\/product_brand?post=19416"},{"taxonomy":"product_cat","embeddable":true,"href":"https:\/\/boreait.com\/hr\/wp-json\/wp\/v2\/product_cat?post=19416"},{"taxonomy":"product_tag","embeddable":true,"href":"https:\/\/boreait.com\/hr\/wp-json\/wp\/v2\/product_tag?post=19416"}],"curies":[{"name":"wp","href":"https:\/\/api.w.org\/{rel}","templated":true}]}}