{"id":19396,"date":"2025-07-25T11:07:06","date_gmt":"2025-07-25T11:07:06","guid":{"rendered":"https:\/\/boreait.com\/hr\/?post_type=product&#038;p=19396"},"modified":"2026-01-07T13:44:39","modified_gmt":"2026-01-07T13:44:39","slug":"sk-hynix-hmt425s6afr6a-pb-2gb-pc3l-12800-1600mhz-ddr3l-204pin-so-dimm","status":"publish","type":"product","link":"https:\/\/boreait.com\/hr\/product\/sk-hynix-hmt425s6afr6a-pb-2gb-pc3l-12800-1600mhz-ddr3l-204pin-so-dimm\/","title":{"rendered":"SK hynix HMT425S6AFR6A-PB 2GB PC3L-12800 1600Mhz DDR3L 204Pin SO-DIMM"},"content":{"rendered":"<p>Nadogradite performanse memorije i mogu\u0107nosti multitaskinga va\u0161eg prijenosnog ra\u010dunala sa SK hynix HMT425S6AFR6A-PB 2GB PC3L-12800 1600MHz DDR3L 204Pin SO-DIMM. Dizajniran za pru\u017eanje u\u010dinkovitih i pouzdanih memorijskih operacija, ovaj RAM modul pobolj\u0161ava odziv va\u0161eg prijenosnog ra\u010dunala i cjelokupno ra\u010dunalno iskustvo za pobolj\u0161anu produktivnost i performanse.<\/p>\n<p>Proizveden od strane SK hynixa, cijenjenog lidera u memorijskoj tehnologiji, HMT425S6AFR6A-PB 2GB PC3L-12800 1600MHz DDR3L 204Pin SO-DIMM pomno je izra\u0111en za besprijekornu integraciju s dizajnom va\u0161eg prijenosnog ra\u010dunala. Kao bitna komponenta za upravljanje memorijom, ovaj RAM modul nudi i prakti\u010dne prednosti i naprednu memorijsku tehnologiju.<\/p>\n<p>Bilo da koristite svoje prijenosno ra\u010dunalo za multitasking, stvaranje sadr\u017eaja ili igranje, ovaj RAM modul osigurava glatke i brze memorijske operacije za besprijekoran rad aplikacija. Njegove mogu\u0107nosti velike brzine i u\u010dinkovita brzina prijenosa podataka pridonose ukupnom pobolj\u0161anom iskustvu rada s ra\u010dunalom.<\/p>\n<p>Instalacija je jednostavna zahvaljuju\u0107i dizajnu koji je uskla\u0111en s originalnim komponentama va\u0161eg prijenosnog ra\u010dunala. Odabirom autenti\u010dne SK hynix memorije, ula\u017eete u kvalitetu, pouzdanost i pobolj\u0161ane performanse memorije va\u0161eg prijenosnog ra\u010dunala.<\/p>\n<p>Nadogradite performanse memorije va\u0161eg prijenosnog ra\u010dunala i mogu\u0107nosti multitaskinga sa SK hynix HMT425S6AFR6A-PB 2GB PC3L-12800 1600MHz DDR3L 204Pin SO-DIMM. U\u017eivajte u br\u017eim memorijskim operacijama, pobolj\u0161anom multitaskingu i sveukupno pobolj\u0161anom iskustvu rada s ra\u010dunalom.<\/p>\n<p>Prije kupnje provjerite kompatibilnost s odre\u0111enim modelom prijenosnog ra\u010dunala.<\/p>\n","protected":false},"excerpt":{"rendered":"<p>Pobolj\u0161ajte performanse memorije va\u0161eg prijenosnog ra\u010dunala sa SK hynix HMT425S6AFR6A-PB 2GB PC3L-12800 1600MHz DDR3L 204Pin SO-DIMM. Nadogradite mogu\u0107nosti multitaskinga za pobolj\u0161anu produktivnost i izvedbu.<\/p>\n","protected":false},"featured_media":19469,"template":"","meta":[],"product_brand":[],"product_cat":[72,71],"product_tag":[],"class_list":{"0":"post-19396","1":"product","2":"type-product","3":"status-publish","4":"has-post-thumbnail","6":"product_cat-ddr3-ddr3l","7":"product_cat-ram-memory","9":"first","10":"instock","11":"taxable","12":"shipping-taxable","13":"purchasable","14":"product-type-simple"},"_links":{"self":[{"href":"https:\/\/boreait.com\/hr\/wp-json\/wp\/v2\/product\/19396","targetHints":{"allow":["GET"]}}],"collection":[{"href":"https:\/\/boreait.com\/hr\/wp-json\/wp\/v2\/product"}],"about":[{"href":"https:\/\/boreait.com\/hr\/wp-json\/wp\/v2\/types\/product"}],"wp:featuredmedia":[{"embeddable":true,"href":"https:\/\/boreait.com\/hr\/wp-json\/wp\/v2\/media\/19469"}],"wp:attachment":[{"href":"https:\/\/boreait.com\/hr\/wp-json\/wp\/v2\/media?parent=19396"}],"wp:term":[{"taxonomy":"product_brand","embeddable":true,"href":"https:\/\/boreait.com\/hr\/wp-json\/wp\/v2\/product_brand?post=19396"},{"taxonomy":"product_cat","embeddable":true,"href":"https:\/\/boreait.com\/hr\/wp-json\/wp\/v2\/product_cat?post=19396"},{"taxonomy":"product_tag","embeddable":true,"href":"https:\/\/boreait.com\/hr\/wp-json\/wp\/v2\/product_tag?post=19396"}],"curies":[{"name":"wp","href":"https:\/\/api.w.org\/{rel}","templated":true}]}}