{"id":19391,"date":"2025-07-25T11:07:05","date_gmt":"2025-07-25T11:07:05","guid":{"rendered":"https:\/\/boreait.com\/hr\/?post_type=product&#038;p=19391"},"modified":"2026-01-07T08:01:02","modified_gmt":"2026-01-07T08:01:02","slug":"ploca-citaca-pametnih-kartica-dell-latitude-e5570-w-ribbon-r38x1-0r38x1-cn-0r38x1","status":"publish","type":"product","link":"https:\/\/boreait.com\/hr\/product\/ploca-citaca-pametnih-kartica-dell-latitude-e5570-w-ribbon-r38x1-0r38x1-cn-0r38x1\/","title":{"rendered":"Plo\u010da \u010dita\u010da pametnih kartica Dell Latitude E5570 W Ribbon R38X1 0R38X1 CN- 0R38X1"},"content":{"rendered":"<p>Nadogradite sigurnost i funkcionalnost va\u0161eg prijenosnog ra\u010dunala Dell Latitude E5570 s plo\u010dom \u010dita\u010da pametnih kartica Dell Latitude E5570 W Ribbon R38X1 0R38X1 CN-0R38X1. Dizajnirana za pru\u017eanje sigurne provjere autenti\u010dnosti i za\u0161tite podataka, ova plo\u010da \u010dita\u010da pametnih kartica s vrpcom pobolj\u0161ava sigurnosne mjere i cjelokupnu funkcionalnost va\u0161eg prijenosnog ra\u010dunala za pobolj\u0161ano ra\u010dunalno iskustvo.<\/p>\n<p>Proizveden od strane Dell-a, pouzdanog lidera u ra\u010dunalnoj tehnologiji, plo\u010da \u010dita\u010da pametnih kartica Dell Latitude E5570 W Ribbon R38X1 0R38X1 CN-0R38X1 pomno je izra\u0111ena za besprijekornu integraciju s dizajnom va\u0161eg prijenosnog ra\u010dunala. Kao bitna komponenta za pobolj\u0161anu sigurnost, ova plo\u010da \u010dita\u010da pametnih kartica nudi i prakti\u010dne prednosti i naprednu tehnologiju.<\/p>\n<p>Bez obzira koristite li prijenosno ra\u010dunalo za rad, produktivnost ili rukovanje osjetljivim podacima, ova plo\u010da \u010dita\u010da pametnih kartica osigurava sigurnu autentifikaciju i za\u0161titu podataka. Njegov precizni in\u017eenjering jam\u010di pouzdan rad, pridonose\u0107i ukupnoj sigurnosti i u\u010dinkovitosti rada va\u0161eg prijenosnog ra\u010dunala.<\/p>\n<p>Instalacija je jednostavna zahvaljuju\u0107i dizajnu koji je uskla\u0111en s originalnim komponentama va\u0161eg prijenosnog ra\u010dunala. Odabirom autenti\u010dnih Dell dijelova ula\u017eete u kvalitetu, pouzdanost i pobolj\u0161anu sigurnost svog prijenosnog ra\u010dunala.<\/p>\n<p>Nadogradite sigurnosne mjere i funkcionalnost svog prijenosnog ra\u010dunala s plo\u010dom \u010dita\u010da pametnih kartica Dell Latitude E5570 W Ribbon R38X1 0R38X1 CN-0R38X1. U\u017eivajte u pobolj\u0161anoj autentifikaciji, za\u0161titi podataka i ukupnom pobolj\u0161anom iskustvu rada s ra\u010dunalom.<\/p>\n<p>Prije kupnje provjerite kompatibilnost s odre\u0111enim modelom prijenosnog ra\u010dunala.<\/p>\n","protected":false},"excerpt":{"rendered":"<p>Pobolj\u0161ajte svoje prijenosno ra\u010dunalo Dell Latitude E5570 Dell Latitude E5570 \u010dita\u010dem pametnih kartica W Ribbon R38X1 0R38X1 CN-0R38X1. Nadogradite sigurnosne mjere za pobolj\u0161anu autentifikaciju i za\u0161titu podataka.<\/p>\n","protected":false},"featured_media":19464,"template":"","meta":[],"product_brand":[],"product_cat":[62],"product_tag":[52],"class_list":{"0":"post-19391","1":"product","2":"type-product","3":"status-publish","4":"has-post-thumbnail","6":"product_cat-motherboards-board-parts","7":"product_tag-dell","9":"first","10":"instock","11":"taxable","12":"shipping-taxable","13":"purchasable","14":"product-type-simple"},"_links":{"self":[{"href":"https:\/\/boreait.com\/hr\/wp-json\/wp\/v2\/product\/19391","targetHints":{"allow":["GET"]}}],"collection":[{"href":"https:\/\/boreait.com\/hr\/wp-json\/wp\/v2\/product"}],"about":[{"href":"https:\/\/boreait.com\/hr\/wp-json\/wp\/v2\/types\/product"}],"wp:featuredmedia":[{"embeddable":true,"href":"https:\/\/boreait.com\/hr\/wp-json\/wp\/v2\/media\/19464"}],"wp:attachment":[{"href":"https:\/\/boreait.com\/hr\/wp-json\/wp\/v2\/media?parent=19391"}],"wp:term":[{"taxonomy":"product_brand","embeddable":true,"href":"https:\/\/boreait.com\/hr\/wp-json\/wp\/v2\/product_brand?post=19391"},{"taxonomy":"product_cat","embeddable":true,"href":"https:\/\/boreait.com\/hr\/wp-json\/wp\/v2\/product_cat?post=19391"},{"taxonomy":"product_tag","embeddable":true,"href":"https:\/\/boreait.com\/hr\/wp-json\/wp\/v2\/product_tag?post=19391"}],"curies":[{"name":"wp","href":"https:\/\/api.w.org\/{rel}","templated":true}]}}