{"id":19374,"date":"2025-07-25T11:06:43","date_gmt":"2025-07-25T11:06:43","guid":{"rendered":"https:\/\/boreait.com\/hr\/?post_type=product&#038;p=19374"},"modified":"2026-01-07T08:00:26","modified_gmt":"2026-01-07T08:00:26","slug":"modul-kamere-za-web-kameru-dell-latitude-e7470-0j8nnp","status":"publish","type":"product","link":"https:\/\/boreait.com\/hr\/product\/modul-kamere-za-web-kameru-dell-latitude-e7470-0j8nnp\/","title":{"rendered":"Modul kamere za web kameru Dell Latitude E7470 0J8NNP"},"content":{"rendered":"<p>Nadogradite multimedijske mogu\u0107nosti svog prijenosnog ra\u010dunala Dell Latitude E7470 s Dell Latitude E7470 modulom kamere web kamere 0J8NNP. Dizajniran za pru\u017eanje besprijekornog videokonferencijskog iskustva i iskustva snimanja, ovaj modul web kamere dodaje svestranost i funkcionalnost va\u0161em prijenosnom ra\u010dunalu, istovremeno osiguravaju\u0107i jasne slike i optimalne performanse.<\/p>\n<p>Proizveden od strane Dell-a, uglednog lidera u ra\u010dunalnoj tehnologiji, Dell Latitude E7470 Webcam Camera Module 0J8NNP pomno je izra\u0111en kako bi se neprimjetno integrirao u dizajn va\u0161eg prijenosnog ra\u010dunala. Kao bitna komponenta za komunikaciju i multimediju, ovaj modul web kamere nudi i prakti\u010dne prednosti i naprednu tehnologiju.<\/p>\n<p>Bilo da koristite prijenosno ra\u010dunalo za virtualne sastanke, videopozive ili snimanje sadr\u017eaja, ovaj modul web kamere pru\u017ea o\u0161tre i jasne slike, \u010dine\u0107i va\u0161u interakciju zanimljivijom i u\u010dinkovitijom. Njegovo precizno in\u017eenjerstvo jam\u010di pouzdane performanse i optimalnu kvalitetu slike, pridonose\u0107i besprijekornom multimedijskom iskustvu.<\/p>\n<p>Instalacija je bez muke zahvaljuju\u0107i dizajnu koji je uskla\u0111en s originalnim komponentama va\u0161eg prijenosnog ra\u010dunala. Odabirom autenti\u010dnih Dell dijelova ula\u017eete u kvalitetu, pouzdanost i pobolj\u0161ane multimedijske mogu\u0107nosti va\u0161eg prijenosnog ra\u010dunala.<\/p>\n<p>Nadogradite multimedijske mogu\u0107nosti svog prijenosnog ra\u010dunala s Dell Latitude E7470 modulom web kamere 0J8NNP. U\u017eivajte u o\u0161trijim i jasnijim videokonferencijama, pobolj\u0161anoj komunikaciji i sveukupno pobolj\u0161anom multimedijskom iskustvu.<\/p>\n<p>Prije kupnje provjerite kompatibilnost s odre\u0111enim modelom prijenosnog ra\u010dunala.<\/p>\n","protected":false},"excerpt":{"rendered":"<p>Pobolj\u0161ajte svoje prijenosno ra\u010dunalo Dell Latitude E7470 s Dell Latitude E7470 modulom web kamere 0J8NNP. Nadogradite svoje videokonferencijske i multimedijske mogu\u0107nosti za jasnije i zanimljivije interakcije.<\/p>\n","protected":false},"featured_media":19448,"template":"","meta":[],"product_brand":[],"product_cat":[58],"product_tag":[52],"class_list":{"0":"post-19374","1":"product","2":"type-product","3":"status-publish","4":"has-post-thumbnail","6":"product_cat-laptop-camera","7":"product_tag-dell","9":"first","10":"instock","11":"taxable","12":"shipping-taxable","13":"purchasable","14":"product-type-simple"},"_links":{"self":[{"href":"https:\/\/boreait.com\/hr\/wp-json\/wp\/v2\/product\/19374","targetHints":{"allow":["GET"]}}],"collection":[{"href":"https:\/\/boreait.com\/hr\/wp-json\/wp\/v2\/product"}],"about":[{"href":"https:\/\/boreait.com\/hr\/wp-json\/wp\/v2\/types\/product"}],"wp:featuredmedia":[{"embeddable":true,"href":"https:\/\/boreait.com\/hr\/wp-json\/wp\/v2\/media\/19448"}],"wp:attachment":[{"href":"https:\/\/boreait.com\/hr\/wp-json\/wp\/v2\/media?parent=19374"}],"wp:term":[{"taxonomy":"product_brand","embeddable":true,"href":"https:\/\/boreait.com\/hr\/wp-json\/wp\/v2\/product_brand?post=19374"},{"taxonomy":"product_cat","embeddable":true,"href":"https:\/\/boreait.com\/hr\/wp-json\/wp\/v2\/product_cat?post=19374"},{"taxonomy":"product_tag","embeddable":true,"href":"https:\/\/boreait.com\/hr\/wp-json\/wp\/v2\/product_tag?post=19374"}],"curies":[{"name":"wp","href":"https:\/\/api.w.org\/{rel}","templated":true}]}}