{"id":19281,"date":"2025-07-25T11:05:10","date_gmt":"2025-07-25T11:05:10","guid":{"rendered":"https:\/\/boreait.com\/hr\/?post_type=product&#038;p=19281"},"modified":"2025-07-25T11:05:59","modified_gmt":"2025-07-25T11:05:59","slug":"010172p00-gsh-g-kcericka-ploca-hp-elitebook-8570p-serijska-rs232-lan-kartica-2","status":"publish","type":"product","link":"https:\/\/boreait.com\/hr\/product\/010172p00-gsh-g-kcericka-ploca-hp-elitebook-8570p-serijska-rs232-lan-kartica-2\/","title":{"rendered":"010172P00-GSH-G (k\u0107eri\u010dka plo\u010da) HP Elitebook 8570p serijska RS232 &#038; LAN kartica"},"content":{"rendered":"<p>Pobolj\u0161ajte povezivost i svestranost svog prijenosnog ra\u010dunala HP EliteBook 8570p uz pomo\u0107nu plo\u010du 010172P00-GSH-G. Dizajnirana za optimiziranje mogu\u0107nosti povezivanja va\u0161eg prijenosnog ra\u010dunala, ova originalna Daughterboard nudi besprijekornu integraciju i pobolj\u0161anu funkcionalnost za pobolj\u0161ano ra\u010dunalno iskustvo.<\/p>\n<p>Proizvedena za HP-ov EliteBook 8570p, pouzdano ime u ra\u010dunalnoj tehnologiji, k\u0107erinska plo\u010da 010172P00-GSH-G projektirana je za pru\u017eanje pouzdanog serijskog RS232 i LAN povezivanja. Kao bitna komponenta internih sustava va\u0161eg prijenosnog ra\u010dunala, ova k\u0107erinska plo\u010da igra klju\u010dnu ulogu u pro\u0161irenju va\u0161ih mogu\u0107nosti povezivanja.<\/p>\n<p>Bilo da trebate uspostaviti RS232 serijsku komunikaciju ili \u017ei\u010dane LAN veze, ova k\u0107erinska plo\u010da nudi pogodnost i u\u010dinkovitost koju tra\u017eite. Jednostavno pove\u017eite naslije\u0111ene ure\u0111aje ili uspostavite pouzdane veze s lokalnom mre\u017eom, \u0161to ga \u010dini idealnim za profesionalce kojima su potrebne svestrane mogu\u0107nosti povezivanja.<\/p>\n<p>Instalacija je jednostavna zahvaljuju\u0107i dizajnu koji je uskla\u0111en s originalnim komponentama va\u0161eg prijenosnog ra\u010dunala.\u00a0 Odabirom autenti\u010dnih HP-ovih dijelova ula\u017eete u kvalitetu i pouzdanost povezivosti va\u0161eg prijenosnog ra\u010dunala.<\/p>\n<p>Nadogradite povezivost svog prijenosnog ra\u010dunala pomo\u0107u 010172P00-GSH-G k\u0107erinske plo\u010de za HP EliteBook 8570p. U\u017eivajte u pro\u0161irenim serijskim RS232 i LAN mogu\u0107nostima, pojednostavljenoj komunikaciji i raznovrsnim mogu\u0107nostima povezivanja. Unaprijedite svoje ra\u010dunalno iskustvo s ovom pouzdanom i u\u010dinkovitom k\u0107erinskom plo\u010dom.<\/p>\n<p>Prije kupnje provjerite kompatibilnost s odre\u0111enim modelom prijenosnog ra\u010dunala.<\/p>\n","protected":false},"excerpt":{"rendered":"<p>Pobolj\u0161ajte povezivost na svom prijenosnom ra\u010dunalu HP EliteBook 8570p pomo\u0107u k\u0107erinske plo\u010de 010172P00-GSH-G. U\u017eivajte u pro\u0161irenim serijskim RS232 i LAN mogu\u0107nostima za svestranu i pouzdanu komunikaciju.<\/p>\n","protected":false},"featured_media":19333,"template":"","meta":[],"product_brand":[],"product_cat":[62],"product_tag":[60],"class_list":{"0":"post-19281","1":"product","2":"type-product","3":"status-publish","4":"has-post-thumbnail","6":"product_cat-motherboards-board-parts","7":"product_tag-hp","9":"first","10":"instock","11":"taxable","12":"shipping-taxable","13":"purchasable","14":"product-type-simple"},"_links":{"self":[{"href":"https:\/\/boreait.com\/hr\/wp-json\/wp\/v2\/product\/19281","targetHints":{"allow":["GET"]}}],"collection":[{"href":"https:\/\/boreait.com\/hr\/wp-json\/wp\/v2\/product"}],"about":[{"href":"https:\/\/boreait.com\/hr\/wp-json\/wp\/v2\/types\/product"}],"wp:featuredmedia":[{"embeddable":true,"href":"https:\/\/boreait.com\/hr\/wp-json\/wp\/v2\/media\/19333"}],"wp:attachment":[{"href":"https:\/\/boreait.com\/hr\/wp-json\/wp\/v2\/media?parent=19281"}],"wp:term":[{"taxonomy":"product_brand","embeddable":true,"href":"https:\/\/boreait.com\/hr\/wp-json\/wp\/v2\/product_brand?post=19281"},{"taxonomy":"product_cat","embeddable":true,"href":"https:\/\/boreait.com\/hr\/wp-json\/wp\/v2\/product_cat?post=19281"},{"taxonomy":"product_tag","embeddable":true,"href":"https:\/\/boreait.com\/hr\/wp-json\/wp\/v2\/product_tag?post=19281"}],"curies":[{"name":"wp","href":"https:\/\/api.w.org\/{rel}","templated":true}]}}