{"id":19259,"date":"2025-07-25T11:04:47","date_gmt":"2025-07-25T11:04:47","guid":{"rendered":"https:\/\/boreait.com\/hr\/?post_type=product&#038;p=19259"},"modified":"2026-01-14T08:08:31","modified_gmt":"2026-01-14T08:08:31","slug":"hp-2760p-8460w-8760w-2560-8460p-f5521-hs2340-mobilna-sirokopojasna-3g-kartica-632155-001","status":"publish","type":"product","link":"https:\/\/boreait.com\/hr\/product\/hp-2760p-8460w-8760w-2560-8460p-f5521-hs2340-mobilna-sirokopojasna-3g-kartica-632155-001\/","title":{"rendered":"HP 2760P 8460W 8760W 2560 8460P F5521 HS2340 mobilna \u0161irokopojasna 3G kartica 632155-001"},"content":{"rendered":"<p>Nadogradite povezivost svog prijenosnog ra\u010dunala s HP 2760P 8460W 8760W 2560 8460P F5521 HS2340 mobilnom \u0161irokopojasnom 3G karticom 632155-001. Dizajnirana kako bi va\u0161em prijenosnom ra\u010dunalu omogu\u0107ila brzi 3G, ova originalna HP-ova kartica za mobilnu \u0161irokopojasnu vezu nudi besprijekorno i pouzdano rje\u0161enje za ostajanje povezani dok ste u pokretu.<\/p>\n<p>Bez obzira jeste li profesionalac koji \u010desto putuje ili student koji treba ostati produktivan izvan ku\u0107e ili ureda, ova mobilna \u0161irokopojasna kartica pru\u017ea vam slobodu pristupa internetu i va\u0161im mre\u017enim resursima gdje god se nalazili. Uz njegovu kompatibilnost s nizom HP modela prijenosnih ra\u010dunala, uklju\u010duju\u0107i 2760P, 8460W, 8760W, 2560 i 8460P, lako mo\u017eete pobolj\u0161ati povezivost svog prijenosnog ra\u010dunala bez kompromisa u pogledu performansi.<\/p>\n<p>F5521 HS2340 mobilna \u0161irokopojasna kartica mo\u017ee se pohvaliti naprednom tehnologijom koja osigurava stabilne i brze 3G veze. S lako\u0107om pregledavajte web, \u0161aljite e-po\u0161tu i sudjelujte u videokonferencijama, dok u\u017eivate u dosljednoj i pouzdanoj mre\u017enoj izvedbi. Ova vam kartica omogu\u0107uje da budete u toku s radnim zadacima, sura\u0111ujete s kolegama i ostanete povezani s prijateljima i obitelji, \u010dak i kada su tradicionalne Wi-Fi mre\u017ee nedostupne.<\/p>\n<p>Instalacija je lagana, zahvaljuju\u0107i jednostavnom dizajnu HP 2760P 8460W 8760W 2560 8460P F5521 HS2340 mobilne \u0161irokopojasne 3G kartice. Jednom instalirane, mo\u017eete aktivirati i konfigurirati mobilne \u0161irokopojasne postavke prema svojim \u017eeljama, \u010dine\u0107i jo\u0161 lak\u0161im ostati povezan dok ste u pokretu.<\/p>\n<p>Ulo\u017eite u HP 2760P 8460W 8760W 2560 8460P F5521 HS2340 mobilnu \u0161irokopojasnu 3G karticu 632155-001 i u\u017eivajte u prednostima pobolj\u0161ane mobilnosti, produktivnosti i povezivosti. Ostanite ispred svih tako \u0161to \u0107ete opremiti svoje prijenosno ra\u010dunalo ovim pouzdanim i u\u010dinkovitim rje\u0161enjem za mobilnu \u0161irokopojasnu vezu i osigurati da uvijek budete povezani, bez obzira na to gdje vas put odvede u Europi.<\/p>\n<p>Napomena: prije kupnje provjerite kompatibilnost s modelom prijenosnog ra\u010dunala.<\/p>\n","protected":false},"excerpt":{"rendered":"<p>Pobolj\u0161ajte povezivost svog prijenosnog ra\u010dunala pomo\u0107u HP 2760P 8460W 8760W 2560 8460P F5521 HS2340 mobilne \u0161irokopojasne 3G kartice. Ostanite povezani dok ste u pokretu uz mogu\u0107nosti 3G velike brzine, osiguravaju\u0107i besprijekorno pregledavanje i komunikaciju. Nadogradite svoje prijenosno ra\u010dunalo ovom originalnom HP karticom za mobilnu \u0161irokopojasnu vezu za pobolj\u0161anu mobilnost i produktivnost.<\/p>\n","protected":false},"featured_media":19310,"template":"","meta":[],"product_brand":[],"product_cat":[62],"product_tag":[60],"class_list":{"0":"post-19259","1":"product","2":"type-product","3":"status-publish","4":"has-post-thumbnail","6":"product_cat-motherboards-board-parts","7":"product_tag-hp","9":"first","10":"instock","11":"taxable","12":"shipping-taxable","13":"purchasable","14":"product-type-simple"},"_links":{"self":[{"href":"https:\/\/boreait.com\/hr\/wp-json\/wp\/v2\/product\/19259","targetHints":{"allow":["GET"]}}],"collection":[{"href":"https:\/\/boreait.com\/hr\/wp-json\/wp\/v2\/product"}],"about":[{"href":"https:\/\/boreait.com\/hr\/wp-json\/wp\/v2\/types\/product"}],"wp:featuredmedia":[{"embeddable":true,"href":"https:\/\/boreait.com\/hr\/wp-json\/wp\/v2\/media\/19310"}],"wp:attachment":[{"href":"https:\/\/boreait.com\/hr\/wp-json\/wp\/v2\/media?parent=19259"}],"wp:term":[{"taxonomy":"product_brand","embeddable":true,"href":"https:\/\/boreait.com\/hr\/wp-json\/wp\/v2\/product_brand?post=19259"},{"taxonomy":"product_cat","embeddable":true,"href":"https:\/\/boreait.com\/hr\/wp-json\/wp\/v2\/product_cat?post=19259"},{"taxonomy":"product_tag","embeddable":true,"href":"https:\/\/boreait.com\/hr\/wp-json\/wp\/v2\/product_tag?post=19259"}],"curies":[{"name":"wp","href":"https:\/\/api.w.org\/{rel}","templated":true}]}}