{"id":19247,"date":"2025-07-25T11:04:25","date_gmt":"2025-07-25T11:04:25","guid":{"rendered":"https:\/\/boreait.com\/hr\/?post_type=product&#038;p=19247"},"modified":"2026-01-09T12:16:31","modified_gmt":"2026-01-09T12:16:31","slug":"am0vm000400-am0vm000300-oem-dell-hinge-kit-small-latitude-e7240","status":"publish","type":"product","link":"https:\/\/boreait.com\/hr\/product\/am0vm000400-am0vm000300-oem-dell-hinge-kit-small-latitude-e7240\/","title":{"rendered":"AM0VM000400 AM0VM000300 OEM DELL HINGE KIT SMALL LATITUDE E7240"},"content":{"rendered":"<p>Originalni Dell komplet \u0161arki AM0VM000400 AM0VM000300 za Latitude E7240<\/p>\n<p>Pobolj\u0161ajte funkcionalnost i izdr\u017eljivost svog prijenosnog ra\u010dunala Dell Latitude E7240 s ovim originalnim Dell kompletom \u0161arki AM0VM000400 AM0VM000300. Izra\u0111en da zadovolji visoke standarde tvrtke Dell, ovaj OEM komplet \u0161arki osigurava besprijekorno pristajanje i optimalnu izvedbu.<\/p>\n<p>Dizajniran za seriju Latitude E7240, ovaj komplet \u0161arki uklju\u010duje i lijeve i desne \u0161arke, pru\u017eaju\u0107i sveobuhvatnu podr\u0161ku za sklop zaslona. Bilo da mijenjate o\u0161te\u0107ene \u0161arke ili nadogra\u0111ujete komponente prijenosnog ra\u010dunala, ovaj originalni komplet \u0161arki jam\u010di savr\u0161eno pristajanje i pouzdan rad.<\/p>\n<p>Nadogradite svoje prijenosno ra\u010dunalo ovim originalnim Dell Hinge Kitom i zadr\u017eite strukturalni integritet svog ure\u0111aja. Nemojte raditi kompromise po pitanju kvalitete \u2013 odaberite originalni Dell komplet \u0161arki AM0VM000400 AM0VM000300 za Latitude E7240 kako biste osigurali sigurno i dugotrajno rje\u0161enje.<\/p>\n<p>Osigurajte pravilno pristajanje i optimalnu izvedbu za svoje prijenosno ra\u010dunalo odabirom originalnih Dell zamjenskih dijelova. Naru\u010dite svoj Dell komplet \u0161arki AM0VM000400 AM0VM000300 danas i do\u017eivite bezbri\u017enost koju donosi kori\u0161tenje autenti\u010dnih komponenti.<\/p>\n","protected":false},"excerpt":{"rendered":"<p>Originalni Dell komplet \u0161arki za Latitude E7240 &#8211; AM0VM000400 AM0VM000300<\/p>\n","protected":false},"featured_media":19298,"template":"","meta":[],"product_brand":[],"product_cat":[54],"product_tag":[],"class_list":{"0":"post-19247","1":"product","2":"type-product","3":"status-publish","4":"has-post-thumbnail","6":"product_cat-screen-hinge","8":"first","9":"instock","10":"taxable","11":"shipping-taxable","12":"purchasable","13":"product-type-simple"},"_links":{"self":[{"href":"https:\/\/boreait.com\/hr\/wp-json\/wp\/v2\/product\/19247","targetHints":{"allow":["GET"]}}],"collection":[{"href":"https:\/\/boreait.com\/hr\/wp-json\/wp\/v2\/product"}],"about":[{"href":"https:\/\/boreait.com\/hr\/wp-json\/wp\/v2\/types\/product"}],"wp:featuredmedia":[{"embeddable":true,"href":"https:\/\/boreait.com\/hr\/wp-json\/wp\/v2\/media\/19298"}],"wp:attachment":[{"href":"https:\/\/boreait.com\/hr\/wp-json\/wp\/v2\/media?parent=19247"}],"wp:term":[{"taxonomy":"product_brand","embeddable":true,"href":"https:\/\/boreait.com\/hr\/wp-json\/wp\/v2\/product_brand?post=19247"},{"taxonomy":"product_cat","embeddable":true,"href":"https:\/\/boreait.com\/hr\/wp-json\/wp\/v2\/product_cat?post=19247"},{"taxonomy":"product_tag","embeddable":true,"href":"https:\/\/boreait.com\/hr\/wp-json\/wp\/v2\/product_tag?post=19247"}],"curies":[{"name":"wp","href":"https:\/\/api.w.org\/{rel}","templated":true}]}}