{"id":19246,"date":"2025-07-25T11:04:25","date_gmt":"2025-07-25T11:04:25","guid":{"rendered":"https:\/\/boreait.com\/hr\/?post_type=product&#038;p=19246"},"modified":"2026-01-14T08:07:30","modified_gmt":"2026-01-14T08:07:30","slug":"originalni-hp-elitebook-840-850-g1-zbook-14-series-ploca-s-gumbom-za-ukljucivanje-6050a2560301","status":"publish","type":"product","link":"https:\/\/boreait.com\/hr\/product\/originalni-hp-elitebook-840-850-g1-zbook-14-series-ploca-s-gumbom-za-ukljucivanje-6050a2560301\/","title":{"rendered":"Originalni HP EliteBook 840 850 G1 ZBook 14 Series plo\u010da s gumbom za uklju\u010divanje 6050A2560301"},"content":{"rendered":"<p>Pobolj\u0161ajte funkcionalnost svog prijenosnog ra\u010dunala s originalnom plo\u010dom gumba za uklju\u010divanje serije HP EliteBook 840 850 G1 ZBook 14. Dizajniran da besprijekorno stane u va\u0161 ure\u0111aj, ovaj originalni HP dodatak osigurava pouzdanost i performanse.<\/p>\n<p>Nadogradite svoje prijenosno ra\u010dunalo ovom plo\u010dom s gumbom za uklju\u010divanje\/isklju\u010divanje kako biste zadr\u017eali jednostavan pristup funkcijama napajanja va\u0161eg ure\u0111aja. Izra\u0111en prema HP-ovim visokim standardima, jam\u010di kompatibilnost i instalaciju bez muke. Unaprijedite svoje ra\u010dunalno iskustvo s ovom originalnom plo\u010dom s gumbom za napajanje.<\/p>\n","protected":false},"excerpt":{"rendered":"<p>Originalna plo\u010da HP EliteBook 840 850 G1 ZBook 14 s gumbom za uklju\u010divanje<\/p>\n","protected":false},"featured_media":19297,"template":"","meta":[],"product_brand":[],"product_cat":[62],"product_tag":[60],"class_list":{"0":"post-19246","1":"product","2":"type-product","3":"status-publish","4":"has-post-thumbnail","6":"product_cat-motherboards-board-parts","7":"product_tag-hp","9":"first","10":"instock","11":"taxable","12":"shipping-taxable","13":"purchasable","14":"product-type-simple"},"_links":{"self":[{"href":"https:\/\/boreait.com\/hr\/wp-json\/wp\/v2\/product\/19246","targetHints":{"allow":["GET"]}}],"collection":[{"href":"https:\/\/boreait.com\/hr\/wp-json\/wp\/v2\/product"}],"about":[{"href":"https:\/\/boreait.com\/hr\/wp-json\/wp\/v2\/types\/product"}],"wp:featuredmedia":[{"embeddable":true,"href":"https:\/\/boreait.com\/hr\/wp-json\/wp\/v2\/media\/19297"}],"wp:attachment":[{"href":"https:\/\/boreait.com\/hr\/wp-json\/wp\/v2\/media?parent=19246"}],"wp:term":[{"taxonomy":"product_brand","embeddable":true,"href":"https:\/\/boreait.com\/hr\/wp-json\/wp\/v2\/product_brand?post=19246"},{"taxonomy":"product_cat","embeddable":true,"href":"https:\/\/boreait.com\/hr\/wp-json\/wp\/v2\/product_cat?post=19246"},{"taxonomy":"product_tag","embeddable":true,"href":"https:\/\/boreait.com\/hr\/wp-json\/wp\/v2\/product_tag?post=19246"}],"curies":[{"name":"wp","href":"https:\/\/api.w.org\/{rel}","templated":true}]}}