{"id":19245,"date":"2025-07-25T11:04:25","date_gmt":"2025-07-25T11:04:25","guid":{"rendered":"https:\/\/boreait.com\/hr\/?post_type=product&#038;p=19245"},"modified":"2026-01-09T12:16:07","modified_gmt":"2026-01-09T12:16:07","slug":"ls-9632p-originalna-originalna-lenovo-usb-ploca-s-kabelom-serije-g500","status":"publish","type":"product","link":"https:\/\/boreait.com\/hr\/product\/ls-9632p-originalna-originalna-lenovo-usb-ploca-s-kabelom-serije-g500\/","title":{"rendered":"LS-9632P ORIGINALNA ORIGINALNA LENOVO USB PLO\u010cA S KABELOM SERIJE G500"},"content":{"rendered":"<p>Unaprijedite povezivost prijenosnog ra\u010dunala serije Lenovo G500 s LS-9632P USB plo\u010dom s kabelom. Ovaj originalni Lenovo dodatak dizajniran je za pro\u0161irenje USB mogu\u0107nosti va\u0161eg prijenosnog ra\u010dunala, omogu\u0107uju\u0107i vam povezivanje raznih perifernih ure\u0111aja i ure\u0111aja za pobolj\u0161anu funkcionalnost.<\/p>\n<p>USB plo\u010da LS-9632P s kabelom posebno je izra\u0111ena za besprijekornu integraciju s va\u0161im prijenosnim ra\u010dunalom iz serije Lenovo G500, osiguravaju\u0107i kompatibilnost i pouzdan rad. Ovaj dodatak nudi dodatne USB priklju\u010dke koji zadovoljavaju va\u0161e razli\u010dite potrebe, bilo da se radi o povezivanju vanjskih tvrdih diskova, pisa\u010da, mi\u0161eva, tipkovnica ili drugih ure\u0111aja s USB-om.<\/p>\n<p>Instaliranje LS-9632P USB plo\u010de s kabelom jednostavan je postupak koji pove\u0107ava svestranost va\u0161eg prijenosnog ra\u010dunala u nekoliko minuta. Ova jednostavna instalacija osigurava da mo\u017eete u\u017eivati u pro\u0161irenoj USB povezivosti bez ikakvih komplikacija.<\/p>\n<p>S LS-9632P USB plo\u010dom s kabelom, do\u017eivjet \u0107ete pogodnost vi\u0161e USB priklju\u010daka na raspolaganju. Ovaj originalni Lenovo dodatak dizajniran je za odr\u017eavanje performansi i pouzdanosti va\u0161eg prijenosnog ra\u010dunala dok vam pru\u017ea dodatne opcije za povezivanje i upravljanje va\u0161im ure\u0111ajima.<\/p>\n<p>Bez obzira jeste li student, profesionalac ili povremeni korisnik, LS-9632P USB plo\u010da s kabelom dodaje vrijednost va\u0161em laptopu serije Lenovo G500 nude\u0107i pove\u0107ane mogu\u0107nosti povezivanja. Maksimalno pove\u0107ajte potencijal svog prijenosnog ra\u010dunala povezivanjem razli\u010ditih perifernih ure\u0111aja i ure\u0111aja istovremeno, pojednostavljuju\u0107i svoju produktivnost i u\u017eitak.<\/p>\n<p>Nadogradite povezivost prijenosnog ra\u010dunala serije Lenovo G500 s LS-9632P USB plo\u010dom s kabelom. Otklju\u010dajte snagu dodatnih USB priklju\u010daka i pobolj\u0161ajte svestranost svog prijenosnog ra\u010dunala za u\u010dinkovitije i besprijekorno iskustvo rada s ra\u010dunalom.<\/p>\n","protected":false},"excerpt":{"rendered":"<p>Nadogradite povezivost prijenosnog ra\u010dunala serije Lenovo G500 s LS-9632P USB plo\u010dom s kabelom. Ovaj originalni Lenovo dodatak nudi dodatne USB priklju\u010dke, pove\u0107avaju\u0107i svestranost va\u0161eg prijenosnog ra\u010dunala za povezivanje perifernih ure\u0111aja i ure\u0111aja.<\/p>\n","protected":false},"featured_media":19296,"template":"","meta":[],"product_brand":[],"product_cat":[62],"product_tag":[61],"class_list":{"0":"post-19245","1":"product","2":"type-product","3":"status-publish","4":"has-post-thumbnail","6":"product_cat-motherboards-board-parts","7":"product_tag-lenovo","9":"first","10":"instock","11":"taxable","12":"shipping-taxable","13":"purchasable","14":"product-type-simple"},"_links":{"self":[{"href":"https:\/\/boreait.com\/hr\/wp-json\/wp\/v2\/product\/19245","targetHints":{"allow":["GET"]}}],"collection":[{"href":"https:\/\/boreait.com\/hr\/wp-json\/wp\/v2\/product"}],"about":[{"href":"https:\/\/boreait.com\/hr\/wp-json\/wp\/v2\/types\/product"}],"wp:featuredmedia":[{"embeddable":true,"href":"https:\/\/boreait.com\/hr\/wp-json\/wp\/v2\/media\/19296"}],"wp:attachment":[{"href":"https:\/\/boreait.com\/hr\/wp-json\/wp\/v2\/media?parent=19245"}],"wp:term":[{"taxonomy":"product_brand","embeddable":true,"href":"https:\/\/boreait.com\/hr\/wp-json\/wp\/v2\/product_brand?post=19245"},{"taxonomy":"product_cat","embeddable":true,"href":"https:\/\/boreait.com\/hr\/wp-json\/wp\/v2\/product_cat?post=19245"},{"taxonomy":"product_tag","embeddable":true,"href":"https:\/\/boreait.com\/hr\/wp-json\/wp\/v2\/product_tag?post=19245"}],"curies":[{"name":"wp","href":"https:\/\/api.w.org\/{rel}","templated":true}]}}