{"id":19244,"date":"2025-07-25T11:04:25","date_gmt":"2025-07-25T11:04:25","guid":{"rendered":"https:\/\/boreait.com\/hr\/?post_type=product&#038;p=19244"},"modified":"2025-07-25T11:05:25","modified_gmt":"2025-07-25T11:05:25","slug":"hp-probook-470-g2-sata-hdd-adapterski-konektor-za-tvrdi-disk-ls-b187p","status":"publish","type":"product","link":"https:\/\/boreait.com\/hr\/product\/hp-probook-470-g2-sata-hdd-adapterski-konektor-za-tvrdi-disk-ls-b187p\/","title":{"rendered":"HP ProBook 470 G2 SATA HDD adapterski konektor za tvrdi disk LS-B187P"},"content":{"rendered":"<p>Pove\u0107ajte kapacitet pohrane va\u0161eg prijenosnog ra\u010dunala HP ProBook 470 G2 s LS-B187P SATA HDD adapterskim priklju\u010dkom za tvrdi disk. Ovaj originalni HP-ov dodatak nudi prakti\u010dno rje\u0161enje za dodavanje SATA tvrdih diskova va\u0161em prijenosnom ra\u010dunalu, omogu\u0107uju\u0107i vam da pro\u0161irite svoj prostor za pohranu i pohranite vi\u0161e datoteka, dokumenata, multimedije i aplikacija.<\/p>\n<p>Priklju\u010dak adaptera tvrdog diska LS-B187P SATA HDD posebno je dizajniran za besprijekornu integraciju s va\u0161im prijenosnim ra\u010dunalom HP ProBook 470 G2, osiguravaju\u0107i postupak instalacije bez muke. Ovaj dodatak pru\u017ea potrebno su\u010delje za povezivanje i kori\u0161tenje SATA tvrdih diskova, daju\u0107i vam fleksibilnost da odaberete kapacitet pohrane koji odgovara va\u0161im potrebama.<\/p>\n<p>Instalacija LS-B187P SATA HDD adapterskog konektora tvrdog diska je jednostavna. Ova instalacija jednostavna za kori\u0161tenje osigurava da mo\u017eete u\u017eivati u prednostima pove\u0107anog kapaciteta za pohranu bez ikakvih komplikacija.<\/p>\n<p>Bilo da \u017eelite pohraniti va\u017ene radne dokumente, multimedijski sadr\u017eaj ili sigurnosne kopije datoteka, LS-B187P SATA HDD adapterski priklju\u010dak za tvrdi disk pru\u017ea sredstva za to u\u010dinkovito. Ovaj originalni HP-ov dodatak dizajniran je za odr\u017eavanje pouzdanosti i performansi pohrane va\u0161eg prijenosnog ra\u010dunala, a istovremeno nudi dodatnu pogodnost pro\u0161irivih opcija pohrane.<\/p>\n<p>Nadogradite mogu\u0107nosti pohrane prijenosnog ra\u010dunala HP ProBook 470 G2 s LS-B187P SATA HDD adapterskim priklju\u010dkom za tvrdi disk. Do\u017eivite slobodu u\u010dinkovitog pohranjivanja i upravljanja svojim podacima, bilo za profesionalnu ili osobnu upotrebu. S ovim originalnim HP-ovim dodatkom mo\u017eete pove\u0107ati potencijal svog prijenosnog ra\u010dunala i pojednostaviti svoje iskustvo rada s ra\u010dunalom.<\/p>\n","protected":false},"excerpt":{"rendered":"<p>Nadogradite mogu\u0107nosti pohrane na prijenosnom ra\u010dunalu HP ProBook 470 G2 s LS-B187P SATA HDD adapterskim priklju\u010dkom za tvrdi disk. Ovaj originalni HP dodatak omogu\u0107uje vam neprimjetno povezivanje i kori\u0161tenje SATA tvrdih diskova, pove\u0107avaju\u0107i kapacitet pohrane va\u0161eg prijenosnog ra\u010dunala.<\/p>\n","protected":false},"featured_media":19295,"template":"","meta":[],"product_brand":[],"product_cat":[62],"product_tag":[60],"class_list":{"0":"post-19244","1":"product","2":"type-product","3":"status-publish","4":"has-post-thumbnail","6":"product_cat-motherboards-board-parts","7":"product_tag-hp","9":"first","10":"instock","11":"taxable","12":"shipping-taxable","13":"purchasable","14":"product-type-simple"},"_links":{"self":[{"href":"https:\/\/boreait.com\/hr\/wp-json\/wp\/v2\/product\/19244","targetHints":{"allow":["GET"]}}],"collection":[{"href":"https:\/\/boreait.com\/hr\/wp-json\/wp\/v2\/product"}],"about":[{"href":"https:\/\/boreait.com\/hr\/wp-json\/wp\/v2\/types\/product"}],"wp:featuredmedia":[{"embeddable":true,"href":"https:\/\/boreait.com\/hr\/wp-json\/wp\/v2\/media\/19295"}],"wp:attachment":[{"href":"https:\/\/boreait.com\/hr\/wp-json\/wp\/v2\/media?parent=19244"}],"wp:term":[{"taxonomy":"product_brand","embeddable":true,"href":"https:\/\/boreait.com\/hr\/wp-json\/wp\/v2\/product_brand?post=19244"},{"taxonomy":"product_cat","embeddable":true,"href":"https:\/\/boreait.com\/hr\/wp-json\/wp\/v2\/product_cat?post=19244"},{"taxonomy":"product_tag","embeddable":true,"href":"https:\/\/boreait.com\/hr\/wp-json\/wp\/v2\/product_tag?post=19244"}],"curies":[{"name":"wp","href":"https:\/\/api.w.org\/{rel}","templated":true}]}}