{"id":19243,"date":"2025-07-25T11:04:25","date_gmt":"2025-07-25T11:04:25","guid":{"rendered":"https:\/\/boreait.com\/hr\/?post_type=product&#038;p=19243"},"modified":"2026-01-14T08:07:13","modified_gmt":"2026-01-14T08:07:13","slug":"ls-9415p-02t2yc-express-citac-kartica-za-dell-precision-m2800","status":"publish","type":"product","link":"https:\/\/boreait.com\/hr\/product\/ls-9415p-02t2yc-express-citac-kartica-za-dell-precision-m2800\/","title":{"rendered":"LS-9415P &#8211; 02T2YC Express \u010dita\u010d kartica za DELL Precision M2800"},"content":{"rendered":"<p>Nadogradite mogu\u0107nosti svog prijenosnog ra\u010dunala DELL Precision M2800 s LS-9415P Express \u010dita\u010dem kartica. Dizajniran za besprijekornu povezanost i svestranost, ovaj \u010dita\u010d kartica vam omogu\u0107uje jednostavan pristup i kori\u0161tenje raznih ekspresnih perifernih ure\u0111aja za kartice, pobolj\u0161avaju\u0107i funkcionalnost va\u0161eg prijenosnog ra\u010dunala.<\/p>\n<p>\u010cita\u010d kartica LS-9415P Express dodaje dodatnu razinu pogodnosti va\u0161em do\u017eivljaju prijenosnog ra\u010dunala. Jednostavnim umetanjem kompatibilnih ekspresnih perifernih ure\u0111aja mo\u017eete pro\u0161iriti mogu\u0107nosti svog DELL Precision M2800. Bilo da se radi o dodatnoj pohrani, specijaliziranom povezivanju ili pobolj\u0161anoj audio i video funkciji, ovaj \u010dita\u010d kartica omogu\u0107uje vam da prilagodite svoje prijenosno ra\u010dunalo kako bi zadovoljilo va\u0161e specifi\u010dne potrebe.<\/p>\n<p>Sa svojim jednostavnim postupkom instalacije, LS-9415P Express \u010dita\u010d kartica mo\u017ee se bez problema integrirati u va\u0161 DELL Precision M2800. Jednostavno umetnite \u010dita\u010d kartica u predvi\u0111eni utor i spreman je za kori\u0161tenje. Ova pojednostavljena postavka osigurava da mo\u017eete po\u010deti u\u017eivati u prednostima pro\u0161irene povezivosti bez odgode.<\/p>\n<p>Ekspresni \u010dita\u010d kartica pru\u017ea pouzdan i siguran prijenos podataka, osiguravaju\u0107i besprijekoran rad povezanih perifernih ure\u0111aja. Ovo je posebno korisno za profesionalce i korisnike koji trebaju pristup specijaliziranom hardveru ili dodatnim rje\u0161enjima za pohranu. LS-9415P Express \u010dita\u010d kartica osigurava da va\u0161e prijenosno ra\u010dunalo mo\u017ee i\u0107i ukorak s va\u0161im zahtjevima.<\/p>\n<p>Do\u017eivite pobolj\u0161anu produktivnost i svestranost uz LS-9415P Express \u010dita\u010d kartica za va\u0161 DELL Precision M2800. Otklju\u010dajte potencijal svog prijenosnog ra\u010dunala dodavanjem kompatibilnosti sa \u0161irokim rasponom perifernih ure\u0111aja za brze kartice. Bez obzira jeste li kreativni profesionalac, poslovni korisnik ili student, ovaj \u010dita\u010d kartica pru\u017ea u\u010dinkovit i djelotvoran na\u010din za pro\u0161irenje mogu\u0107nosti va\u0161eg prijenosnog ra\u010dunala.<\/p>\n","protected":false},"excerpt":{"rendered":"<p>Pobolj\u0161ajte povezivost prijenosnog ra\u010dunala DELL Precision M2800 s LS-9415P Express \u010dita\u010dem kartica. Ovaj \u010dita\u010d kartica pru\u017ea prakti\u010dan pristup raznim ekspresnim periferijama kartica, pro\u0161iruju\u0107i funkcionalnost va\u0161eg prijenosnog ra\u010dunala.<\/p>\n","protected":false},"featured_media":19294,"template":"","meta":[],"product_brand":[],"product_cat":[62],"product_tag":[52],"class_list":{"0":"post-19243","1":"product","2":"type-product","3":"status-publish","4":"has-post-thumbnail","6":"product_cat-motherboards-board-parts","7":"product_tag-dell","9":"first","10":"instock","11":"taxable","12":"shipping-taxable","13":"purchasable","14":"product-type-simple"},"_links":{"self":[{"href":"https:\/\/boreait.com\/hr\/wp-json\/wp\/v2\/product\/19243","targetHints":{"allow":["GET"]}}],"collection":[{"href":"https:\/\/boreait.com\/hr\/wp-json\/wp\/v2\/product"}],"about":[{"href":"https:\/\/boreait.com\/hr\/wp-json\/wp\/v2\/types\/product"}],"wp:featuredmedia":[{"embeddable":true,"href":"https:\/\/boreait.com\/hr\/wp-json\/wp\/v2\/media\/19294"}],"wp:attachment":[{"href":"https:\/\/boreait.com\/hr\/wp-json\/wp\/v2\/media?parent=19243"}],"wp:term":[{"taxonomy":"product_brand","embeddable":true,"href":"https:\/\/boreait.com\/hr\/wp-json\/wp\/v2\/product_brand?post=19243"},{"taxonomy":"product_cat","embeddable":true,"href":"https:\/\/boreait.com\/hr\/wp-json\/wp\/v2\/product_cat?post=19243"},{"taxonomy":"product_tag","embeddable":true,"href":"https:\/\/boreait.com\/hr\/wp-json\/wp\/v2\/product_tag?post=19243"}],"curies":[{"name":"wp","href":"https:\/\/api.w.org\/{rel}","templated":true}]}}