{"id":19242,"date":"2025-07-25T11:04:25","date_gmt":"2025-07-25T11:04:25","guid":{"rendered":"https:\/\/boreait.com\/hr\/?post_type=product&#038;p=19242"},"modified":"2025-10-11T16:24:46","modified_gmt":"2025-10-11T16:24:46","slug":"cn-03kj1t-za-dell-latitude-7250-e7250-zvucnik-zvucnik-pk23000oh00","status":"publish","type":"product","link":"https:\/\/boreait.com\/hr\/product\/cn-03kj1t-za-dell-latitude-7250-e7250-zvucnik-zvucnik-pk23000oh00\/","title":{"rendered":"CN-03KJ1T ZA Dell Latitude 7250 E7250 Zvu\u010dnik Zvu\u010dnik PK23000OH00"},"content":{"rendered":"<p>Nadogradite audio iskustvo svog prijenosnog ra\u010dunala Dell Latitude 7250 E7250 sa zvu\u010dnikom CN-03KJ1T. Dizajniran kao originalni zamjenski zvu\u010dnik, nudi pobolj\u0161anu audio izvedbu koja pobolj\u0161ava va\u0161e multimedijske, komunikacijske i zabavne aktivnosti.<\/p>\n<p>Bilo da gledate filmove, slu\u0161ate glazbu, sudjelujete u virtualnim sastancima ili sudjelujete u videopozivima, zvu\u010dnik CN-03KJ1T pru\u017ea jasan i bogat zvuk. Izra\u0111en je da zadovolji visoke standarde Dellove kvalitete, osiguravaju\u0107i da u\u017eivate u dosljednom i pouzdanom audio izlazu.<\/p>\n<p>Ovaj zvu\u010dnik savr\u0161eno pristaje va\u0161em prijenosnom ra\u010dunalu Dell Latitude 7250 E7250, neprimjetno se integriraju\u0107i u dizajn prijenosnog ra\u010dunala i osiguravaju\u0107i proces instalacije bez muke. Sa svojim preciznim in\u017eenjeringom i kompatibilno\u0161\u0107u, mo\u017eete vjerovati da \u0107e zvu\u010dnik CN-03KJ1T pru\u017eiti kvalitetu zvuka koja vam je potrebna za pobolj\u0161ano iskustvo prijenosnog ra\u010dunala.<\/p>\n<p>Nadogradite zvu\u010dni sustav svog prijenosnog ra\u010dunala s originalnim zvu\u010dnikom CN-03KJ1T i u\u017eivajte u pobolj\u0161anoj jasno\u0107i i bogatstvu zvuka za potrebe multimedijskog sadr\u017eaja, komunikacije i zabave. Pobolj\u0161ajte audio mogu\u0107nosti svog prijenosnog ra\u010dunala i pripremite se za do\u017eivljaj zvuka kao nikada prije.<\/p>\n","protected":false},"excerpt":{"rendered":"<p>Pobolj\u0161ajte kvalitetu zvuka svog prijenosnog ra\u010dunala Dell Latitude 7250 E7250 sa zvu\u010dnikom CN-03KJ1T. Ovaj originalni zamjenski zvu\u010dnik osigurava jasan i bogat zvuk za va\u0161e multimedijske i komunikacijske potrebe.<\/p>\n","protected":false},"featured_media":19293,"template":"","meta":[],"product_brand":[],"product_cat":[53],"product_tag":[52],"class_list":{"0":"post-19242","1":"product","2":"type-product","3":"status-publish","4":"has-post-thumbnail","6":"product_cat-laptop-speakers","7":"product_tag-dell","9":"first","10":"instock","11":"taxable","12":"shipping-taxable","13":"purchasable","14":"product-type-simple"},"_links":{"self":[{"href":"https:\/\/boreait.com\/hr\/wp-json\/wp\/v2\/product\/19242","targetHints":{"allow":["GET"]}}],"collection":[{"href":"https:\/\/boreait.com\/hr\/wp-json\/wp\/v2\/product"}],"about":[{"href":"https:\/\/boreait.com\/hr\/wp-json\/wp\/v2\/types\/product"}],"wp:featuredmedia":[{"embeddable":true,"href":"https:\/\/boreait.com\/hr\/wp-json\/wp\/v2\/media\/19293"}],"wp:attachment":[{"href":"https:\/\/boreait.com\/hr\/wp-json\/wp\/v2\/media?parent=19242"}],"wp:term":[{"taxonomy":"product_brand","embeddable":true,"href":"https:\/\/boreait.com\/hr\/wp-json\/wp\/v2\/product_brand?post=19242"},{"taxonomy":"product_cat","embeddable":true,"href":"https:\/\/boreait.com\/hr\/wp-json\/wp\/v2\/product_cat?post=19242"},{"taxonomy":"product_tag","embeddable":true,"href":"https:\/\/boreait.com\/hr\/wp-json\/wp\/v2\/product_tag?post=19242"}],"curies":[{"name":"wp","href":"https:\/\/api.w.org\/{rel}","templated":true}]}}