{"id":19241,"date":"2025-07-25T11:04:25","date_gmt":"2025-07-25T11:04:25","guid":{"rendered":"https:\/\/boreait.com\/hr\/?post_type=product&#038;p=19241"},"modified":"2026-01-14T08:06:52","modified_gmt":"2026-01-14T08:06:52","slug":"originalni-lenovo-thinkpad-l540-50-4lh01-021-55-4lh07-001g-power-plate","status":"publish","type":"product","link":"https:\/\/boreait.com\/hr\/product\/originalni-lenovo-thinkpad-l540-50-4lh01-021-55-4lh07-001g-power-plate\/","title":{"rendered":"ORIGINALNI LENOVO THINKPAD L540 50.4LH01.021 55.4LH07.001G POWER PLATE"},"content":{"rendered":"<p>Osigurajte dosljednu i pouzdanu isporuku energije va\u0161em prijenosnom ra\u010dunalu uz originalni Lenovo ThinkPad L540 50.4LH01.021 55.4LH07.001G Power Plate. Dizajnirana da savr\u0161eno pristaje uz prijenosna ra\u010dunala Lenovo ThinkPad L540, ova originalna zamjenska plo\u010da za napajanje nudi besprijekornu distribuciju energije za nesmetanu izvedbu.<\/p>\n<p>Power plate je klju\u010dna komponenta koja igra klju\u010dnu ulogu u opskrbi energijom unutarnjih komponenti va\u0161eg prijenosnog ra\u010dunala. Bez obzira koristite li svoje prijenosno ra\u010dunalo za rad, zabavu ili pregledavanje, ispravan Power Plate je neophodan kako bi va\u0161 ure\u0111aj radio glatko i u\u010dinkovito.<\/p>\n<p>Ako imate problema s napajanjem s va\u0161im Lenovo ThinkPad L540, kao \u0161to su problemi s punjenjem ili povremeni nestanak struje, nadogradnja na originalni Lenovo ThinkPad L540 50.4LH01.021 55.4LH07.001G Power Plate mo\u017ee pomo\u0107i u ponovnom uspostavljanju optimalnog protoka energije. Osim toga, ako \u017eelite izvr\u0161iti odr\u017eavanje ili popravke, ovaj originalni zamjenski dio osigurava kompatibilnost i pouzdanost.<\/p>\n<p>Instaliranje Power Platea je jednostavno zahvaljuju\u0107i njegovom preciznom dizajnu koji odgovara izvornim specifikacijama va\u0161eg prijenosnog ra\u010dunala. Uz originalni Lenovo ThinkPad L540 50.4LH01.021 55.4LH07.001G Power Plate, mo\u017eete se pouzdati u njegove performanse i izdr\u017eljivost, uz reputaciju Lenova za kvalitetu i pouzdanost.<\/p>\n<p>Odr\u017eavajte svoj Lenovo ThinkPad L540 najboljim radom uz jamstvo originalne zamjenske plo\u010de napajanja. Nadogradite ili zamijenite Power Plate kako biste osigurali dosljedno napajanje i sprije\u010dili potencijalne prekide tijekom kriti\u010dnih zadataka ili va\u017enih trenutaka.<\/p>\n","protected":false},"excerpt":{"rendered":"<p>Zamijenite ili nadogradite Power Plate prijenosnog ra\u010dunala s originalnim Lenovo ThinkPad L540 50.4LH01.021 55.4LH07.001G Power Plate za pouzdanu i u\u010dinkovitu isporuku energije.<\/p>\n","protected":false},"featured_media":19292,"template":"","meta":[],"product_brand":[],"product_cat":[62],"product_tag":[61],"class_list":{"0":"post-19241","1":"product","2":"type-product","3":"status-publish","4":"has-post-thumbnail","6":"product_cat-motherboards-board-parts","7":"product_tag-lenovo","9":"first","10":"instock","11":"taxable","12":"shipping-taxable","13":"purchasable","14":"product-type-simple"},"_links":{"self":[{"href":"https:\/\/boreait.com\/hr\/wp-json\/wp\/v2\/product\/19241","targetHints":{"allow":["GET"]}}],"collection":[{"href":"https:\/\/boreait.com\/hr\/wp-json\/wp\/v2\/product"}],"about":[{"href":"https:\/\/boreait.com\/hr\/wp-json\/wp\/v2\/types\/product"}],"wp:featuredmedia":[{"embeddable":true,"href":"https:\/\/boreait.com\/hr\/wp-json\/wp\/v2\/media\/19292"}],"wp:attachment":[{"href":"https:\/\/boreait.com\/hr\/wp-json\/wp\/v2\/media?parent=19241"}],"wp:term":[{"taxonomy":"product_brand","embeddable":true,"href":"https:\/\/boreait.com\/hr\/wp-json\/wp\/v2\/product_brand?post=19241"},{"taxonomy":"product_cat","embeddable":true,"href":"https:\/\/boreait.com\/hr\/wp-json\/wp\/v2\/product_cat?post=19241"},{"taxonomy":"product_tag","embeddable":true,"href":"https:\/\/boreait.com\/hr\/wp-json\/wp\/v2\/product_tag?post=19241"}],"curies":[{"name":"wp","href":"https:\/\/api.w.org\/{rel}","templated":true}]}}