{"id":19239,"date":"2025-07-25T11:04:25","date_gmt":"2025-07-25T11:04:25","guid":{"rendered":"https:\/\/boreait.com\/hr\/?post_type=product&#038;p=19239"},"modified":"2025-07-25T11:05:16","modified_gmt":"2025-07-25T11:05:16","slug":"acer-aspire-5336-serije-pew72-usb-ploca-s-kabelom-ls-8581p","status":"publish","type":"product","link":"https:\/\/boreait.com\/hr\/product\/acer-aspire-5336-serije-pew72-usb-ploca-s-kabelom-ls-8581p\/","title":{"rendered":"Acer Aspire 5336 serije PEW72 USB plo\u010da s kabelom LS-8581P"},"content":{"rendered":"<p>Acer Aspire 5336 serija PEW72 USB plo\u010da s kabelom LS-8581P savr\u0161eno je rje\u0161enje za vra\u0107anje ispravne USB funkcije na va\u0161e prijenosno ra\u010dunalo. Ako ste imali problema s USB priklju\u010dcima svog prijenosnog ra\u010dunala, kao \u0161to su problemi s povezivanjem ili nereagiranje, ovaj originalni zamjenski dio mo\u017ee pomo\u0107i va\u0161em prijenosnom ra\u010dunalu da vrati svoje pune mogu\u0107nosti.<\/p>\n<p>Dizajnirana posebno za model Acer Aspire 5336 serije PEW72, ova USB plo\u010da s kabelom autenti\u010dna je Acer zamjenska komponenta. Izra\u0111en je s precizno\u0161\u0107u kako bi se osigurala kompatibilnost, jednostavna instalacija i besprijekorna integracija u hardver i sustav va\u0161eg prijenosnog ra\u010dunala.<\/p>\n<p>Nadogradnja prijenosnog ra\u010dunala s Acer USB plo\u010dom s kabelom LS-8581P omogu\u0107uje vam ponovno u\u017eivanje u pogodnostima funkcionalnih USB priklju\u010daka. Bilo da trebate spojiti vanjske ure\u0111aje, prenijeti podatke ili napuniti svoje ure\u0111aje, ovaj zamjenski dio osigurava da USB priklju\u010dci va\u0161eg prijenosnog ra\u010dunala rade pouzdano i u\u010dinkovito.<\/p>\n<p>Ne dopustite da vas neispravni USB priklju\u010dci usporavaju. Ulo\u017eite u USB plo\u010du Acer Aspire 5336 serije PEW72 s kabelom LS-8581P kako biste vratili upotrebljivost i prakti\u010dnost USB mogu\u0107nosti va\u0161eg prijenosnog ra\u010dunala. Zamijenite o\u0161te\u0107ene ili nefunkcionalne USB plo\u010de ovim originalnim Acerovim zamjenskim dijelom za glatkije i produktivnije iskustvo rada s ra\u010dunalom.<\/p>\n","protected":false},"excerpt":{"rendered":"<p>Zamijenite neispravnu USB plo\u010du prijenosnog ra\u010dunala Acer Aspire 5336 Series PEW72 s Acer USB plo\u010dom s kabelom LS-8581P za ponovno funkcioniranje.<\/p>\n","protected":false},"featured_media":19290,"template":"","meta":[],"product_brand":[],"product_cat":[62],"product_tag":[64],"class_list":{"0":"post-19239","1":"product","2":"type-product","3":"status-publish","4":"has-post-thumbnail","6":"product_cat-motherboards-board-parts","7":"product_tag-acer","9":"first","10":"instock","11":"taxable","12":"shipping-taxable","13":"purchasable","14":"product-type-simple"},"_links":{"self":[{"href":"https:\/\/boreait.com\/hr\/wp-json\/wp\/v2\/product\/19239","targetHints":{"allow":["GET"]}}],"collection":[{"href":"https:\/\/boreait.com\/hr\/wp-json\/wp\/v2\/product"}],"about":[{"href":"https:\/\/boreait.com\/hr\/wp-json\/wp\/v2\/types\/product"}],"wp:featuredmedia":[{"embeddable":true,"href":"https:\/\/boreait.com\/hr\/wp-json\/wp\/v2\/media\/19290"}],"wp:attachment":[{"href":"https:\/\/boreait.com\/hr\/wp-json\/wp\/v2\/media?parent=19239"}],"wp:term":[{"taxonomy":"product_brand","embeddable":true,"href":"https:\/\/boreait.com\/hr\/wp-json\/wp\/v2\/product_brand?post=19239"},{"taxonomy":"product_cat","embeddable":true,"href":"https:\/\/boreait.com\/hr\/wp-json\/wp\/v2\/product_cat?post=19239"},{"taxonomy":"product_tag","embeddable":true,"href":"https:\/\/boreait.com\/hr\/wp-json\/wp\/v2\/product_tag?post=19239"}],"curies":[{"name":"wp","href":"https:\/\/api.w.org\/{rel}","templated":true}]}}