{"id":19238,"date":"2025-07-25T11:04:25","date_gmt":"2025-07-25T11:04:25","guid":{"rendered":"https:\/\/boreait.com\/hr\/?post_type=product&#038;p=19238"},"modified":"2025-07-25T11:05:14","modified_gmt":"2025-07-25T11:05:14","slug":"originalni-hp-elitebook-folio-1040-g3-series-volume-mute-wifi-prekidac-da0y0fpiah1","status":"publish","type":"product","link":"https:\/\/boreait.com\/hr\/product\/originalni-hp-elitebook-folio-1040-g3-series-volume-mute-wifi-prekidac-da0y0fpiah1\/","title":{"rendered":"Originalni HP EliteBook Folio 1040 G3 Series Volume Mute WiFi prekida\u010d DA0Y0FPIAH1"},"content":{"rendered":"<p>Vratite funkcionalnost svog prijenosnog ra\u010dunala HP EliteBook Folio 1040 G3 Series s Genuine Volume Mute WiFi Switch (DA0Y0FPIAH1). Ovaj zamjenski dio je autenti\u010dna komponenta koju je dizajnirao HP kako bi osigurao kompatibilnost i pravilnu integraciju s modelom va\u0161eg prijenosnog ra\u010dunala.<\/p>\n<p>WiFi prekida\u010d za isklju\u010divanje zvuka (DA0Y0FPIAH1) klju\u010dna je komponenta koja kontrolira bitne funkcije kao \u0161to su pode\u0161avanje glasno\u0107e, isklju\u010divanje zvuka i WiFi povezivanje. Ako je bilo koja od ovih funkcija bila ugro\u017eena zbog istro\u0161enosti ili drugih problema, ovaj originalni zamjenski prekida\u010d mo\u017ee ih vratiti u puni rad.<\/p>\n<p>Precizno dizajniran, originalni HP EliteBook Folio 1040 G3 Series Volume Mute WiFi prekida\u010d (DA0Y0FPIAH1) dizajniran je za jednostavnu instalaciju i besprijekornu interakciju s hardverom i softverom va\u0161eg prijenosnog ra\u010dunala. To osigurava optimalnu izvedbu i korisni\u010dko iskustvo va\u0161eg prijenosnog ra\u010dunala.<\/p>\n<p>Vratite prakti\u010dnost kontrole glasno\u0107e, isklju\u010divanja zvuka i WiFi povezivanja na prijenosno ra\u010dunalo serije HP EliteBook Folio 1040 G3 s Genuine Volume Mute WiFi Switch (DA0Y0FPIAH1). Osigurajte kontinuirani besprijekoran rad va\u0161eg prijenosnog ra\u010dunala zamjenom istro\u0161enih ili neispravnih komponenti ovim autenti\u010dnim HP-ovim zamjenskim dijelom.<\/p>\n","protected":false},"excerpt":{"rendered":"<p>Originalni HP EliteBook Folio 1040 G3 Series Volume Mute WiFi prekida\u010d (DA0Y0FPIAH1) je originalni zamjenski dio koji vra\u0107a bitne funkcije na va\u0161e prijenosno ra\u010dunalo.<\/p>\n","protected":false},"featured_media":19289,"template":"","meta":[],"product_brand":[],"product_cat":[62],"product_tag":[60],"class_list":{"0":"post-19238","1":"product","2":"type-product","3":"status-publish","4":"has-post-thumbnail","6":"product_cat-motherboards-board-parts","7":"product_tag-hp","9":"first","10":"instock","11":"taxable","12":"shipping-taxable","13":"purchasable","14":"product-type-simple"},"_links":{"self":[{"href":"https:\/\/boreait.com\/hr\/wp-json\/wp\/v2\/product\/19238","targetHints":{"allow":["GET"]}}],"collection":[{"href":"https:\/\/boreait.com\/hr\/wp-json\/wp\/v2\/product"}],"about":[{"href":"https:\/\/boreait.com\/hr\/wp-json\/wp\/v2\/types\/product"}],"wp:featuredmedia":[{"embeddable":true,"href":"https:\/\/boreait.com\/hr\/wp-json\/wp\/v2\/media\/19289"}],"wp:attachment":[{"href":"https:\/\/boreait.com\/hr\/wp-json\/wp\/v2\/media?parent=19238"}],"wp:term":[{"taxonomy":"product_brand","embeddable":true,"href":"https:\/\/boreait.com\/hr\/wp-json\/wp\/v2\/product_brand?post=19238"},{"taxonomy":"product_cat","embeddable":true,"href":"https:\/\/boreait.com\/hr\/wp-json\/wp\/v2\/product_cat?post=19238"},{"taxonomy":"product_tag","embeddable":true,"href":"https:\/\/boreait.com\/hr\/wp-json\/wp\/v2\/product_tag?post=19238"}],"curies":[{"name":"wp","href":"https:\/\/api.w.org\/{rel}","templated":true}]}}