{"id":19224,"date":"2025-07-25T11:04:00","date_gmt":"2025-07-25T11:04:00","guid":{"rendered":"https:\/\/boreait.com\/hr\/?post_type=product&#038;p=19224"},"modified":"2025-07-25T11:05:09","modified_gmt":"2025-07-25T11:05:09","slug":"za-hp-probook-470-g2-ugradeno-sucelje-optickog-pogona-mala-ploca-ls-b186p","status":"publish","type":"product","link":"https:\/\/boreait.com\/hr\/product\/za-hp-probook-470-g2-ugradeno-sucelje-optickog-pogona-mala-ploca-ls-b186p\/","title":{"rendered":"Za HP ProBook 470 G2 ugra\u0111eno su\u010delje opti\u010dkog pogona mala plo\u010da LS-B186P"},"content":{"rendered":"<p>Pobolj\u0161ajte mogu\u0107nosti svog HP ProBook 470 G2 s malom plo\u010dom su\u010delja ugra\u0111enog opti\u010dkog pogona LS-B186P. Ova inovativna plo\u010da je posebno dizajnirana za pru\u017eanje pobolj\u0161ane funkcionalnosti i povezivosti s va\u0161im prijenosnim ra\u010dunalom, \u0161to je \u010dini idealnim dodatkom za korisnike koji \u017eele optimizirati svoje ra\u010dunalno iskustvo.<\/p>\n<p>Mala plo\u010da su\u010delja ugra\u0111enog opti\u010dkog pogona LS-B186P dizajnirana je za besprijekornu integraciju s va\u0161im HP ProBook 470 G2, omogu\u0107uju\u0107i vam povezivanje i kori\u0161tenje opti\u010dkih pogona bez napora. Bilo da trebate pristupiti DVD-ima, CD-ima ili drugim opti\u010dkim medijima, ova plo\u010da osigurava glatku i pouzdanu komunikaciju izme\u0111u va\u0161eg prijenosnog ra\u010dunala i opti\u010dkog pogona.<\/p>\n<p>Sa svojim kompaktnim i u\u010dinkovitim dizajnom, plo\u010da LS-B186P jednostavna je za instalaciju i nudi pojednostavljeno rje\u0161enje za korisnike koji cijene pobolj\u0161anu svestranost svojih prijenosnih ra\u010dunala. Nadogradnjom prijenosnog ra\u010dunala s ovom plo\u010dom, mo\u0107i \u0107ete maksimalno iskoristiti mogu\u0107nosti svog HP ProBook 470 G2 i u\u017eivati u sveobuhvatnijem ra\u010dunalnom iskustvu.<\/p>\n<p>Nadogradite svoj HP ProBook 470 G2 malom plo\u010dom s ugra\u0111enim su\u010deljem opti\u010dkog pogona LS-B186P danas i iskoristite prednosti pobolj\u0161ane povezanosti i funkcionalnosti za svoje prijenosno ra\u010dunalo.<\/p>\n","protected":false},"excerpt":{"rendered":"<p>Nadogradite svoj HP ProBook 470 G2 malom plo\u010dom su\u010delja ugra\u0111enog opti\u010dkog pogona LS-B186P, dizajniranom za pobolj\u0161anje funkcionalnosti i povezivosti va\u0161eg prijenosnog ra\u010dunala.<\/p>\n","protected":false},"featured_media":19277,"template":"","meta":[],"product_brand":[],"product_cat":[62],"product_tag":[60],"class_list":{"0":"post-19224","1":"product","2":"type-product","3":"status-publish","4":"has-post-thumbnail","6":"product_cat-motherboards-board-parts","7":"product_tag-hp","9":"first","10":"instock","11":"taxable","12":"shipping-taxable","13":"purchasable","14":"product-type-simple"},"_links":{"self":[{"href":"https:\/\/boreait.com\/hr\/wp-json\/wp\/v2\/product\/19224","targetHints":{"allow":["GET"]}}],"collection":[{"href":"https:\/\/boreait.com\/hr\/wp-json\/wp\/v2\/product"}],"about":[{"href":"https:\/\/boreait.com\/hr\/wp-json\/wp\/v2\/types\/product"}],"wp:featuredmedia":[{"embeddable":true,"href":"https:\/\/boreait.com\/hr\/wp-json\/wp\/v2\/media\/19277"}],"wp:attachment":[{"href":"https:\/\/boreait.com\/hr\/wp-json\/wp\/v2\/media?parent=19224"}],"wp:term":[{"taxonomy":"product_brand","embeddable":true,"href":"https:\/\/boreait.com\/hr\/wp-json\/wp\/v2\/product_brand?post=19224"},{"taxonomy":"product_cat","embeddable":true,"href":"https:\/\/boreait.com\/hr\/wp-json\/wp\/v2\/product_cat?post=19224"},{"taxonomy":"product_tag","embeddable":true,"href":"https:\/\/boreait.com\/hr\/wp-json\/wp\/v2\/product_tag?post=19224"}],"curies":[{"name":"wp","href":"https:\/\/api.w.org\/{rel}","templated":true}]}}