{"id":19222,"date":"2025-07-25T11:04:00","date_gmt":"2025-07-25T11:04:00","guid":{"rendered":"https:\/\/boreait.com\/hr\/?post_type=product&#038;p=19222"},"modified":"2025-07-25T11:05:05","modified_gmt":"2025-07-25T11:05:05","slug":"hinge-sarka-za-dell-e6540-video-zaslon-koristen-am0v1000100-am0v1000200","status":"publish","type":"product","link":"https:\/\/boreait.com\/hr\/product\/hinge-sarka-za-dell-e6540-video-zaslon-koristen-am0v1000100-am0v1000200\/","title":{"rendered":"HINGE \u0160arka za DELL E6540 video zaslon kori\u0161ten AM0V1000100 AM0V1000200"},"content":{"rendered":"<p>O\u017eivite funkcionalnost zaslona prijenosnog ra\u010dunala DELL E6540 pomo\u0107u \u0161arke HINGE za DELL E6540 video zaslon. Ovaj zamjenski set uklju\u010duje dvije originalne rabljene \u0161arke, katalo\u0161ki brojevi AM0V1000100 i AM0V1000200, dizajnirane za vra\u0107anje besprijekornog otvaranja i zatvaranja plo\u010de zaslona va\u0161eg prijenosnog ra\u010dunala.<\/p>\n<p>S vremenom se \u0161arke mogu istro\u0161iti zbog redovite upotrebe, uzrokuju\u0107i neuskla\u0111enost zaslona ili pote\u0161ko\u0107e pri otvaranju i zatvaranju prijenosnog ra\u010dunala. \u0160arke HINGE za DELL E6540 video zaslon rje\u0161avaju ove probleme, osiguravaju\u0107i da zaslon va\u0161eg prijenosnog ra\u010dunala radi ispravno i stabilno.<\/p>\n<p>Instalacija originalnih rabljenih \u0161arki je jednostavna, \u0161to vam omogu\u0107uje da brzo vratite performanse zaslona prijenosnog ra\u010dunala bez muke. Bilo da ste student, profesionalac ili povremeni korisnik, ove \u0107e \u0161arke pridonijeti ukupnoj funkcionalnosti i dugovje\u010dnosti va\u0161eg prijenosnog ra\u010dunala.<\/p>\n<p>Ulo\u017eite u \u0161arke HINGE za DELL E6540 video zaslon kako biste pobolj\u0161ali upotrebljivost svog prijenosnog ra\u010dunala DELL E6540. S ovim originalnim zamjenskim \u0161arkama u\u017eivat \u0107ete u glatkijem iskustvu dok koristite zaslon prijenosnog ra\u010dunala i mo\u017eete vjerovati njihovoj kompatibilnosti i izdr\u017eljivosti.<\/p>\n","protected":false},"excerpt":{"rendered":"<p>Zamijenite istro\u0161ene ili o\u0161te\u0107ene \u0161arke na prijenosnom ra\u010dunalu DELL E6540 ovim originalnim rabljenim \u0161arkama, brojevi dijelova AM0V1000100 i AM0V1000200. Vratite glatko otvaranje i zatvaranje zaslona prijenosnog ra\u010dunala za optimalne performanse.<\/p>\n","protected":false},"featured_media":19275,"template":"","meta":[],"product_brand":[],"product_cat":[54],"product_tag":[52],"class_list":{"0":"post-19222","1":"product","2":"type-product","3":"status-publish","4":"has-post-thumbnail","6":"product_cat-screen-hinge","7":"product_tag-dell","9":"first","10":"instock","11":"taxable","12":"shipping-taxable","13":"purchasable","14":"product-type-simple"},"_links":{"self":[{"href":"https:\/\/boreait.com\/hr\/wp-json\/wp\/v2\/product\/19222","targetHints":{"allow":["GET"]}}],"collection":[{"href":"https:\/\/boreait.com\/hr\/wp-json\/wp\/v2\/product"}],"about":[{"href":"https:\/\/boreait.com\/hr\/wp-json\/wp\/v2\/types\/product"}],"wp:featuredmedia":[{"embeddable":true,"href":"https:\/\/boreait.com\/hr\/wp-json\/wp\/v2\/media\/19275"}],"wp:attachment":[{"href":"https:\/\/boreait.com\/hr\/wp-json\/wp\/v2\/media?parent=19222"}],"wp:term":[{"taxonomy":"product_brand","embeddable":true,"href":"https:\/\/boreait.com\/hr\/wp-json\/wp\/v2\/product_brand?post=19222"},{"taxonomy":"product_cat","embeddable":true,"href":"https:\/\/boreait.com\/hr\/wp-json\/wp\/v2\/product_cat?post=19222"},{"taxonomy":"product_tag","embeddable":true,"href":"https:\/\/boreait.com\/hr\/wp-json\/wp\/v2\/product_tag?post=19222"}],"curies":[{"name":"wp","href":"https:\/\/api.w.org\/{rel}","templated":true}]}}