{"id":19221,"date":"2025-07-25T11:04:00","date_gmt":"2025-07-25T11:04:00","guid":{"rendered":"https:\/\/boreait.com\/hr\/?post_type=product&#038;p=19221"},"modified":"2025-07-25T11:05:03","modified_gmt":"2025-07-25T11:05:03","slug":"asus-k52j-serija-60-nxld1000-usb-vga-ploca","status":"publish","type":"product","link":"https:\/\/boreait.com\/hr\/product\/asus-k52j-serija-60-nxld1000-usb-vga-ploca\/","title":{"rendered":"Asus K52J serija 60-NXLD1000 USB\/VGA plo\u010da"},"content":{"rendered":"<p>Nadogradite mogu\u0107nosti povezivanja va\u0161eg prijenosnog ra\u010dunala serije Asus K52J s plo\u010dom Asus K52J serije 60-NXLD1000 USB\/VGA. Dizajnirana kao originalni zamjenski dio, ova plo\u010da dodaje vrijedne USB i VGA priklju\u010dke va\u0161em prijenosnom ra\u010dunalu, pro\u0161iruju\u0107i njegovu funkcionalnost i svestranost.<\/p>\n<p>Plo\u010da Asus K52J serije 60-NXLD1000 USB\/VGA dizajnirana je za besprijekornu integraciju s va\u0161im prijenosnim ra\u010dunalom, osiguravaju\u0107i proces instalacije bez muke. Jednom kada ga instalirate, u\u017eivat \u0107ete u pogodnostima dodatnih USB priklju\u010daka, koji vam omogu\u0107uju spajanje raznih perifernih ure\u0111aja poput vanjskih tvrdih diskova, tipkovnica, mi\u0161eva i vi\u0161e. VGA priklju\u010dak omogu\u0107uje vam povezivanje va\u0161eg prijenosnog ra\u010dunala s vanjskim zaslonima ili projektorima, \u0161to ga \u010dini idealnim za prezentacije, multimedijske zadatke i iskustva s ve\u0107im zaslonom.<\/p>\n<p>Bez obzira jeste li student, profesionalac ili povremeni korisnik, Asus K52J serija 60-NXLD1000 USB\/VGA plo\u010da pobolj\u0161ava mogu\u0107nosti va\u0161eg prijenosnog ra\u010dunala pru\u017eaju\u0107i bitne mogu\u0107nosti povezivanja. Recite zbogom ograni\u010denjima i istra\u017eite nove na\u010dine kori\u0161tenja prijenosnog ra\u010dunala za rad, zabavu i produktivnost.<\/p>\n<p>Ulo\u017eite u Asus K52J Series 60-NXLD1000 USB\/VGA plo\u010du kako biste pro\u0161irili povezivost prijenosnog ra\u010dunala Asus K52J serije i optimizirali svoje ra\u010dunalno iskustvo. S ovom originalnom zamjenskom plo\u010dom mo\u0107i \u0107ete se s lako\u0107om povezivati, dijeliti i predstavljati, a sve to dok u\u017eivate u poznatoj pouzdanosti i kvaliteti koja je povezana s Asusovim proizvodima.<\/p>\n","protected":false},"excerpt":{"rendered":"<p>Pobolj\u0161ajte povezivost prijenosnog ra\u010dunala serije Asus K52J s plo\u010dom Asus K52J serije 60-NXLD1000 USB\/VGA. Ova originalna zamjenska plo\u010da nudi dodatne USB i VGA priklju\u010dke za pro\u0161irenu funkcionalnost.<\/p>\n","protected":false},"featured_media":19274,"template":"","meta":[],"product_brand":[],"product_cat":[62],"product_tag":[65],"class_list":{"0":"post-19221","1":"product","2":"type-product","3":"status-publish","4":"has-post-thumbnail","6":"product_cat-motherboards-board-parts","7":"product_tag-asus","9":"first","10":"instock","11":"taxable","12":"shipping-taxable","13":"purchasable","14":"product-type-simple"},"_links":{"self":[{"href":"https:\/\/boreait.com\/hr\/wp-json\/wp\/v2\/product\/19221","targetHints":{"allow":["GET"]}}],"collection":[{"href":"https:\/\/boreait.com\/hr\/wp-json\/wp\/v2\/product"}],"about":[{"href":"https:\/\/boreait.com\/hr\/wp-json\/wp\/v2\/types\/product"}],"wp:featuredmedia":[{"embeddable":true,"href":"https:\/\/boreait.com\/hr\/wp-json\/wp\/v2\/media\/19274"}],"wp:attachment":[{"href":"https:\/\/boreait.com\/hr\/wp-json\/wp\/v2\/media?parent=19221"}],"wp:term":[{"taxonomy":"product_brand","embeddable":true,"href":"https:\/\/boreait.com\/hr\/wp-json\/wp\/v2\/product_brand?post=19221"},{"taxonomy":"product_cat","embeddable":true,"href":"https:\/\/boreait.com\/hr\/wp-json\/wp\/v2\/product_cat?post=19221"},{"taxonomy":"product_tag","embeddable":true,"href":"https:\/\/boreait.com\/hr\/wp-json\/wp\/v2\/product_tag?post=19221"}],"curies":[{"name":"wp","href":"https:\/\/api.w.org\/{rel}","templated":true}]}}