{"id":19202,"date":"2025-07-25T11:03:38","date_gmt":"2025-07-25T11:03:38","guid":{"rendered":"https:\/\/boreait.com\/hr\/?post_type=product&#038;p=19202"},"modified":"2025-07-25T11:04:41","modified_gmt":"2025-07-25T11:04:41","slug":"originalna-ploca-s-usb-prikljuckom-s-kabelom-dell-latitude-e5440-ls-9833p","status":"publish","type":"product","link":"https:\/\/boreait.com\/hr\/product\/originalna-ploca-s-usb-prikljuckom-s-kabelom-dell-latitude-e5440-ls-9833p\/","title":{"rendered":"Originalna plo\u010da s USB priklju\u010dkom s kabelom &#8211; Dell Latitude E5440 &#8211; LS-9833P"},"content":{"rendered":"<p>Nadogradite mogu\u0107nosti povezivanja svog prijenosnog ra\u010dunala Dell Latitude E5440 s originalnom plo\u010dom s USB priklju\u010dkom s kabelom (LS-9833P). Ovaj zamjenski dio dizajniran je za odr\u017eavanje visokokvalitetne USB funkcionalnosti va\u0161eg prijenosnog ra\u010dunala, osiguravaju\u0107i pouzdane veze i u\u010dinkovit prijenos podataka.<\/p>\n<p>Ova plo\u010da s USB priklju\u010dkom i kabelom s originalnim dizajnom tvrtke Dell savr\u0161eno pristaje va\u0161em prijenosnom ra\u010dunalu Latitude E5440. Izra\u0111en je prema specifikacijama proizvo\u0111a\u010da, jam\u010de\u0107i kompatibilnost i optimalnu izvedbu. Bilo da povezujete vanjske ure\u0111aje za pohranu, ulazne periferne ure\u0111aje ili druge dodatke s omogu\u0107enim USB-om, ova plo\u010da osigurava besprijekoran rad.<\/p>\n<p>USB priklju\u010dci na va\u0161em prijenosnom ra\u010dunalu igraju klju\u010dnu ulogu u pro\u0161irenju njegove funkcionalnosti. Ova originalna USB plo\u010da s kabelom (LS-9833P) osigurava da su USB priklju\u010dci va\u0161eg prijenosnog ra\u010dunala u izvrsnom radnom stanju, omogu\u0107uju\u0107i vam prijenos datoteka, povezivanje s mre\u017eama i kori\u0161tenje raznih perifernih ure\u0111aja bez ikakvih smetnji. Prilo\u017eeni kabel osigurava sigurnu vezu i instalaciju bez muke.<\/p>\n<p>Nadogradite USB mogu\u0107nosti svog prijenosnog ra\u010dunala pomo\u0107u originalne USB priklju\u010dne plo\u010de s kabelom (LS-9833P) i do\u017eivite pobolj\u0161anu povezanost i prakti\u010dnost. Bilo da ste profesionalac koji treba spojiti vanjske ure\u0111aje za posao ili student koji \u017eeli pro\u0161iriti svestranost svog prijenosnog ra\u010dunala, ovaj zamjenski dio bitan je dodatak va\u0161em Dell Latitude E5440.<\/p>\n","protected":false},"excerpt":{"rendered":"<p>Pobolj\u0161ajte povezivost svog prijenosnog ra\u010dunala Dell Latitude E5440 s originalnom USB plo\u010dom s kabelom (LS-9833P). Ovaj zamjenski dio osigurava besprijekoran rad va\u0161ih USB priklju\u010daka, omogu\u0107uju\u0107i vam jednostavno povezivanje raznih perifernih ure\u0111aja i ure\u0111aja.<\/p>\n","protected":false},"featured_media":19256,"template":"","meta":[],"product_brand":[],"product_cat":[62],"product_tag":[52],"class_list":{"0":"post-19202","1":"product","2":"type-product","3":"status-publish","4":"has-post-thumbnail","6":"product_cat-motherboards-board-parts","7":"product_tag-dell","9":"first","10":"instock","11":"taxable","12":"shipping-taxable","13":"purchasable","14":"product-type-simple"},"_links":{"self":[{"href":"https:\/\/boreait.com\/hr\/wp-json\/wp\/v2\/product\/19202","targetHints":{"allow":["GET"]}}],"collection":[{"href":"https:\/\/boreait.com\/hr\/wp-json\/wp\/v2\/product"}],"about":[{"href":"https:\/\/boreait.com\/hr\/wp-json\/wp\/v2\/types\/product"}],"wp:featuredmedia":[{"embeddable":true,"href":"https:\/\/boreait.com\/hr\/wp-json\/wp\/v2\/media\/19256"}],"wp:attachment":[{"href":"https:\/\/boreait.com\/hr\/wp-json\/wp\/v2\/media?parent=19202"}],"wp:term":[{"taxonomy":"product_brand","embeddable":true,"href":"https:\/\/boreait.com\/hr\/wp-json\/wp\/v2\/product_brand?post=19202"},{"taxonomy":"product_cat","embeddable":true,"href":"https:\/\/boreait.com\/hr\/wp-json\/wp\/v2\/product_cat?post=19202"},{"taxonomy":"product_tag","embeddable":true,"href":"https:\/\/boreait.com\/hr\/wp-json\/wp\/v2\/product_tag?post=19202"}],"curies":[{"name":"wp","href":"https:\/\/api.w.org\/{rel}","templated":true}]}}