{"id":19200,"date":"2025-07-25T11:03:38","date_gmt":"2025-07-25T11:03:38","guid":{"rendered":"https:\/\/boreait.com\/hr\/?post_type=product&#038;p=19200"},"modified":"2026-01-07T08:39:35","modified_gmt":"2026-01-07T08:39:35","slug":"sk-hynix-sc311-128-gb-sata-ssd-m-2-06hg72","status":"publish","type":"product","link":"https:\/\/boreait.com\/hr\/product\/sk-hynix-sc311-128-gb-sata-ssd-m-2-06hg72\/","title":{"rendered":"Sk Hynix SC311 128 GB SATA SSD M.2 06HG72"},"content":{"rendered":"<p>Nadogradite pohranu i performanse svog ure\u0111aja sa SK Hynix SC311 128GB SATA SSD M.2 (Broj dijela: 06HG72). Ovaj solid-state disk nudi rje\u0161enje za pohranu velike brzine koje pobolj\u0161ava ukupnu izvedbu i odziv va\u0161eg ure\u0111aja.<\/p>\n<p>S kapacitetom pohrane od 128 GB, SC311 SSD pru\u017ea dovoljno prostora za va\u0161 operativni sustav, aplikacije i datoteke, pove\u0107avaju\u0107i brzinu i u\u010dinkovitost va\u0161eg ure\u0111aja. Bez obzira koristite li ga za posao, zabavu ili produktivnost, pove\u0107ani kapacitet pohrane osigurava glatkiju multitasking i br\u017ei pristup va\u0161im podacima.<\/p>\n<p>Faktor M.2 formata SK Hynix SC311 SSD-a dizajniran je za neprimjetno uklapanje u prijenosna ra\u010dunala, ultrabookove i mala stolna ra\u010dunala koja podr\u017eavaju M.2 diskove. Njegov kompaktni dizajn ne samo da \u0161tedi prostor, ve\u0107 poma\u017ee i smanjiti potro\u0161nju energije, pridonose\u0107i duljem trajanju baterije za prijenosne ure\u0111aje.<\/p>\n<p>Sa kompatibilno\u0161\u0107u sa SATA III su\u010deljem, SK Hynix SC311 SSD pru\u017ea velike brzine prijenosa podataka i zna\u010dajno smanjuje vrijeme pokretanja sustava i vrijeme u\u010ditavanja aplikacija. To zna\u010di pobolj\u0161anu reakciju sustava i bolje op\u0107e iskustvo rada s ra\u010dunalom.<\/p>\n<p>Nadogradite pohranu i performanse svog ure\u0111aja sa SK Hynix SC311 128GB SATA SSD M.2 (Broj dijela: 06HG72). Iskusite prednosti br\u017eeg pristupa podacima, pobolj\u0161ane mogu\u0107nosti multitaskinga i pobolj\u0161ane ukupne brzine odziva sustava. Bilo da ste profesionalni ili povremeni korisnik, ovaj SSD je izvrstan izbor za pove\u0107anje performansi i kapaciteta pohrane va\u0161eg ure\u0111aja.<\/p>\n","protected":false},"excerpt":{"rendered":"<p>SK Hynix SC311 128GB SATA SSD M.2 (Broj dijela: 06HG72) rje\u0161enje je za pohranu visokih performansi koje pove\u0107ava brzinu i odziv va\u0161eg ure\u0111aja. S kompaktnim M.2 formatom, ovaj SSD je idealan za prijenosna ra\u010dunala, ultrabookove i stolna ra\u010dunala malog formata, nude\u0107i pove\u0107ani kapacitet pohrane i pobolj\u0161ane performanse sustava.<\/p>\n","protected":false},"featured_media":19254,"template":"","meta":[],"product_brand":[],"product_cat":[66,78],"product_tag":[],"class_list":{"0":"post-19200","1":"product","2":"type-product","3":"status-publish","4":"has-post-thumbnail","6":"product_cat-ssd-hdd-drives","7":"product_cat-m-2-sata","9":"first","10":"instock","11":"taxable","12":"shipping-taxable","13":"purchasable","14":"product-type-simple"},"_links":{"self":[{"href":"https:\/\/boreait.com\/hr\/wp-json\/wp\/v2\/product\/19200","targetHints":{"allow":["GET"]}}],"collection":[{"href":"https:\/\/boreait.com\/hr\/wp-json\/wp\/v2\/product"}],"about":[{"href":"https:\/\/boreait.com\/hr\/wp-json\/wp\/v2\/types\/product"}],"wp:featuredmedia":[{"embeddable":true,"href":"https:\/\/boreait.com\/hr\/wp-json\/wp\/v2\/media\/19254"}],"wp:attachment":[{"href":"https:\/\/boreait.com\/hr\/wp-json\/wp\/v2\/media?parent=19200"}],"wp:term":[{"taxonomy":"product_brand","embeddable":true,"href":"https:\/\/boreait.com\/hr\/wp-json\/wp\/v2\/product_brand?post=19200"},{"taxonomy":"product_cat","embeddable":true,"href":"https:\/\/boreait.com\/hr\/wp-json\/wp\/v2\/product_cat?post=19200"},{"taxonomy":"product_tag","embeddable":true,"href":"https:\/\/boreait.com\/hr\/wp-json\/wp\/v2\/product_tag?post=19200"}],"curies":[{"name":"wp","href":"https:\/\/api.w.org\/{rel}","templated":true}]}}