{"id":19181,"date":"2025-07-25T11:03:16","date_gmt":"2025-07-25T11:03:16","guid":{"rendered":"https:\/\/boreait.com\/hr\/?post_type=product&#038;p=19181"},"modified":"2026-01-09T12:13:53","modified_gmt":"2026-01-09T12:13:53","slug":"acer-aspire-5250-cd-dvd-player-konektor-flat-burner-pew71-ls-6583p","status":"publish","type":"product","link":"https:\/\/boreait.com\/hr\/product\/acer-aspire-5250-cd-dvd-player-konektor-flat-burner-pew71-ls-6583p\/","title":{"rendered":"Acer Aspire 5250 CD\/DVD player konektor + Flat Burner PEW71 LS-6583P"},"content":{"rendered":"<p>Acer Aspire 5250 CD\/DVD player konektor + Flat Burner PEW71 LS-6583P bitna je komponenta za va\u0161 Acer Aspire 5250 laptop, posebno ako \u017eelite koristiti CD\/DVD player ili snima\u010d. Ova konektorska plo\u010da slu\u017ei kao su\u010delje izme\u0111u CD\/DVD playera\/snima\u010da i mati\u010dne plo\u010de prijenosnog ra\u010dunala, omogu\u0107uju\u0107i vam \u010ditanje ili pisanje podataka s opti\u010dkih diskova.<\/p>\n<p>Bilo da \u017eelite gledati filmove, instalirati softver s CD-a ili DVD-a ili kreirati vlastite diskove, ova konektorska plo\u010da omogu\u0107uje vam sve. Osigurava glatku i pouzdanu vezu izme\u0111u CD\/DVD playera\/snima\u010da i va\u0161eg prijenosnog ra\u010dunala, pru\u017eaju\u0107i vam pogodnost kori\u0161tenja opti\u010dkih medija na va\u0161em ure\u0111aju.<\/p>\n<p>Acer Aspire 5250 CD\/DVD player konektor + Flat Burner PEW71 LS-6583P originalni je zamjenski dio tvrtke Acer, koji osigurava kompatibilnost i optimalne performanse. Kada se pravilno instalira, neprimjetno se integrira s unutarnjim komponentama va\u0161eg prijenosnog ra\u010dunala, omogu\u0107uju\u0107i vam da u\u017eivate u svim prednostima CD\/DVD playera ili snima\u010da na va\u0161em Acer Aspire 5250.<\/p>\n<p>Ako je va\u0161a originalna konektorska plo\u010da neispravna ili o\u0161te\u0107ena, zamjena s ovim originalnim Acerovim zamjenskim dijelom vratit \u0107e funkcionalnost CD\/DVD-a na va\u0161e prijenosno ra\u010dunalo, omogu\u0107uju\u0107i vam kori\u0161tenje opti\u010dkih diskova u razne svrhe. Nadogradite svoj Acer Aspire 5250 s Acer Aspire 5250 CD\/DVD player priklju\u010dkom + Flat Burner PEW71 LS-6583P i otklju\u010dajte puni potencijal mogu\u0107nosti va\u0161eg prijenosnog ra\u010dunala.<\/p>\n","protected":false},"excerpt":{"rendered":"<p>Acer Aspire 5250 CD\/DVD player konektor + Flat Burner PEW71 LS-6583P je originalni zamjenski dio dizajniran za Acer Aspire 5250 prijenosna ra\u010dunala. Ova konektorska plo\u010da omogu\u0107uje vam spajanje i kori\u0161tenje CD\/DVD playera ili snima\u010da na va\u0161em prijenosnom ra\u010dunalu, omogu\u0107uju\u0107i vam \u010ditanje ili pisanje podataka s opti\u010dkih diskova.<\/p>\n","protected":false},"featured_media":19234,"template":"","meta":[],"product_brand":[],"product_cat":[62],"product_tag":[64],"class_list":{"0":"post-19181","1":"product","2":"type-product","3":"status-publish","4":"has-post-thumbnail","6":"product_cat-motherboards-board-parts","7":"product_tag-acer","9":"first","10":"instock","11":"taxable","12":"shipping-taxable","13":"purchasable","14":"product-type-simple"},"_links":{"self":[{"href":"https:\/\/boreait.com\/hr\/wp-json\/wp\/v2\/product\/19181","targetHints":{"allow":["GET"]}}],"collection":[{"href":"https:\/\/boreait.com\/hr\/wp-json\/wp\/v2\/product"}],"about":[{"href":"https:\/\/boreait.com\/hr\/wp-json\/wp\/v2\/types\/product"}],"wp:featuredmedia":[{"embeddable":true,"href":"https:\/\/boreait.com\/hr\/wp-json\/wp\/v2\/media\/19234"}],"wp:attachment":[{"href":"https:\/\/boreait.com\/hr\/wp-json\/wp\/v2\/media?parent=19181"}],"wp:term":[{"taxonomy":"product_brand","embeddable":true,"href":"https:\/\/boreait.com\/hr\/wp-json\/wp\/v2\/product_brand?post=19181"},{"taxonomy":"product_cat","embeddable":true,"href":"https:\/\/boreait.com\/hr\/wp-json\/wp\/v2\/product_cat?post=19181"},{"taxonomy":"product_tag","embeddable":true,"href":"https:\/\/boreait.com\/hr\/wp-json\/wp\/v2\/product_tag?post=19181"}],"curies":[{"name":"wp","href":"https:\/\/api.w.org\/{rel}","templated":true}]}}