{"id":19162,"date":"2025-07-25T11:02:53","date_gmt":"2025-07-25T11:02:53","guid":{"rendered":"https:\/\/boreait.com\/hr\/?post_type=product&#038;p=19162"},"modified":"2025-07-25T11:04:03","modified_gmt":"2025-07-25T11:04:03","slug":"originalna-ploca-citaca-pametnih-kartica-za-prijenosna-racunala-serije-hp-elitebook-840-g1-6050a2560401","status":"publish","type":"product","link":"https:\/\/boreait.com\/hr\/product\/originalna-ploca-citaca-pametnih-kartica-za-prijenosna-racunala-serije-hp-elitebook-840-g1-6050a2560401\/","title":{"rendered":"Originalna plo\u010da \u010dita\u010da pametnih kartica za prijenosna ra\u010dunala serije HP EliteBook 840 G1 6050A2560401"},"content":{"rendered":"<p>Originalna plo\u010da \u010dita\u010da pametnih kartica HP EliteBook 840 G1 serije 6050A2560401 klju\u010dna je komponenta HP EliteBook 840 G1 serije prijenosnih ra\u010dunala. Pametne kartice su mali prijenosni ure\u0111aji koji sadr\u017ee ugra\u0111ene integrirane krugove koji sigurno pohranjuju i obra\u0111uju podatke. Obi\u010dno se koriste za provjeru autenti\u010dnosti, identifikaciju i \u0161ifriranje podataka.<\/p>\n<p>Ova plo\u010da \u010dita\u010da pametnih kartica omogu\u0107uje prijenosnom ra\u010dunalu HP EliteBook 840 G1 \u010ditanje i interakciju s pametnim karticama. Kori\u0161tenjem pametnih kartica korisnici mogu pobolj\u0161ati sigurnost svog prijenosnog ra\u010dunala i podataka. Pametne kartice mogu se koristiti za autentifikaciju s vi\u0161e faktora, pru\u017eaju\u0107i dodatni sloj sigurnosti izvan tradicionalnih lozinki.<\/p>\n<p>S originalnom plo\u010dom \u010dita\u010da pametnih kartica HP EliteBook 840 G1 serije 6050A2560401 za prijenosna ra\u010dunala korisnici mogu jednostavno pristupiti sigurnim mre\u017eama, potvrditi svoj identitet i \u0161ifrirati osjetljive podatke. Ovo je posebno va\u017eno za tvrtke i organizacije kojima je prioritet za\u0161tita podataka i provjera autenti\u010dnosti korisnika.<\/p>\n<p>Kako biste osigurali kompatibilnost i optimalnu izvedbu, neophodno je koristiti originalne zamjenske dijelove kao \u0161to je 6050A2560401 plo\u010da \u010dita\u010da pametnih kartica. Prilikom zamjene plo\u010de, preporu\u010dljivo je potra\u017eiti pomo\u0107 profesionalnog tehni\u010dara ili pogledati servisni priru\u010dnik prijenosnog ra\u010dunala za pravilne upute za instalaciju.<\/p>\n<p>Ako trebate zamijeniti plo\u010du \u010dita\u010da pametnih kartica u prijenosnom ra\u010dunalu HP EliteBook 840 G1, originalna plo\u010da \u010dita\u010da pametnih kartica HP EliteBook 840 G1 serije 6050A2560401 za prijenosna ra\u010dunala idealan je izbor. Omogu\u0107it \u0107e vam kori\u0161tenje funkcionalnosti pametne kartice i pobolj\u0161ati sigurnost va\u0161eg prijenosnog ra\u010dunala i podataka.<\/p>\n","protected":false},"excerpt":{"rendered":"<p>Originalna plo\u010da \u010dita\u010da pametnih kartica za prijenosna ra\u010dunala serije HP EliteBook 840 G1 6050A2560401 zamjenski je dio dizajniran za prijenosna ra\u010dunala serije HP EliteBook 840 G1. Ova plo\u010da omogu\u0107uje prijenosnom ra\u010dunalu \u010ditanje pametnih kartica, pru\u017eaju\u0107i pobolj\u0161ane sigurnosne zna\u010dajke i opcije autentifikacije.<\/p>\n","protected":false},"featured_media":19226,"template":"","meta":[],"product_brand":[],"product_cat":[62],"product_tag":[60],"class_list":{"0":"post-19162","1":"product","2":"type-product","3":"status-publish","4":"has-post-thumbnail","6":"product_cat-motherboards-board-parts","7":"product_tag-hp","9":"first","10":"instock","11":"taxable","12":"shipping-taxable","13":"purchasable","14":"product-type-simple"},"_links":{"self":[{"href":"https:\/\/boreait.com\/hr\/wp-json\/wp\/v2\/product\/19162","targetHints":{"allow":["GET"]}}],"collection":[{"href":"https:\/\/boreait.com\/hr\/wp-json\/wp\/v2\/product"}],"about":[{"href":"https:\/\/boreait.com\/hr\/wp-json\/wp\/v2\/types\/product"}],"wp:featuredmedia":[{"embeddable":true,"href":"https:\/\/boreait.com\/hr\/wp-json\/wp\/v2\/media\/19226"}],"wp:attachment":[{"href":"https:\/\/boreait.com\/hr\/wp-json\/wp\/v2\/media?parent=19162"}],"wp:term":[{"taxonomy":"product_brand","embeddable":true,"href":"https:\/\/boreait.com\/hr\/wp-json\/wp\/v2\/product_brand?post=19162"},{"taxonomy":"product_cat","embeddable":true,"href":"https:\/\/boreait.com\/hr\/wp-json\/wp\/v2\/product_cat?post=19162"},{"taxonomy":"product_tag","embeddable":true,"href":"https:\/\/boreait.com\/hr\/wp-json\/wp\/v2\/product_tag?post=19162"}],"curies":[{"name":"wp","href":"https:\/\/api.w.org\/{rel}","templated":true}]}}