{"id":19149,"date":"2025-07-25T11:02:30","date_gmt":"2025-07-25T11:02:30","guid":{"rendered":"https:\/\/boreait.com\/hr\/?post_type=product&#038;p=19149"},"modified":"2026-01-09T12:11:07","modified_gmt":"2026-01-09T12:11:07","slug":"ploca-pametne-kartice-dell-latitude-e5450-r22th-testirano-jamstvo","status":"publish","type":"product","link":"https:\/\/boreait.com\/hr\/product\/ploca-pametne-kartice-dell-latitude-e5450-r22th-testirano-jamstvo\/","title":{"rendered":"Plo\u010da pametne kartice Dell Latitude E5450 R22TH testirano jamstvo"},"content":{"rendered":"<p>Zamijenite svoju o\u0161te\u0107enu ili neispravnu plo\u010du pametne kartice s originalnom Dell Latitude E5450 plo\u010dom pametne kartice R22TH. Ova je plo\u010da posebno dizajnirana za kori\u0161tenje s modelom prijenosnog ra\u010dunala Dell Latitude E5450 i testirana je kako bi se osigurala njezina kompatibilnost i funkcionalnost.<\/p>\n<p>Plo\u010da pametne kartice bitna je komponenta va\u0161eg prijenosnog ra\u010dunala, posebno ako \u010desto koristite pametne kartice za autentifikaciju ili sigurnosne svrhe. Uz Dell Latitude E5450 Smartcard Board R22TH, mo\u017eete biti sigurni da \u0107e funkcija pametne kartice va\u0161eg prijenosnog ra\u010dunala raditi besprijekorno.<\/p>\n<p>Kada kupujete Dell Latitude E5450 Smartcard Board R22TH, mo\u017eete biti sigurni da dobivate kvalitetan proizvod. Podvrgava se rigoroznom testiranju kako bi zadovoljio Dellove standarde kvalitete i dolazi s jamstvom koje pokriva sve potencijalne nedostatke ili probleme.<\/p>\n<p>Proces instalacije za plo\u010du pametne kartice je jednostavan, a staru ili neispravnu plo\u010du mo\u017eete jednostavno zamijeniti novom. Bitno je osigurati da va\u0161e prijenosno ra\u010dunalo radi ispravno, osobito ako je provjera autenti\u010dnosti pametne kartice sastavni dio va\u0161eg tijeka rada.<\/p>\n<p>Neka va\u0161e prijenosno ra\u010dunalo Dell Latitude E5450 radi glatko i sigurno uz Dell Latitude E5450 Smartcard Board R22TH. Sa svojim testiranim performansama i pokriveno\u0161\u0107u jamstvom, mo\u017eete vjerovati da \u0107e ova zamjenska plo\u010da ispuniti va\u0161e potrebe i o\u010dekivanja.<\/p>\n","protected":false},"excerpt":{"rendered":"<p>Dell Latitude E5450 Smartcard Board R22TH je originalni i testirani zamjenski dio za va\u0161e prijenosno ra\u010dunalo Dell Latitude E5450. Dolazi s jamstvom za dodatni mir, osiguravaju\u0107i njegovu kvalitetu i funkcionalnost.<\/p>\n","protected":false},"featured_media":19212,"template":"","meta":[],"product_brand":[],"product_cat":[62],"product_tag":[52],"class_list":{"0":"post-19149","1":"product","2":"type-product","3":"status-publish","4":"has-post-thumbnail","6":"product_cat-motherboards-board-parts","7":"product_tag-dell","9":"first","10":"instock","11":"taxable","12":"shipping-taxable","13":"purchasable","14":"product-type-simple"},"_links":{"self":[{"href":"https:\/\/boreait.com\/hr\/wp-json\/wp\/v2\/product\/19149","targetHints":{"allow":["GET"]}}],"collection":[{"href":"https:\/\/boreait.com\/hr\/wp-json\/wp\/v2\/product"}],"about":[{"href":"https:\/\/boreait.com\/hr\/wp-json\/wp\/v2\/types\/product"}],"wp:featuredmedia":[{"embeddable":true,"href":"https:\/\/boreait.com\/hr\/wp-json\/wp\/v2\/media\/19212"}],"wp:attachment":[{"href":"https:\/\/boreait.com\/hr\/wp-json\/wp\/v2\/media?parent=19149"}],"wp:term":[{"taxonomy":"product_brand","embeddable":true,"href":"https:\/\/boreait.com\/hr\/wp-json\/wp\/v2\/product_brand?post=19149"},{"taxonomy":"product_cat","embeddable":true,"href":"https:\/\/boreait.com\/hr\/wp-json\/wp\/v2\/product_cat?post=19149"},{"taxonomy":"product_tag","embeddable":true,"href":"https:\/\/boreait.com\/hr\/wp-json\/wp\/v2\/product_tag?post=19149"}],"curies":[{"name":"wp","href":"https:\/\/api.w.org\/{rel}","templated":true}]}}