{"id":19131,"date":"2025-07-25T11:02:08","date_gmt":"2025-07-25T11:02:08","guid":{"rendered":"https:\/\/boreait.com\/hr\/?post_type=product&#038;p=19131"},"modified":"2025-07-25T11:03:41","modified_gmt":"2025-07-25T11:03:41","slug":"originalni-ericsson-h5321-3g-gps-hspa-wwan-mobilni-sirokopojasni-modul","status":"publish","type":"product","link":"https:\/\/boreait.com\/hr\/product\/originalni-ericsson-h5321-3g-gps-hspa-wwan-mobilni-sirokopojasni-modul\/","title":{"rendered":"Originalni Ericsson H5321 3G\/GPS\/HSPA+ WWAN mobilni \u0161irokopojasni modul"},"content":{"rendered":"<div class=\"flex-1 overflow-hidden\">\n<div class=\"react-scroll-to-bottom--css-savyy-79elbk h-full dark:bg-gray-800\">\n<div class=\"react-scroll-to-bottom--css-savyy-1n7m0yu\">\n<div class=\"flex flex-col text-sm dark:bg-gray-800\">\n<div class=\"group w-full text-token-text-primary border-b border-black\/10 dark:border-gray-900\/50 bg-gray-50 dark:bg-[#444654]\">\n<div class=\"flex p-4 gap-4 text-base md:gap-6 md:max-w-2xl lg:max-w-[38rem] xl:max-w-3xl md:py-6 lg:px-0 m-auto\">\n<div class=\"relative flex w-[calc(100%-50px)] flex-col gap-1 md:gap-3 lg:w-[calc(100%-115px)]\">\n<div class=\"flex flex-grow flex-col gap-3\">\n<div class=\"min-h-[20px] flex flex-col items-start gap-3 overflow-x-auto whitespace-pre-wrap break-words\">\n<div class=\"markdown prose w-full break-words dark:prose-invert light\">\n<p>Originalni mobilni \u0161irokopojasni modul Ericsson H5321 3G\/GPS\/HSPA+ WWAN be\u017ei\u010dni je modul vrhunske kvalitete dizajniran za pobolj\u0161anu povezanost na kompatibilnim ure\u0111ajima. S ovim instaliranim modulom korisnici mogu pristupiti 3G podacima, GPS uslugama i HSPA+ povezivosti, nude\u0107i brz i pouzdan mobilni \u0161irokopojasni pristup.<\/p>\n<p>Ovaj modul proizvodi Ericsson, pouzdano ime u telekomunikacijskoj industriji poznato po svojoj vrhunskoj tehnologiji i pouzdanim proizvodima. Modul H5321 pomno je projektiran i testiran kako bi zadovoljio stroge standarde kvalitete, osiguravaju\u0107i optimalnu izvedbu i besprijekornu integraciju s kompatibilnim ure\u0111ajima.<\/p>\n<p>Mobilni \u0161irokopojasni modul Ericsson H5321 WWAN podr\u017eava 3G povezivost, omogu\u0107uju\u0107i korisnicima pristup internetu i odr\u017eavanje veze dok su u pokretu. Tako\u0111er ima GPS mogu\u0107nosti, omogu\u0107uju\u0107i to\u010dno pozicioniranje i usluge temeljene na lokaciji za razne aplikacije.<\/p>\n<p>\u0160tovi\u0161e, modul podr\u017eava HSPA+ (High-Speed Packet Access Plus) tehnologiju, osiguravaju\u0107i ve\u0107e brzine prijenosa podataka u usporedbi sa standardnim 3G mre\u017eama. To omogu\u0107uje glatko pregledavanje, br\u017ea preuzimanja i pobolj\u0161ane performanse za podatkovno intenzivne zadatke.<\/p>\n<p>Originalni Ericssonov H5321 3G\/GPS\/HSPA+ WWAN mobilni \u0161irokopojasni modul kompatibilan je s odabranim prijenosnim ra\u010dunalima, tabletima i drugim mobilnim ure\u0111ajima. Korisnicima nudi fleksibilnost da ostanu povezani gdje god je dostupna kompatibilna mobilna mre\u017ea, \u0161to ga \u010dini idealnim za profesionalce i putnike kojima je potreban pouzdan pristup internetu u pokretu.<\/p>\n<p>Napominjemo da prije instalacije treba provjeriti kompatibilnost s odre\u0111enim ure\u0111ajima. Preporu\u010duje se profesionalna instalacija kako bi se osigurala ispravna funkcionalnost i integracija s glavnim ure\u0111ajem.<\/p>\n<p>Ukratko, originalni mobilni \u0161irokopojasni modul Ericsson H5321 3G\/GPS\/HSPA+ WWAN be\u017ei\u010dni je modul vrhunske kvalitete koji omogu\u0107uje 3G, GPS i HSPA+ povezivanje na kompatibilnim ure\u0111ajima. Uz brz i pouzdan mobilni \u0161irokopojasni pristup, korisnici mogu ostati povezani, pristupati internetu i s lako\u0107om u\u017eivati u uslugama koje se temelje na lokaciji.<\/p>\n<\/div>\n<\/div>\n<\/div>\n<div class=\"flex justify-between lg:block\">\n<div class=\"text-xs flex items-center justify-center gap-1 self-center pt-2 !invisible\"><\/div>\n<div class=\"text-gray-400 flex self-end lg:self-center justify-center mt-2 gap-2 md:gap-3 lg:gap-1 lg:absolute lg:top-0 lg:translate-x-full lg:right-0 lg:mt-0 lg:pl-2 visible\">\n<p>&nbsp;<\/p>\n<div class=\"flex gap-1\"><\/div>\n<\/div>\n<\/div>\n<\/div>\n<\/div>\n<\/div>\n<div class=\"h-32 md:h-48 flex-shrink-0\"><\/div>\n<p>&nbsp;<\/p>\n<\/div>\n<\/div>\n<\/div>\n<\/div>\n<div class=\"absolute bottom-0 left-0 w-full border-t md:border-t-0 tamno:border-white\/20 md:border-transparent md:dark:border-transparent md:bg-vert-light-gradient bg-white tamno:bg-gray-800 md:!bg-transparent tamno:md:bg-vert-dark-gradient pt-2 md:pl-2 md:w-[calc(100%-.5rem)]\">\n<div class=\"relative flex h-full flex-1 items-stretch md:flex-col\" role=\"presentation\">\n<div>\n<div class=\"h-full flex ml-1 md:w-full md:m-auto md:mb-4 gap-0 md:gap-2 justify-center\"><\/div>\n<\/div>\n<\/div>\n<\/div>\n","protected":false},"excerpt":{"rendered":"<p>Originalni mobilni \u0161irokopojasni modul Ericsson H5321 3G\/GPS\/HSPA+ WWAN je visokokvalitetni, originalni modul koji omogu\u0107uje 3G, GPS i HSPA+ povezivanje na kompatibilnim ure\u0111ajima. Omogu\u0107uje brz i pouzdan mobilni \u0161irokopojasni pristup za podatkovnu komunikaciju i usluge temeljene na lokaciji.<\/p>\n","protected":false},"featured_media":19206,"template":"","meta":[],"product_brand":[],"product_cat":[62],"product_tag":[],"class_list":{"0":"post-19131","1":"product","2":"type-product","3":"status-publish","4":"has-post-thumbnail","6":"product_cat-motherboards-board-parts","8":"first","9":"instock","10":"taxable","11":"shipping-taxable","12":"purchasable","13":"product-type-simple"},"_links":{"self":[{"href":"https:\/\/boreait.com\/hr\/wp-json\/wp\/v2\/product\/19131","targetHints":{"allow":["GET"]}}],"collection":[{"href":"https:\/\/boreait.com\/hr\/wp-json\/wp\/v2\/product"}],"about":[{"href":"https:\/\/boreait.com\/hr\/wp-json\/wp\/v2\/types\/product"}],"wp:featuredmedia":[{"embeddable":true,"href":"https:\/\/boreait.com\/hr\/wp-json\/wp\/v2\/media\/19206"}],"wp:attachment":[{"href":"https:\/\/boreait.com\/hr\/wp-json\/wp\/v2\/media?parent=19131"}],"wp:term":[{"taxonomy":"product_brand","embeddable":true,"href":"https:\/\/boreait.com\/hr\/wp-json\/wp\/v2\/product_brand?post=19131"},{"taxonomy":"product_cat","embeddable":true,"href":"https:\/\/boreait.com\/hr\/wp-json\/wp\/v2\/product_cat?post=19131"},{"taxonomy":"product_tag","embeddable":true,"href":"https:\/\/boreait.com\/hr\/wp-json\/wp\/v2\/product_tag?post=19131"}],"curies":[{"name":"wp","href":"https:\/\/api.w.org\/{rel}","templated":true}]}}