{"id":19101,"date":"2025-07-25T11:01:19","date_gmt":"2025-07-25T11:01:19","guid":{"rendered":"https:\/\/boreait.com\/hr\/?post_type=product&#038;p=19101"},"modified":"2025-07-25T11:03:22","modified_gmt":"2025-07-25T11:03:22","slug":"cn-0jx8mw-za-dell-latitude14-5000-e5450-shell-serije-a-shell-osi-zaslona","status":"publish","type":"product","link":"https:\/\/boreait.com\/hr\/product\/cn-0jx8mw-za-dell-latitude14-5000-e5450-shell-serije-a-shell-osi-zaslona\/","title":{"rendered":"CN-0JX8MW za Dell Latitude14 5000 E5450 Shell serije A Shell osi zaslona"},"content":{"rendered":"<p>CN-0JX8MW je Dell Latitude 14 5000 E5450 Series A Shell Screen Axis Shell. To je originalni Dell zamjenski dio pomno izra\u0111en da odgovara prijenosnim ra\u010dunalima serije Dell Latitude E5450. Ova ljuska osi zaslona bitna je komponenta koja osigurava strukturni integritet i za\u0161titu za mehanizam osi zaslona prijenosnog ra\u010dunala.<\/p>\n<p> Dizajniran od strane Dellovih stru\u010dnih in\u017eenjera, CN-0JX8MW osigurava precizno pristajanje i besprijekornu integraciju s ostalim komponentama prijenosnih ra\u010dunala Dell Latitude E5450. Kao OEM dio, zadovoljava Dellove rigorozne standarde za kvalitetu, performanse i trajnost.<\/p>\n<p>Prilikom zamjene \u0161koljke osi zaslona, klju\u010dno je slijediti Dell-ove preporu\u010dene smjernice ili potra\u017eiti stru\u010dnu pomo\u0107 kako biste sprije\u010dili bilo kakvu \u0161tetu na prijenosnom ra\u010dunalu ili njegovim unutarnjim komponentama. Kori\u0161tenje originalnih OEM dijelova kao \u0161to je CN-0JX8MW toplo se preporu\u010duje kako bi se zadr\u017eao izvorni dizajn prijenosnog ra\u010dunala i osigurale optimalne performanse.<\/p>\n<p>Zamjena o\u0161te\u0107enog ili istro\u0161enog omota\u010da osi zaslona klju\u010dna je za za\u0161titu mehanizma osi zaslona prijenosnog ra\u010dunala i osiguravanje glatkog pomicanja zaslona. CN-0JX8MW je idealan izbor za vra\u0107anje osi zaslona prijenosnog ra\u010dunala Dell Latitude E5450 u izvorno stanje.<\/p>\n<p>Ukratko, CN-0JX8MW je originalni Dell zamjenski dio dizajniran posebno za prijenosna ra\u010dunala serije Dell Latitude 14 5000 E5450. Pru\u017ea strukturnu potporu i za\u0161titu za mehanizam osi zaslona, osiguravaju\u0107i performanse i dugovje\u010dnost prijenosnog ra\u010dunala. S ovom OEM \u0161koljkom osi zaslona mo\u017eete odr\u017eati integritet svog prijenosnog ra\u010dunala Dell Latitude E5450 i u\u017eivati u glatkom pomicanju zaslona.<\/p>\n","protected":false},"excerpt":{"rendered":"<p>CN-0JX8MW je Dell Latitude 14 5000 E5450 Series A Shell Screen Axis Shell. To je originalni Dell zamjenski dio dizajniran da pru\u017ei strukturnu potporu i za\u0161titu osi zaslona prijenosnih ra\u010dunala serije Dell Latitude E5450.<\/p>\n","protected":false},"featured_media":19186,"template":"","meta":[],"product_brand":[],"product_cat":[51],"product_tag":[52],"class_list":{"0":"post-19101","1":"product","2":"type-product","3":"status-publish","4":"has-post-thumbnail","6":"product_cat-laptop-housing","7":"product_tag-dell","9":"first","10":"instock","11":"taxable","12":"shipping-taxable","13":"purchasable","14":"product-type-simple"},"_links":{"self":[{"href":"https:\/\/boreait.com\/hr\/wp-json\/wp\/v2\/product\/19101","targetHints":{"allow":["GET"]}}],"collection":[{"href":"https:\/\/boreait.com\/hr\/wp-json\/wp\/v2\/product"}],"about":[{"href":"https:\/\/boreait.com\/hr\/wp-json\/wp\/v2\/types\/product"}],"wp:featuredmedia":[{"embeddable":true,"href":"https:\/\/boreait.com\/hr\/wp-json\/wp\/v2\/media\/19186"}],"wp:attachment":[{"href":"https:\/\/boreait.com\/hr\/wp-json\/wp\/v2\/media?parent=19101"}],"wp:term":[{"taxonomy":"product_brand","embeddable":true,"href":"https:\/\/boreait.com\/hr\/wp-json\/wp\/v2\/product_brand?post=19101"},{"taxonomy":"product_cat","embeddable":true,"href":"https:\/\/boreait.com\/hr\/wp-json\/wp\/v2\/product_cat?post=19101"},{"taxonomy":"product_tag","embeddable":true,"href":"https:\/\/boreait.com\/hr\/wp-json\/wp\/v2\/product_tag?post=19101"}],"curies":[{"name":"wp","href":"https:\/\/api.w.org\/{rel}","templated":true}]}}