{"id":19100,"date":"2025-07-25T11:01:19","date_gmt":"2025-07-25T11:01:19","guid":{"rendered":"https:\/\/boreait.com\/hr\/?post_type=product&#038;p=19100"},"modified":"2025-07-25T11:03:15","modified_gmt":"2025-07-25T11:03:15","slug":"hp-probook-4710s-donji-dio-kucista-donji-poklopac-donjeg-dijela","status":"publish","type":"product","link":"https:\/\/boreait.com\/hr\/product\/hp-probook-4710s-donji-dio-kucista-donji-poklopac-donjeg-dijela\/","title":{"rendered":"HP Probook 4710S donji dio ku\u0107i\u0161ta donji poklopac donjeg dijela"},"content":{"rendered":"<p>HP Probook 4710S Bottom Case Base Cover Bottom je autenti\u010dna zamjenska komponenta posebno izra\u0111ena za HP Probook 4710S seriju prijenosnih ra\u010dunala. Kao bitan dio ku\u0107i\u0161ta prijenosnog ra\u010dunala, donji poklopac ku\u0107i\u0161ta nudi strukturalni integritet i \u0161titi unutarnje komponente, osiguravaju\u0107i besprijekoran rad ure\u0111aja.<\/p>\n<p> Dizajniran od strane HP-ovih stru\u010dnih in\u017eenjera, ovaj donji poklopac ku\u0107i\u0161ta jam\u010di precizno pristajanje i savr\u0161eno je uskla\u0111en s ostalim komponentama prijenosnog ra\u010dunala. Odabirom HP Probook 4710S Bottom Case Base Cover Bottom, mo\u017eete biti sigurni da dobivate proizvod visoke kvalitete koji zadovoljava HP-ove stroge standarde za performanse i izdr\u017eljivost.<\/p>\n<p>Prilikom postavljanja poklopca baze donjeg ku\u0107i\u0161ta, va\u017eno je slijediti preporu\u010dene smjernice proizvo\u0111a\u010da ili potra\u017eiti stru\u010dnu pomo\u0107 kako biste izbjegli o\u0161te\u0107enje prijenosnog ra\u010dunala ili njegovih komponenti. HP preporu\u010duje kori\u0161tenje samo originalnih OEM dijelova za zamjenu kako bi se odr\u017eao izvorni dizajn i funkcionalnost prijenosnog ra\u010dunala.<\/p>\n<p>Zamjena o\u0161te\u0107enog ili istro\u0161enog donjeg poklopca ku\u0107i\u0161ta klju\u010dna je za za\u0161titu unutarnjih komponenti prijenosnog ra\u010dunala serije HP Probook 4710S i produljenje njegovog vijeka trajanja. HP Probook 4710S Bottom Case Base Cover Bottom je savr\u0161en izbor za vra\u0107anje ku\u0107i\u0161ta va\u0161eg prijenosnog ra\u010dunala u izvorno stanje.<\/p>\n<p>Ukratko, HP Probook 4710S Bottom Case Base Cover Bottom je originalni zamjenski dio koji nudi strukturnu potporu i za\u0161titu unutarnjih komponenti HP Probook 4710S serije prijenosnih ra\u010dunala. S ovim osnovnim poklopcem donjeg ku\u0107i\u0161ta OEM-a mo\u017eete osigurati integritet svog prijenosnog ra\u010dunala uz o\u010duvanje njegovog dizajna i funkcionalnosti.<\/p>\n","protected":false},"excerpt":{"rendered":"<p>HP Probook 4710S Bottom Case Base Cover Bottom je originalni zamjenski dio dizajniran za prijenosna ra\u010dunala serije HP Probook 4710S. Ovaj donji poklopac ku\u0107i\u0161ta pru\u017ea za\u0161titu i strukturnu potporu unutarnjim komponentama prijenosnog ra\u010dunala.<\/p>\n","protected":false},"featured_media":19177,"template":"","meta":[],"product_brand":[],"product_cat":[51],"product_tag":[60],"class_list":{"0":"post-19100","1":"product","2":"type-product","3":"status-publish","4":"has-post-thumbnail","6":"product_cat-laptop-housing","7":"product_tag-hp","9":"first","10":"instock","11":"taxable","12":"shipping-taxable","13":"purchasable","14":"product-type-simple"},"_links":{"self":[{"href":"https:\/\/boreait.com\/hr\/wp-json\/wp\/v2\/product\/19100","targetHints":{"allow":["GET"]}}],"collection":[{"href":"https:\/\/boreait.com\/hr\/wp-json\/wp\/v2\/product"}],"about":[{"href":"https:\/\/boreait.com\/hr\/wp-json\/wp\/v2\/types\/product"}],"wp:featuredmedia":[{"embeddable":true,"href":"https:\/\/boreait.com\/hr\/wp-json\/wp\/v2\/media\/19177"}],"wp:attachment":[{"href":"https:\/\/boreait.com\/hr\/wp-json\/wp\/v2\/media?parent=19100"}],"wp:term":[{"taxonomy":"product_brand","embeddable":true,"href":"https:\/\/boreait.com\/hr\/wp-json\/wp\/v2\/product_brand?post=19100"},{"taxonomy":"product_cat","embeddable":true,"href":"https:\/\/boreait.com\/hr\/wp-json\/wp\/v2\/product_cat?post=19100"},{"taxonomy":"product_tag","embeddable":true,"href":"https:\/\/boreait.com\/hr\/wp-json\/wp\/v2\/product_tag?post=19100"}],"curies":[{"name":"wp","href":"https:\/\/api.w.org\/{rel}","templated":true}]}}