{"id":19087,"date":"2025-07-25T11:00:57","date_gmt":"2025-07-25T11:00:57","guid":{"rendered":"https:\/\/boreait.com\/hr\/?post_type=product&#038;p=19087"},"modified":"2025-07-25T11:02:59","modified_gmt":"2025-07-25T11:02:59","slug":"hp-probook-6360t-dc-power-jack-50-4kt06-002-power-jack","status":"publish","type":"product","link":"https:\/\/boreait.com\/hr\/product\/hp-probook-6360t-dc-power-jack-50-4kt06-002-power-jack\/","title":{"rendered":"HP ProBook 6360T DC Power Jack 50.4KT06.002 Power Jack"},"content":{"rendered":"<p>U na\u0161oj internetskoj trgovini u Europi posve\u0107eni smo pru\u017eanju rabljenih dijelova za prijenosna ra\u010dunala vrhunske kvalitete kako bismo zadovoljili sve va\u0161e potrebe popravka. Ako ste u potrazi za pouzdanom zamjenom za HP ProBook 6360T DC Power Jack s brojem dijela 50.4KT06.002, ne tra\u017eite dalje. Na\u0161a kolekcija autenti\u010dnih dijelova za prijenosna ra\u010dunala pomno je odabrana i testirana kako bismo osigurali optimalne performanse i kompatibilnost s va\u0161im ure\u0111ajem.<\/p>\n<p>Neispravan priklju\u010dak za istosmjerno napajanje mo\u017ee biti frustriraju\u0107i problem koji \u010desto dovodi do toga da se prijenosno ra\u010dunalo ne puni ili ne uklju\u010duje. Umjesto ulaganja u skupo novo prijenosno ra\u010dunalo, mo\u017eete vjerovati na\u0161im vrhunskim rabljenim dijelovima prijenosnog ra\u010dunala kako biste ponovno pokrenuli svoj HP ProBook 6360T uz djeli\u0107 cijene. Svaka uti\u010dnica prolazi rigorozno testiranje kako bismo osigurali da zadovoljava na\u0161e visoke standarde kvalitete, tako da mo\u017eete biti sigurni u njenu pouzdanost i izdr\u017eljivost.<\/p>\n<p>Razumijemo va\u017enost besprijekornog iskustva kupnje, zbog \u010dega nastojimo ponuditi platformu prilago\u0111enu korisniku sa sigurnim opcijama pla\u0107anja i uslugama brze dostave. Na\u0161 tim stru\u010dnjaka tako\u0111er vam stoji na raspolaganju za pomo\u0107 u vezi sa svim pitanjima ili nedoumicama koje imate, osiguravaju\u0107i da donesete informiranu odluku.<\/p>\n<p>Kada kupujete kod nas, ne dobivate samo zamjenski dio; dobivate pristup na\u0161oj predanosti zadovoljstvu kupaca i izvrsnosti proizvoda. Recite zbogom problemima s napajanjem prijenosnog ra\u010dunala i vratite svom HP ProBook 6360T puni potencijal uz originalni 50.4KT06.002 DC Power Jack iz na\u0161e provjerene trgovine.<\/p>\n","protected":false},"excerpt":{"rendered":"<p>Prona\u0111ite autenti\u010dni HP ProBook 6360T DC Power Jack s brojem dijela 50.4KT06.002 u na\u0161oj europskoj internetskoj trgovini. Na\u0161a vrhunska zbirka rabljenih dijelova za prijenosna ra\u010dunala osigurava pouzdanost i kompatibilnost, nude\u0107i isplativo rje\u0161enje za potrebe popravka va\u0161eg prijenosnog ra\u010dunala. Pokrenite svoje prijenosno ra\u010dunalo s ovim originalnim DC priklju\u010dkom za napajanje.<\/p>\n","protected":false},"featured_media":19170,"template":"","meta":[],"product_brand":[],"product_cat":[55],"product_tag":[60],"class_list":{"0":"post-19087","1":"product","2":"type-product","3":"status-publish","4":"has-post-thumbnail","6":"product_cat-cables","7":"product_tag-hp","9":"first","10":"instock","11":"taxable","12":"shipping-taxable","13":"purchasable","14":"product-type-simple"},"_links":{"self":[{"href":"https:\/\/boreait.com\/hr\/wp-json\/wp\/v2\/product\/19087","targetHints":{"allow":["GET"]}}],"collection":[{"href":"https:\/\/boreait.com\/hr\/wp-json\/wp\/v2\/product"}],"about":[{"href":"https:\/\/boreait.com\/hr\/wp-json\/wp\/v2\/types\/product"}],"wp:featuredmedia":[{"embeddable":true,"href":"https:\/\/boreait.com\/hr\/wp-json\/wp\/v2\/media\/19170"}],"wp:attachment":[{"href":"https:\/\/boreait.com\/hr\/wp-json\/wp\/v2\/media?parent=19087"}],"wp:term":[{"taxonomy":"product_brand","embeddable":true,"href":"https:\/\/boreait.com\/hr\/wp-json\/wp\/v2\/product_brand?post=19087"},{"taxonomy":"product_cat","embeddable":true,"href":"https:\/\/boreait.com\/hr\/wp-json\/wp\/v2\/product_cat?post=19087"},{"taxonomy":"product_tag","embeddable":true,"href":"https:\/\/boreait.com\/hr\/wp-json\/wp\/v2\/product_tag?post=19087"}],"curies":[{"name":"wp","href":"https:\/\/api.w.org\/{rel}","templated":true}]}}