{"id":19069,"date":"2025-07-25T11:00:32","date_gmt":"2025-07-25T11:00:32","guid":{"rendered":"https:\/\/boreait.com\/hr\/?post_type=product&#038;p=19069"},"modified":"2025-07-25T11:02:34","modified_gmt":"2025-07-25T11:02:34","slug":"hp-probook-4510s-web-kamera-6047b0011501-bn81u5ou","status":"publish","type":"product","link":"https:\/\/boreait.com\/hr\/product\/hp-probook-4510s-web-kamera-6047b0011501-bn81u5ou\/","title":{"rendered":"HP Probook 4510s web kamera 6047B0011501 BN81U5OU"},"content":{"rendered":"<p>Web kamera HP Probook 4510s (6047B0011501 BN81U5OU) originalan je i visokokvalitetan zamjenski modul web kamere koji je kompatibilan s modelom prijenosnog ra\u010dunala HP Probook 4510s. Ova je web kamera bitna komponenta za videokonferencije, mre\u017ene sastanke i video razgovore, \u0161to je \u010dini idealnom za osobnu i profesionalnu upotrebu.<\/p>\n<p>Uz njegovu plug-and-play funkciju, instalacija web kamere HP Probook 4510s je povjetarac. Jednostavno ga pove\u017eite s odgovaraju\u0107im priklju\u010dkom na prijenosnom ra\u010dunalu i va\u0161 \u0107e ga operativni sustav automatski detektirati. Nema potrebe za dodatnim upravlja\u010dkim programima ili instaliranjem softvera, \u0161to vam omogu\u0107uje da ga odmah koristite.<\/p>\n<p>Web-kamera je opremljena visokokvalitetnom optikom i senzorom koji pru\u017ea jasnu i o\u0161tru video kvalitetu. Podr\u017eava razli\u010dite razlu\u010divosti videozapisa, osiguravaju\u0107i glatko i jasno strujanje videozapisa tijekom videopoziva i mre\u017enih sastanaka. Osim toga, mo\u017ee snimati fotografije i video zapise, \u0161to ga \u010dini svestranim alatom za razne multimedijske svrhe.<\/p>\n<p>Ovu originalnu web-kameru HP Probook 4510s (6047B0011501 BN81U5OU) dizajnirao je i proizveo HP, osiguravaju\u0107i da zadovoljava visoke standarde marke za performanse i pouzdanost. HP je poznata i ugledna marka u ra\u010dunalnoj industriji, poznata po proizvodnji vrhunskih proizvoda, a ova web kamera nije iznimka.<\/p>\n<p>Bilo da trebate prisustvovati virtualnim sastancima, ostati povezani s prijateljima i obitelji ili stvarati videosadr\u017eaj, HP Probook 4510s web kamera je pouzdano i prakti\u010dno rje\u0161enje. Njegov kompaktni i integrirani dizajn osigurava da ne\u0107e ometati prenosivost va\u0161eg prijenosnog ra\u010dunala, \u0161to ga \u010dini prakti\u010dnim dodatkom va\u0161em HP Probook 4510s.<\/p>\n<p>U zaklju\u010dku, web kamera HP Probook 4510s (6047B0011501 BN81U5OU) je originalan i visokokvalitetan zamjenski modul web kamere dizajniran posebno za model prijenosnog ra\u010dunala HP Probook 4510s. Uz njegovu jednostavnu instalaciju, izvrsnu kvalitetu videa i svestranu funkcionalnost, omogu\u0107uje vam upu\u0107ivanje videopoziva, sudjelovanje u mre\u017enim sastancima i snimanje slika i videa s lako\u0107om. Pouzdajte se u pouzdanost i ugled marke HP i nadogradite svoje prijenosno ra\u010dunalo ovom pouzdanom web kamerom za pobolj\u0161anu komunikaciju i multimedijska iskustva.<\/p>\n","protected":false},"excerpt":{"rendered":"<p>Web kamera HP Probook 4510s (6047B0011501 BN81U5OU) je originalni zamjenski modul web kamere dizajniran posebno za model prijenosnog ra\u010dunala HP Probook 4510s. Omogu\u0107uje vam upu\u0107ivanje videopoziva, sudjelovanje u mre\u017enim sastancima i snimanje slika i videa s lako\u0107om.<\/p>\n","protected":false},"featured_media":19153,"template":"","meta":[],"product_brand":[],"product_cat":[58],"product_tag":[60],"class_list":{"0":"post-19069","1":"product","2":"type-product","3":"status-publish","4":"has-post-thumbnail","6":"product_cat-laptop-camera","7":"product_tag-hp","9":"first","10":"instock","11":"taxable","12":"shipping-taxable","13":"purchasable","14":"product-type-simple"},"_links":{"self":[{"href":"https:\/\/boreait.com\/hr\/wp-json\/wp\/v2\/product\/19069","targetHints":{"allow":["GET"]}}],"collection":[{"href":"https:\/\/boreait.com\/hr\/wp-json\/wp\/v2\/product"}],"about":[{"href":"https:\/\/boreait.com\/hr\/wp-json\/wp\/v2\/types\/product"}],"wp:featuredmedia":[{"embeddable":true,"href":"https:\/\/boreait.com\/hr\/wp-json\/wp\/v2\/media\/19153"}],"wp:attachment":[{"href":"https:\/\/boreait.com\/hr\/wp-json\/wp\/v2\/media?parent=19069"}],"wp:term":[{"taxonomy":"product_brand","embeddable":true,"href":"https:\/\/boreait.com\/hr\/wp-json\/wp\/v2\/product_brand?post=19069"},{"taxonomy":"product_cat","embeddable":true,"href":"https:\/\/boreait.com\/hr\/wp-json\/wp\/v2\/product_cat?post=19069"},{"taxonomy":"product_tag","embeddable":true,"href":"https:\/\/boreait.com\/hr\/wp-json\/wp\/v2\/product_tag?post=19069"}],"curies":[{"name":"wp","href":"https:\/\/api.w.org\/{rel}","templated":true}]}}