{"id":19039,"date":"2025-07-25T10:59:40","date_gmt":"2025-07-25T10:59:40","guid":{"rendered":"https:\/\/boreait.com\/hr\/?post_type=product&#038;p=19039"},"modified":"2025-07-25T11:01:52","modified_gmt":"2025-07-25T11:01:52","slug":"za-dell-latitde-e5440-e5540-a133d2-a-shell-a-case-straznji-poklopac-cn-a133d2","status":"publish","type":"product","link":"https:\/\/boreait.com\/hr\/product\/za-dell-latitde-e5440-e5540-a133d2-a-shell-a-case-straznji-poklopac-cn-a133d2\/","title":{"rendered":"Za Dell Latitde E5440 E5540 A133D2 A Shell A Case Stra\u017enji poklopac CN-A133D2"},"content":{"rendered":"<p>Stra\u017enji poklopac ku\u0107i\u0161ta Dell Latitude E5440 E5540 A133D2 A Shell A CN-A133D2 visoko je kvalitetan zamjenski dio izra\u0111en posebno za prijenosna ra\u010dunala Dell Latitude E5440 i E5540. Ovaj stra\u017enji poklopac dizajniran je da savr\u0161eno pristaje i pru\u017ei za\u0161titu stra\u017enjoj strani va\u0161eg prijenosnog ra\u010dunala, \u0161tite\u0107i ga od ogrebotina, pra\u0161ine i manjih udaraca.<\/p>\n<p>Izra\u0111en imaju\u0107i na umu preciznost i izdr\u017eljivost, ovaj originalni Dell zamjenski dio osigurava besprijekorno pristajanje uz va\u0161e prijenosno ra\u010dunalo, zadr\u017eavaju\u0107i izvornu estetiku dizajna. Napravljen je tako da se lako postavlja, \u0161to vam omogu\u0107uje da sami zamijenite stra\u017enji poklopac, bez potrebe za stru\u010dnom pomo\u0107i.<\/p>\n<p>Odabirom Dell Latitude E5440 E5540 A133D2 A Shell A Case Back Cover CN-A133D2, mo\u017eete vjerovati njegovoj kvaliteti i pouzdanosti, jer ga proizvodi Dell, proizvo\u0111a\u010d originalne opreme. To osigurava da zamjenski dio zadovoljava stroge standarde kvalitete proizvo\u0111a\u010da i da je napravljen da traje.<\/p>\n<p>Nadogradnja va\u0161eg prijenosnog ra\u010dunala Dell Latitude E5440 ili E5540 s originalnim stra\u017enjim poklopcem ku\u0107i\u0161ta Dell A133D2 A Shell A ne samo da \u0161titi ure\u0111aj, ve\u0107 i odr\u017eava njegov ukupni izgled i funkcionalnost. U\u017eivajte u miru znaju\u0107i da je va\u0161e prijenosno ra\u010dunalo dobro za\u0161ti\u0107eno ovim zamjenskim dijelom vrhunske kvalitete iz Della.<\/p>\n<p>Ulo\u017eite u Dell Latitude E5440 E5540 A133D2 A Shell A Case Back Cover CN-A133D2 i produ\u017eite \u017eivotni vijek svog prijenosnog ra\u010dunala \u0161tite\u0107i ga od svakodnevnog tro\u0161enja i habanja. Neka va\u0161 ure\u0111aj izgleda potpuno nov i radi u najboljem izdanju uz ovaj originalni Dell zamjenski dio.<\/p>\n","protected":false},"excerpt":{"rendered":"<p>Stra\u017enji poklopac ku\u0107i\u0161ta Dell Latitude E5440 E5540 A133D2 A Shell A CN-A133D2 visoko je kvalitetan zamjenski dio izra\u0111en posebno za prijenosna ra\u010dunala Dell Latitude E5440 i E5540. Ovaj stra\u017enji poklopac dizajniran je da savr\u0161eno pristaje i pru\u017ei za\u0161titu stra\u017enjoj strani va\u0161eg prijenosnog ra\u010dunala, \u0161tite\u0107i ga od ogrebotina, pra\u0161ine i manjih udaraca. Izra\u0111en imaju\u0107i na umu [&hellip;]<\/p>\n","protected":false},"featured_media":19119,"template":"","meta":[],"product_brand":[],"product_cat":[51],"product_tag":[52],"class_list":{"0":"post-19039","1":"product","2":"type-product","3":"status-publish","4":"has-post-thumbnail","6":"product_cat-laptop-housing","7":"product_tag-dell","9":"first","10":"instock","11":"taxable","12":"shipping-taxable","13":"purchasable","14":"product-type-simple"},"_links":{"self":[{"href":"https:\/\/boreait.com\/hr\/wp-json\/wp\/v2\/product\/19039","targetHints":{"allow":["GET"]}}],"collection":[{"href":"https:\/\/boreait.com\/hr\/wp-json\/wp\/v2\/product"}],"about":[{"href":"https:\/\/boreait.com\/hr\/wp-json\/wp\/v2\/types\/product"}],"wp:featuredmedia":[{"embeddable":true,"href":"https:\/\/boreait.com\/hr\/wp-json\/wp\/v2\/media\/19119"}],"wp:attachment":[{"href":"https:\/\/boreait.com\/hr\/wp-json\/wp\/v2\/media?parent=19039"}],"wp:term":[{"taxonomy":"product_brand","embeddable":true,"href":"https:\/\/boreait.com\/hr\/wp-json\/wp\/v2\/product_brand?post=19039"},{"taxonomy":"product_cat","embeddable":true,"href":"https:\/\/boreait.com\/hr\/wp-json\/wp\/v2\/product_cat?post=19039"},{"taxonomy":"product_tag","embeddable":true,"href":"https:\/\/boreait.com\/hr\/wp-json\/wp\/v2\/product_tag?post=19039"}],"curies":[{"name":"wp","href":"https:\/\/api.w.org\/{rel}","templated":true}]}}