{"id":19038,"date":"2025-07-25T10:59:40","date_gmt":"2025-07-25T10:59:40","guid":{"rendered":"https:\/\/boreait.com\/hr\/?post_type=product&#038;p=19038"},"modified":"2026-01-07T07:53:12","modified_gmt":"2026-01-07T07:53:12","slug":"lenovo-miix-320-10icr-10-1-donji-poklopac-kucista-8s1102-02661","status":"publish","type":"product","link":"https:\/\/boreait.com\/hr\/product\/lenovo-miix-320-10icr-10-1-donji-poklopac-kucista-8s1102-02661\/","title":{"rendered":"Lenovo MIIX 320-10ICR 10.1&#8243; donji poklopac ku\u0107i\u0161ta 8S1102-02661"},"content":{"rendered":"<p>Lenovo MIIX 320-10ICR 10.1&#8243; Bottom Base Case Cover je visokokvalitetni zamjenski dio izra\u0111en posebno za Lenovo MIIX 320-10ICR 10.1&#8243; tablet. Ovaj poklopac donjeg ku\u0107i\u0161ta dizajniran je tako da savr\u0161eno pristaje i pru\u017ea za\u0161titu donjoj strani va\u0161eg tableta, \u0161tite\u0107i ga od pra\u0161ine, ogrebotina i manjih udaraca.<\/p>\n<p>Izra\u0111en imaju\u0107i na umu preciznost i izdr\u017eljivost, ovaj originalni Lenovo zamjenski dio osigurava besprijekorno pristajanje uz va\u0161 tablet, zadr\u017eavaju\u0107i izvornu estetiku dizajna. Napravljen je tako da se lako postavlja, \u0161to vam omogu\u0107uje da sami zamijenite poklopac donjeg ku\u0107i\u0161ta, bez potrebe za stru\u010dnom pomo\u0107i.<\/p>\n<p>Odabirom poklopca donjeg ku\u0107i\u0161ta Lenovo MIIX 320-10ICR 10.1&#8243; mo\u017eete vjerovati njegovoj kvaliteti i pouzdanosti, jer ga proizvodi Lenovo, proizvo\u0111a\u010d originalne opreme. To osigurava da zamjenski dio zadovoljava stroge standarde kvalitete proizvo\u0111a\u010da i da je napravljen da traje.<\/p>\n<p>Nadogradnja va\u0161eg Lenovo MIIX 320-10ICR 10.1&#8243; tableta s originalnom Lenovo Bottom Base Case Cover ne samo da \u0161titi ure\u0111aj, ve\u0107 i odr\u017eava njegov cjelokupni izgled i funkcionalnost. U\u017eivajte u miru znaju\u0107i da je va\u0161 tablet dobro za\u0161ti\u0107en ovim zamjenskim dijelom vrhunske kvalitete iz Lenova.<\/p>\n<p>Ulo\u017eite u Lenovo MIIX 320-10ICR 10.1&#8243; Bottom Base Case Cover 8S1102-02661 i produ\u017eite \u017eivotni vijek svog tableta \u0161tite\u0107i ga od svakodnevnog habanja. Neka va\u0161 ure\u0111aj izgleda potpuno nov i funkcionira u najboljem izdanju s ovim originalnim Lenovo zamjenskim dijelom.<\/p>\n","protected":false},"excerpt":{"rendered":"<p>Lenovo MIIX 320-10ICR 10.1&#8243; Bottom Base Case Cover je originalni zamjenski dio dizajniran za za\u0161titu i pokrivanje donjeg dijela va\u0161eg Lenovo MIIX 320-10ICR 10.1&#8243; tableta.<\/p>\n","protected":false},"featured_media":19117,"template":"","meta":[],"product_brand":[],"product_cat":[51],"product_tag":[61],"class_list":{"0":"post-19038","1":"product","2":"type-product","3":"status-publish","4":"has-post-thumbnail","6":"product_cat-laptop-housing","7":"product_tag-lenovo","9":"first","10":"instock","11":"taxable","12":"shipping-taxable","13":"purchasable","14":"product-type-simple"},"_links":{"self":[{"href":"https:\/\/boreait.com\/hr\/wp-json\/wp\/v2\/product\/19038","targetHints":{"allow":["GET"]}}],"collection":[{"href":"https:\/\/boreait.com\/hr\/wp-json\/wp\/v2\/product"}],"about":[{"href":"https:\/\/boreait.com\/hr\/wp-json\/wp\/v2\/types\/product"}],"wp:featuredmedia":[{"embeddable":true,"href":"https:\/\/boreait.com\/hr\/wp-json\/wp\/v2\/media\/19117"}],"wp:attachment":[{"href":"https:\/\/boreait.com\/hr\/wp-json\/wp\/v2\/media?parent=19038"}],"wp:term":[{"taxonomy":"product_brand","embeddable":true,"href":"https:\/\/boreait.com\/hr\/wp-json\/wp\/v2\/product_brand?post=19038"},{"taxonomy":"product_cat","embeddable":true,"href":"https:\/\/boreait.com\/hr\/wp-json\/wp\/v2\/product_cat?post=19038"},{"taxonomy":"product_tag","embeddable":true,"href":"https:\/\/boreait.com\/hr\/wp-json\/wp\/v2\/product_tag?post=19038"}],"curies":[{"name":"wp","href":"https:\/\/api.w.org\/{rel}","templated":true}]}}