{"id":19037,"date":"2025-07-25T10:59:40","date_gmt":"2025-07-25T10:59:40","guid":{"rendered":"https:\/\/boreait.com\/hr\/?post_type=product&#038;p=19037"},"modified":"2025-07-25T11:01:40","modified_gmt":"2025-07-25T11:01:40","slug":"originalni-hp-elitebook-840-g1-series-oslonac-za-ruku-senzor-otiska-prsta-tipkovnica-730964-001","status":"publish","type":"product","link":"https:\/\/boreait.com\/hr\/product\/originalni-hp-elitebook-840-g1-series-oslonac-za-ruku-senzor-otiska-prsta-tipkovnica-730964-001\/","title":{"rendered":"Originalni HP EliteBook 840 G1 Series oslonac za ruku + senzor otiska prsta + tipkovnica 730964-001"},"content":{"rendered":"<p>Originalni oslonac za dlanove serije HP EliteBook 840 G1 je zamjenski dio vrhunske kvalitete koji uklju\u010duje oslonac za dlanove, senzor otiska prsta i tipkovnicu, \u0161to ga \u010dini sveobuhvatnim rje\u0161enjem za vra\u0107anje funkcionalnosti va\u0161eg prijenosnog ra\u010dunala HP EliteBook 840 G1. Izra\u0111en s precizno\u0161\u0107u i upotrebom izdr\u017eljivih materijala, ovaj sklop oslonca za dlan dizajniran je da zadovolji stroge standarde kvalitete proizvo\u0111a\u010da, osiguravaju\u0107i optimalnu izvedbu i pouzdanost.<\/p>\n<p>Komponenta oslonca za dlanove ovog sklopa pru\u017ea udobnu i stabilnu povr\u0161inu za va\u0161e ruke dok tipkate, pobolj\u0161avaju\u0107i va\u0161e cjelokupno korisni\u010dko iskustvo. Integrirani senzor otiska prsta dodaje dodatni sloj sigurnosti, omogu\u0107uju\u0107i vam prakti\u010dnu prijavu pomo\u0107u biometrijske provjere autenti\u010dnosti. Osim toga, tipkovnica je projektirana za u\u010dinkovitost i to\u010dnost, \u0161to je \u010dini bitnim dijelom za va\u0161e svakodnevne ra\u010dunalne zadatke.<\/p>\n<p>Zamjena va\u0161eg postoje\u0107eg oslonca za dlan originalnim HP EliteBook 840 G1 Series osloncem za dlan + senzorom otiska prsta + tipkovnicom 730964-001 je jednostavan postupak. Ovaj originalni HP dio osigurava savr\u0161eno pristajanje i besprijekornu integraciju s va\u0161im prijenosnim ra\u010dunalom, zadr\u017eavaju\u0107i izvornu estetiku i funkcionalnost.<\/p>\n<p>Kada odaberete ovaj originalni HP-ov zamjenski dio, mo\u017eete se pouzdati u njegovu pouzdanost i performanse, budu\u0107i da ga je originalni proizvo\u0111a\u010d dizajnirao za pru\u017eanje izvanrednih rezultata. Vra\u0107anje oslonca za dlanove va\u0161eg prijenosnog ra\u010dunala, senzora otiska prsta i tipkovnice s ovim sklopom vrhunske kvalitete omogu\u0107it \u0107e vam u\u017eivanje u besprijekornom i pobolj\u0161anom iskustvu rada na va\u0161em HP EliteBook 840 G1.<\/p>\n<p>Nadogradite svoje prijenosno ra\u010dunalo originalnim HP EliteBook 840 G1 Series naslonom za ruku + senzorom za otiske prstiju + tipkovnicom 730964-001 i u\u017eivajte u prakti\u010dnosti, sigurnosti i udobnosti koje on donosi va\u0161im ra\u010dunalnim zadacima. S ovim originalnim HP-ovim zamjenskim dijelom mo\u017eete biti sigurni da \u0107e va\u0161e prijenosno ra\u010dunalo nastaviti raditi u najboljem izdanju.<\/p>\n","protected":false},"excerpt":{"rendered":"<p>Originalni oslonac za ruku HP EliteBook 840 G1 serije je visokokvalitetni zamjenski dio dizajniran za vra\u0107anje funkcija oslonca za dlan, senzora otiska prsta i tipkovnice va\u0161eg prijenosnog ra\u010dunala HP EliteBook 840 G1.<\/p>\n","protected":false},"featured_media":19109,"template":"","meta":[],"product_brand":[],"product_cat":[51],"product_tag":[60],"class_list":{"0":"post-19037","1":"product","2":"type-product","3":"status-publish","4":"has-post-thumbnail","6":"product_cat-laptop-housing","7":"product_tag-hp","9":"first","10":"instock","11":"taxable","12":"shipping-taxable","13":"purchasable","14":"product-type-simple"},"_links":{"self":[{"href":"https:\/\/boreait.com\/hr\/wp-json\/wp\/v2\/product\/19037","targetHints":{"allow":["GET"]}}],"collection":[{"href":"https:\/\/boreait.com\/hr\/wp-json\/wp\/v2\/product"}],"about":[{"href":"https:\/\/boreait.com\/hr\/wp-json\/wp\/v2\/types\/product"}],"wp:featuredmedia":[{"embeddable":true,"href":"https:\/\/boreait.com\/hr\/wp-json\/wp\/v2\/media\/19109"}],"wp:attachment":[{"href":"https:\/\/boreait.com\/hr\/wp-json\/wp\/v2\/media?parent=19037"}],"wp:term":[{"taxonomy":"product_brand","embeddable":true,"href":"https:\/\/boreait.com\/hr\/wp-json\/wp\/v2\/product_brand?post=19037"},{"taxonomy":"product_cat","embeddable":true,"href":"https:\/\/boreait.com\/hr\/wp-json\/wp\/v2\/product_cat?post=19037"},{"taxonomy":"product_tag","embeddable":true,"href":"https:\/\/boreait.com\/hr\/wp-json\/wp\/v2\/product_tag?post=19037"}],"curies":[{"name":"wp","href":"https:\/\/api.w.org\/{rel}","templated":true}]}}